{"id":55676,"date":"2023-05-24T17:56:34","date_gmt":"2023-05-24T17:56:34","guid":{"rendered":"https:\/\/skinstudio.ee\/?post_type=product&#038;p=55676"},"modified":"2026-02-18T11:12:42","modified_gmt":"2026-02-18T11:12:42","slug":"youth-body-serum","status":"publish","type":"product","link":"https:\/\/skinstudio.ee\/lv\/catalog\/is-clinical-lv\/youth-body-serum\/","title":{"rendered":"Youth Body Serum"},"content":{"rendered":"<p data-start=\"3003\" data-end=\"3282\"><strong data-start=\"3003\" data-end=\"3039\">Youth Body Serum no iS CLINICAL\u00ae<\/strong> &#8211; atjaunojo\u0161s \u0137erme\u0146a serums ar patent\u0113to Extremozymes\u00ae tehnolo\u0123iju, kas paredz\u0113ts intens\u012bvai mitrin\u0101\u0161anai, antioksidantu aizsardz\u012bbai un \u0101das visp\u0101r\u0113j\u0101 st\u0101vok\u013ca uzlabo\u0161anai. \u012apa\u0161i viegl\u0101 spreja formula \u0101tri ies\u016bcas un neatst\u0101j lip\u012bgu saj\u016btu.<\/p>\n<p data-start=\"3284\" data-end=\"3520\">Akt\u012bvais komplekss pal\u012bdz uztur\u0113t mitruma l\u012bmeni, uzlabo \u0101das elast\u012bbu un aizsarg\u0101 pret apk\u0101rt\u0113j\u0101s vides stresoriem. Antioksidantu un augu ekstraktu kombin\u0101cija pal\u012bdz neitraliz\u0113t br\u012bvos radik\u0101\u013cus, uzlabo tekst\u016bru un padara \u0101du glud\u0101ku.<\/p>\n<p data-start=\"3522\" data-end=\"3631\">Extremozymes\u00ae tehnolo\u0123ija atbalsta dabiskos \u0101das atjauno\u0161an\u0101s procesus un pal\u012bdz saglab\u0101t vesel\u012bgu \u0101das toni.<\/p>\n<p data-start=\"3633\" data-end=\"3657\"><strong data-start=\"3633\" data-end=\"3657\">Akt\u012bv\u0101s sast\u0101vda\u013cas:<\/strong><\/p>\n<ul data-start=\"3659\" data-end=\"3964\">\n<li data-start=\"3659\" data-end=\"3812\">\n<p data-start=\"3661\" data-end=\"3812\"><strong data-start=\"3661\" data-end=\"3755\">Extremozymes\u00ae Technology (Watermelon Extract + Eriodictyon Californicum + Blue Microalgae)<\/strong> &#8211; antioksidantu aizsardz\u012bba un \u0161\u016bnu notur\u012bbas atbalsts<\/p>\n<\/li>\n<li data-start=\"3813\" data-end=\"3886\">\n<p data-start=\"3815\" data-end=\"3886\"><strong data-start=\"3815\" data-end=\"3837\">Sodium Hyaluronate<\/strong> &#8211; intens\u012bva mitrin\u0101\u0161ana un mitruma saglab\u0101\u0161ana<\/p>\n<\/li>\n<li data-start=\"3887\" data-end=\"3964\">\n<p data-start=\"3889\" data-end=\"3964\"><strong data-start=\"3889\" data-end=\"3915\">Panthenol (Vitamin B5)<\/strong> &#8211; atbalsta atjauno\u0161anos un stiprina \u0101das barjeru<\/p>\n<\/li>\n<\/ul>\n<p data-start=\"3966\" data-end=\"3993\"><strong data-start=\"3966\" data-end=\"3978\">Tilpums:<\/strong> 15 ml \/ 200 ml<\/p>\n","protected":false},"excerpt":{"rendered":"<p data-start=\"4074\" data-end=\"4129\">Atjaunojo\u0161s \u0137erme\u0146a serums<\/p>\n<h2 data-start=\"4131\" data-end=\"4174\"><strong data-start=\"4131\" data-end=\"4174\">\u012apa\u0161\u012bbas IS CLINICAL &#8211; Youth Body Serum<\/strong><\/h2>\n<p data-start=\"4176\" data-end=\"4368\">\u2714\ufe0f Intens\u012bvi mitrina un uzlabo komfortu<br data-start=\"4215\" data-end=\"4218\" \/>\u2714\ufe0f Nodro\u0161ina antioksidantu aizsardz\u012bbu \u0137ermenim<br data-start=\"4265\" data-end=\"4268\" \/>\u2714\ufe0f Uzlabo \u0101das gludumu un tekst\u016bru<br data-start=\"4302\" data-end=\"4305\" \/>\u2714\ufe0f \u0100tri ies\u016bcas bez lip\u012bguma<br data-start=\"4333\" data-end=\"4336\" \/>\u2714\ufe0f Piem\u0113rots ikdienas lieto\u0161anai<\/p>\n","protected":false},"featured_media":63239,"template":"","meta":[],"pwb-brand":[1179],"product_brand":[],"product_cat":[757,737,749,739,723,753],"product_tag":[],"giftcard-category":[],"class_list":{"0":"post-55676","1":"product","2":"type-product","3":"status-publish","4":"has-post-thumbnail","6":"pwb-brand-is-clinical-lv","7":"product_cat-kermena-kopsana","8":"product_cat-mitrinasana","9":"product_cat-novecojosa-ada","10":"product_cat-sausai-adai","11":"product_cat-serumi","12":"product_cat-travel-size-lv","13":"pa_suurus-15ml-lv","14":"pa_suurus-200ml-lv","16":"first","17":"instock","18":"taxable","19":"shipping-taxable","20":"purchasable","21":"product-type-variable"},"acf":[],"brands":[{"id":1179,"name":"IS CLINICAL","slug":"is-clinical-lv"}],"_links":{"self":[{"href":"https:\/\/skinstudio.ee\/lv\/wp-json\/wp\/v2\/product\/55676","targetHints":{"allow":["GET"]}}],"collection":[{"href":"https:\/\/skinstudio.ee\/lv\/wp-json\/wp\/v2\/product"}],"about":[{"href":"https:\/\/skinstudio.ee\/lv\/wp-json\/wp\/v2\/types\/product"}],"version-history":[{"count":1,"href":"https:\/\/skinstudio.ee\/lv\/wp-json\/wp\/v2\/product\/55676\/revisions"}],"predecessor-version":[{"id":81715,"href":"https:\/\/skinstudio.ee\/lv\/wp-json\/wp\/v2\/product\/55676\/revisions\/81715"}],"wp:featuredmedia":[{"embeddable":true,"href":"https:\/\/skinstudio.ee\/lv\/wp-json\/wp\/v2\/media\/63239"}],"wp:attachment":[{"href":"https:\/\/skinstudio.ee\/lv\/wp-json\/wp\/v2\/media?parent=55676"}],"wp:term":[{"taxonomy":"pwb-brand","embeddable":true,"href":"https:\/\/skinstudio.ee\/lv\/wp-json\/wp\/v2\/pwb-brand?post=55676"},{"taxonomy":"product_brand","embeddable":true,"href":"https:\/\/skinstudio.ee\/lv\/wp-json\/wp\/v2\/product_brand?post=55676"},{"taxonomy":"product_cat","embeddable":true,"href":"https:\/\/skinstudio.ee\/lv\/wp-json\/wp\/v2\/product_cat?post=55676"},{"taxonomy":"product_tag","embeddable":true,"href":"https:\/\/skinstudio.ee\/lv\/wp-json\/wp\/v2\/product_tag?post=55676"},{"taxonomy":"giftcard-category","embeddable":true,"href":"https:\/\/skinstudio.ee\/lv\/wp-json\/wp\/v2\/giftcard-category?post=55676"}],"curies":[{"name":"wp","href":"https:\/\/api.w.org\/{rel}","templated":true}]}}