{"id":55684,"date":"2023-05-24T17:56:34","date_gmt":"2023-05-24T17:56:34","guid":{"rendered":"https:\/\/skinstudio.ee\/?post_type=product&#038;p=55684"},"modified":"2026-03-19T12:19:32","modified_gmt":"2026-03-19T12:19:32","slug":"tri-active-exfoliating-masque","status":"publish","type":"product","link":"https:\/\/skinstudio.ee\/lv\/catalog\/is-clinical-lv\/tri-active-exfoliating-masque\/","title":{"rendered":"Tri-Active Exfoliating Masque"},"content":{"rendered":"<p data-start=\"169\" data-end=\"481\"><strong data-start=\"169\" data-end=\"217\">Tri-Active Exfoliating Masque no iS Clinical<\/strong> ir intens\u012bva daudzl\u012bme\u0146u iedarb\u012bbas eksfoli\u0113jo\u0161a maska-skrubis, kas paredz\u0113ta \u0101das atjauno\u0161anai, poru att\u012br\u012b\u0161anai un tekst\u016bras izl\u012bdzin\u0101\u0161anai. Formula apvieno meh\u0101nisko, enz\u012bmu un sk\u0101bju eksfoli\u0101ciju, nodro\u0161inot redzamu rezult\u0101tu jau p\u0113c pirm\u0101s lieto\u0161anas reizes.<\/p>\n<p data-start=\"483\" data-end=\"693\">Produkts efekt\u012bvi no\u0146em atmiru\u0161\u0101s \u0101das \u0161\u016bnas, pal\u012bdz att\u012br\u012bt poras un padara \u0101das virsmu glud\u0101ku un vienm\u0113r\u012bg\u0101ku. \u0100da k\u013c\u016bst svaig\u0101ka, maig\u0101ka un vizu\u0101li atjaunota, bet sejas tonis \u2014 vienm\u0113r\u012bg\u0101ks un starojo\u0161\u0101ks.<\/p>\n<p data-start=\"695\" data-end=\"908\">Maska pal\u012bdz ar\u012b samazin\u0101t bl\u0101vumu, padara \u0101du kopt\u0101ku un nodro\u0161ina t\u012br\u012bbas un komforta saj\u016btu. Regul\u0101ri lietojot, \u0101da izskat\u0101s glud\u0101ka, vienm\u0113r\u012bg\u0101ka un starojo\u0161\u0101ka, un t\u0101s kop\u0113jais st\u0101voklis iev\u0113rojami uzlabojas.<\/p>\n<p data-start=\"910\" data-end=\"942\"><strong data-start=\"910\" data-end=\"942\">Akt\u012bvo komponentu iedarb\u012bba:<\/strong><\/p>\n<ul data-start=\"944\" data-end=\"1231\">\n<li data-section-id=\"1va25xv\" data-start=\"944\" data-end=\"1019\">\n<p data-start=\"946\" data-end=\"1019\"><strong data-start=\"946\" data-end=\"963\">Papaya enz\u012bmi<\/strong>: \u0161\u0137\u012bdina atmiru\u0161\u0101s \u0101das \u0161\u016bnas un veicina atjauno\u0161anos<\/p>\n<\/li>\n<li data-section-id=\"1lm6v5m\" data-start=\"1020\" data-end=\"1076\">\n<p data-start=\"1022\" data-end=\"1076\"><strong data-start=\"1022\" data-end=\"1038\">Salicilsk\u0101be<\/strong>: att\u012bra poras un samazina net\u012brumus<\/p>\n<\/li>\n<li data-section-id=\"o9wv9x\" data-start=\"1077\" data-end=\"1156\">\n<p data-start=\"1079\" data-end=\"1156\"><strong data-start=\"1079\" data-end=\"1105\">Brazilian Blood Orange<\/strong>: nodro\u0161ina antioksidantu aizsardz\u012bbu un svaigumu<\/p>\n<\/li>\n<li data-section-id=\"odykat\" data-start=\"1157\" data-end=\"1231\">\n<p data-start=\"1159\" data-end=\"1231\"><strong data-start=\"1159\" data-end=\"1173\">Copper PCA<\/strong>: l\u012bdzsvaro sebuma izdal\u012b\u0161anos un atbalsta \u0101das tvirtumu<\/p>\n<\/li>\n<\/ul>\n<p data-start=\"1233\" data-end=\"1326\"><strong data-start=\"1233\" data-end=\"1281\">Kam piem\u0113rots Tri-Active Exfoliating Masque:<\/strong> visiem \u0101das tipiem, iz\u0146emot \u013coti jut\u012bgu \u0101du.<\/p>\n<p data-start=\"1328\" data-end=\"1346\"><strong data-start=\"1328\" data-end=\"1340\">Tilpums:<\/strong> 120 g<\/p>\n","protected":false},"excerpt":{"rendered":"<p data-start=\"1557\" data-end=\"1578\">P\u012blinga maska-skrubis<\/p>\n<h2 data-start=\"1580\" data-end=\"1636\"><strong data-start=\"1580\" data-end=\"1636\">\u012apa\u0161\u012bbas IS CLINICAL &#8211; Tri-Active Exfoliating Masque<\/strong><\/h2>\n<p data-start=\"1638\" data-end=\"1824\">\u2714\ufe0f Uzreiz atjauno un atsvaidzina \u0101du<br data-start=\"1674\" data-end=\"1677\" \/>\u2714\ufe0f Padara \u0101du man\u0101mi glud\u0101ku<br data-start=\"1705\" data-end=\"1708\" \/>\u2714\ufe0f Att\u012bra poras un samazina net\u012brumus<br data-start=\"1745\" data-end=\"1748\" \/>\u2714\ufe0f Izl\u012bdzina toni un pie\u0161\u0137ir mirdzumu<br data-start=\"1785\" data-end=\"1788\" \/>\u2714\ufe0f M\u012bkstina un uzlabo \u0101das izskatu<\/p>\n","protected":false},"featured_media":63369,"template":"","meta":[],"pwb-brand":[1179],"product_brand":[],"product_cat":[741,745,725,749,743,751,739,719,747],"product_tag":[],"giftcard-category":[],"class_list":{"0":"post-55684","1":"product","2":"type-product","3":"status-publish","4":"has-post-thumbnail","6":"pwb-brand-is-clinical-lv","7":"product_cat-izsitumi","8":"product_cat-jutigai-adai","9":"product_cat-maskas","10":"product_cat-novecojosa-ada","11":"product_cat-paplasinatas-poras","12":"product_cat-pigmentacija-lv","13":"product_cat-sausai-adai","14":"product_cat-skrubji-un-pilingi","15":"product_cat-taukainai-adai","17":"first","18":"instock","19":"taxable","20":"shipping-taxable","21":"purchasable","22":"product-type-simple"},"acf":[],"brands":[{"id":1179,"name":"IS CLINICAL","slug":"is-clinical-lv"}],"_links":{"self":[{"href":"https:\/\/skinstudio.ee\/lv\/wp-json\/wp\/v2\/product\/55684","targetHints":{"allow":["GET"]}}],"collection":[{"href":"https:\/\/skinstudio.ee\/lv\/wp-json\/wp\/v2\/product"}],"about":[{"href":"https:\/\/skinstudio.ee\/lv\/wp-json\/wp\/v2\/types\/product"}],"version-history":[{"count":1,"href":"https:\/\/skinstudio.ee\/lv\/wp-json\/wp\/v2\/product\/55684\/revisions"}],"predecessor-version":[{"id":86919,"href":"https:\/\/skinstudio.ee\/lv\/wp-json\/wp\/v2\/product\/55684\/revisions\/86919"}],"wp:featuredmedia":[{"embeddable":true,"href":"https:\/\/skinstudio.ee\/lv\/wp-json\/wp\/v2\/media\/63369"}],"wp:attachment":[{"href":"https:\/\/skinstudio.ee\/lv\/wp-json\/wp\/v2\/media?parent=55684"}],"wp:term":[{"taxonomy":"pwb-brand","embeddable":true,"href":"https:\/\/skinstudio.ee\/lv\/wp-json\/wp\/v2\/pwb-brand?post=55684"},{"taxonomy":"product_brand","embeddable":true,"href":"https:\/\/skinstudio.ee\/lv\/wp-json\/wp\/v2\/product_brand?post=55684"},{"taxonomy":"product_cat","embeddable":true,"href":"https:\/\/skinstudio.ee\/lv\/wp-json\/wp\/v2\/product_cat?post=55684"},{"taxonomy":"product_tag","embeddable":true,"href":"https:\/\/skinstudio.ee\/lv\/wp-json\/wp\/v2\/product_tag?post=55684"},{"taxonomy":"giftcard-category","embeddable":true,"href":"https:\/\/skinstudio.ee\/lv\/wp-json\/wp\/v2\/giftcard-category?post=55684"}],"curies":[{"name":"wp","href":"https:\/\/api.w.org\/{rel}","templated":true}]}}