{"id":55690,"date":"2023-05-24T17:56:34","date_gmt":"2023-05-24T17:56:34","guid":{"rendered":"https:\/\/skinstudio.ee\/?post_type=product&#038;p=55690"},"modified":"2026-03-19T12:03:43","modified_gmt":"2026-03-19T12:03:43","slug":"lip-polish","status":"publish","type":"product","link":"https:\/\/skinstudio.ee\/lv\/catalog\/is-clinical-lv\/lip-polish\/","title":{"rendered":"Lip Polish"},"content":{"rendered":"<p data-start=\"83\" data-end=\"345\"><strong data-start=\"83\" data-end=\"112\">Lip Polish no iS Clinical<\/strong> &#8211; ir maigs un efekt\u012bvs l\u016bpu skrubis, kas apvieno delik\u0101tu eksfoli\u0101ciju ar intens\u012bvu kop\u0161anu. Formula ar antioksidantiem un barojo\u0161\u0101m e\u013c\u013c\u0101m ir paredz\u0113ta l\u016bpu \u0101das atjauno\u0161anai, tekst\u016bras uzlabo\u0161anai un dabisk\u0101 maiguma atjauno\u0161anai.<\/p>\n<p data-start=\"347\" data-end=\"519\">Skrubis pal\u012bdz no\u0146emt atmiru\u0161\u0101s \u0101das \u0161\u016bnas, padarot l\u016bpu virsmu glud\u0101ku un vienm\u0113r\u012bg\u0101ku. Jau p\u0113c pirm\u0101s lieto\u0161anas reizes l\u016bpas k\u013c\u016bst m\u012bkst\u0101kas, mitrin\u0101t\u0101kas un kopt\u0101kas.<\/p>\n<p data-start=\"521\" data-end=\"726\">Formula ir bag\u0101tin\u0101ta ar vitam\u012bniem C un E, k\u0101 ar\u012b augu e\u013c\u013c\u0101m, kas baro un aizsarg\u0101 l\u016bpu \u0101du, uzturot komfortu un nov\u0113r\u0161ot sausumu. Regul\u0101ra lieto\u0161ana pal\u012bdz saglab\u0101t l\u016bpas gludas, m\u012bkstas un starojo\u0161as.<\/p>\n<p data-start=\"728\" data-end=\"762\"><strong data-start=\"728\" data-end=\"760\">Akt\u012bvo sast\u0101vda\u013cu iedarb\u012bba:<\/strong><\/p>\n<ul data-start=\"763\" data-end=\"1012\">\n<li data-section-id=\"l1jqrj\" data-start=\"763\" data-end=\"807\">\n<p data-start=\"765\" data-end=\"807\"><strong data-start=\"765\" data-end=\"781\">Cocoa Butter<\/strong>: baro un m\u012bkstina l\u016bpas<\/p>\n<\/li>\n<li data-section-id=\"1d5a7nr\" data-start=\"808\" data-end=\"866\">\n<p data-start=\"810\" data-end=\"866\"><strong data-start=\"810\" data-end=\"819\">Sugar<\/strong>: nodro\u0161ina maigu eksfoli\u0101ciju un atjauno\u0161anu<\/p>\n<\/li>\n<li data-section-id=\"a6w3ka\" data-start=\"867\" data-end=\"946\">\n<p data-start=\"869\" data-end=\"946\"><strong data-start=\"869\" data-end=\"882\">Vitamin C<\/strong>: pal\u012bdz aizsarg\u0101t no \u0101r\u0113jiem faktoriem un uzlabo l\u016bpu izskatu<\/p>\n<\/li>\n<li data-section-id=\"bdnech\" data-start=\"947\" data-end=\"1012\">\n<p data-start=\"949\" data-end=\"1012\"><strong data-start=\"949\" data-end=\"962\">Vitamin E<\/strong>: mitrina un nodro\u0161ina antioksidantu aizsardz\u012bbu<\/p>\n<\/li>\n<\/ul>\n<p data-start=\"1014\" data-end=\"1102\"><strong data-start=\"1014\" data-end=\"1042\">Kam piem\u0113rots Lip Polish<\/strong>: visiem l\u016bpu tipiem, \u012bpa\u0161i sausuma un lob\u012b\u0161an\u0101s gad\u012bjum\u0101.<\/p>\n<p data-start=\"1104\" data-end=\"1123\"><strong data-start=\"1104\" data-end=\"1121\">Tilpums: 15 g<\/strong><\/p>\n","protected":false},"excerpt":{"rendered":"<p data-start=\"1293\" data-end=\"1307\">L\u016bpu skrubis<\/p>\n<h2 data-start=\"1309\" data-end=\"1346\"><strong data-start=\"1309\" data-end=\"1346\">\u012apa\u0161\u012bbas iS Clinical &#8211; Lip Polish<\/strong><\/h2>\n<p data-start=\"1348\" data-end=\"1549\">\u2714\ufe0f Maigi eksfoli\u0113 un atjauno l\u016bpu \u0101du<br data-start=\"1385\" data-end=\"1388\" \/>\u2714\ufe0f Padara l\u016bpas glud\u0101kas un kopt\u0101kas<br data-start=\"1424\" data-end=\"1427\" \/>\u2714\ufe0f Sagatavo l\u016bpas dekorat\u012bv\u0101s kosm\u0113tikas uzkl\u0101\u0161anai<br data-start=\"1478\" data-end=\"1481\" \/>\u2714\ufe0f Baro un aizsarg\u0101 l\u016bpas<br data-start=\"1506\" data-end=\"1509\" \/>\u2714\ufe0f Pie\u0161\u0137ir maigumu un dabisku mirdzumu<\/p>\n","protected":false},"featured_media":86614,"template":"","meta":[],"pwb-brand":[1179],"product_brand":[],"product_cat":[759,749,719],"product_tag":[],"giftcard-category":[],"class_list":{"0":"post-55690","1":"product","2":"type-product","3":"status-publish","4":"has-post-thumbnail","6":"pwb-brand-is-clinical-lv","7":"product_cat-lupu-kopsana","8":"product_cat-novecojosa-ada","9":"product_cat-skrubji-un-pilingi","11":"first","12":"instock","13":"taxable","14":"shipping-taxable","15":"purchasable","16":"product-type-simple"},"acf":[],"brands":[{"id":1179,"name":"IS CLINICAL","slug":"is-clinical-lv"}],"_links":{"self":[{"href":"https:\/\/skinstudio.ee\/lv\/wp-json\/wp\/v2\/product\/55690","targetHints":{"allow":["GET"]}}],"collection":[{"href":"https:\/\/skinstudio.ee\/lv\/wp-json\/wp\/v2\/product"}],"about":[{"href":"https:\/\/skinstudio.ee\/lv\/wp-json\/wp\/v2\/types\/product"}],"version-history":[{"count":1,"href":"https:\/\/skinstudio.ee\/lv\/wp-json\/wp\/v2\/product\/55690\/revisions"}],"predecessor-version":[{"id":86912,"href":"https:\/\/skinstudio.ee\/lv\/wp-json\/wp\/v2\/product\/55690\/revisions\/86912"}],"wp:featuredmedia":[{"embeddable":true,"href":"https:\/\/skinstudio.ee\/lv\/wp-json\/wp\/v2\/media\/86614"}],"wp:attachment":[{"href":"https:\/\/skinstudio.ee\/lv\/wp-json\/wp\/v2\/media?parent=55690"}],"wp:term":[{"taxonomy":"pwb-brand","embeddable":true,"href":"https:\/\/skinstudio.ee\/lv\/wp-json\/wp\/v2\/pwb-brand?post=55690"},{"taxonomy":"product_brand","embeddable":true,"href":"https:\/\/skinstudio.ee\/lv\/wp-json\/wp\/v2\/product_brand?post=55690"},{"taxonomy":"product_cat","embeddable":true,"href":"https:\/\/skinstudio.ee\/lv\/wp-json\/wp\/v2\/product_cat?post=55690"},{"taxonomy":"product_tag","embeddable":true,"href":"https:\/\/skinstudio.ee\/lv\/wp-json\/wp\/v2\/product_tag?post=55690"},{"taxonomy":"giftcard-category","embeddable":true,"href":"https:\/\/skinstudio.ee\/lv\/wp-json\/wp\/v2\/giftcard-category?post=55690"}],"curies":[{"name":"wp","href":"https:\/\/api.w.org\/{rel}","templated":true}]}}