{"id":55698,"date":"2023-05-24T17:56:27","date_gmt":"2023-05-24T17:56:27","guid":{"rendered":"https:\/\/skinstudio.ee\/?post_type=product&#038;p=55698"},"modified":"2026-03-19T12:32:58","modified_gmt":"2026-03-19T12:32:58","slug":"pro-heal-serum-advance","status":"publish","type":"product","link":"https:\/\/skinstudio.ee\/lv\/catalog\/is-clinical-lv\/pro-heal-serum-advance\/","title":{"rendered":"Pro-Heal Serum Advance+"},"content":{"rendered":"<p data-start=\"132\" data-end=\"468\"><strong data-start=\"132\" data-end=\"174\">Pro-Heal Serum Advance+ no iS Clinical<\/strong> ir augstas efektivit\u0101tes antioksidantu serums ar atjaunojo\u0161u iedarb\u012bbu, kas paredz\u0113ts jut\u012bgas, reakt\u012bvas un novecojo\u0161as \u0101das atbalstam. Formula apvieno uzlabotu L-askorb\u012bnsk\u0101bes (C vitam\u012bna) formu, vitam\u012bnus A un E un ol\u012bvu lapu ekstraktu, nodro\u0161inot visaptvero\u0161u \u0101das aizsardz\u012bbu un atbalstu.<\/p>\n<p data-start=\"470\" data-end=\"663\">Serums pal\u012bdz samazin\u0101t \u0101das reaktivit\u0101ti, mazin\u0101t aps\u0101rtumu un atbalsta \u0101das atjauno\u0161an\u0101s procesus. Tas uzlabo \u0101das kop\u0113jo izskatu, padarot to mier\u012bg\u0101ku, l\u012bdzsvarot\u0101ku un vizu\u0101li vienm\u0113r\u012bg\u0101ku.<\/p>\n<p data-start=\"665\" data-end=\"854\">Formula pal\u012bdz aizsarg\u0101t \u0101du no \u0101r\u0113jiem vides faktoriem un uztur t\u0101s vesel\u012bgu izskatu. Regul\u0101ri lietojot, \u0101da izskat\u0101s glud\u0101ka, svaig\u0101ka un kopt\u0101ka, bet sejas tonis \u2014 t\u012br\u0101ks un starojo\u0161\u0101ks.<\/p>\n<p data-start=\"856\" data-end=\"888\"><strong data-start=\"856\" data-end=\"888\">Akt\u012bvo komponentu iedarb\u012bba:<\/strong><\/p>\n<ul data-start=\"890\" data-end=\"1237\">\n<li data-section-id=\"1gxdhge\" data-start=\"890\" data-end=\"1010\">\n<p data-start=\"892\" data-end=\"1010\"><strong data-start=\"892\" data-end=\"932\">ADVANCE+ Vitamin C (L-askorb\u012bnsk\u0101be)<\/strong>: nodro\u0161ina sp\u0113c\u012bgu antioksidantu aizsardz\u012bbu un pal\u012bdz izl\u012bdzin\u0101t \u0101das toni<\/p>\n<\/li>\n<li data-section-id=\"8vi0yw\" data-start=\"1011\" data-end=\"1094\">\n<p data-start=\"1013\" data-end=\"1094\"><strong data-start=\"1013\" data-end=\"1037\">Ol\u012bvu lapu ekstrakts<\/strong>: samazina \u0101das nepiln\u012bbu izskatu un atbalsta l\u012bdzsvaru<\/p>\n<\/li>\n<li data-section-id=\"1c7hnrr\" data-start=\"1095\" data-end=\"1159\">\n<p data-start=\"1097\" data-end=\"1159\"><strong data-start=\"1097\" data-end=\"1111\">Vitam\u012bns A<\/strong>: uzlabo \u0101das tekst\u016bru un veicina atjauno\u0161anos<\/p>\n<\/li>\n<li data-section-id=\"1o59jk4\" data-start=\"1160\" data-end=\"1237\">\n<p data-start=\"1162\" data-end=\"1237\"><strong data-start=\"1162\" data-end=\"1176\">Vitam\u012bns E<\/strong>: baro \u0101du un pastiprina aizsardz\u012bbu pret \u0101r\u0113jiem faktoriem<\/p>\n<\/li>\n<\/ul>\n<p data-start=\"1239\" data-end=\"1375\"><strong data-start=\"1239\" data-end=\"1281\">Kam piem\u0113rots Pro-Heal Serum Advance+:<\/strong> visiem \u0101das tipiem, \u012bpa\u0161i jut\u012bgai, problem\u0101tiskai, uz aps\u0101rtumu tend\u0113tai un novecojo\u0161ai \u0101dai.<\/p>\n<p data-start=\"1377\" data-end=\"1413\"><strong data-start=\"1377\" data-end=\"1389\">Tilpums:<\/strong> 3,75 ml \/ 15 ml \/ 30 ml<\/p>\n","protected":false},"excerpt":{"rendered":"<p data-start=\"1596\" data-end=\"1614\">Atjaunojo\u0161s serums<\/p>\n<h2 data-start=\"1616\" data-end=\"1666\"><strong data-start=\"1616\" data-end=\"1666\">\u012apa\u0161\u012bbas IS CLINICAL &#8211; Pro-Heal Serum Advance+<\/strong><\/h2>\n<p data-start=\"1668\" data-end=\"1870\">\u2714\ufe0f Nodro\u0161ina sp\u0113c\u012bgu antioksidantu aizsardz\u012bbu<br data-start=\"1714\" data-end=\"1717\" \/>\u2714\ufe0f Nomierina un mazina \u0101das reaktivit\u0101ti<br data-start=\"1757\" data-end=\"1760\" \/>\u2714\ufe0f Uzlabo \u0101das t\u012br\u012bbu un l\u012bdzsvaru<br data-start=\"1794\" data-end=\"1797\" \/>\u2714\ufe0f Izl\u012bdzina \u0101das tekst\u016bru<br data-start=\"1823\" data-end=\"1826\" \/>\u2714\ufe0f Pie\u0161\u0137ir svaig\u0101ku un starojo\u0161\u0101ku izskatu<\/p>\n","protected":false},"featured_media":63374,"template":"","meta":[],"pwb-brand":[1179],"product_brand":[],"product_cat":[727,729,741,745,749,751,739,723,747],"product_tag":[],"giftcard-category":[],"class_list":{"0":"post-55698","1":"product","2":"type-product","3":"status-publish","4":"has-post-thumbnail","6":"pwb-brand-is-clinical-lv","7":"product_cat-a-vitamins-retinols","8":"product_cat-c-vitamins","9":"product_cat-izsitumi","10":"product_cat-jutigai-adai","11":"product_cat-novecojosa-ada","12":"product_cat-pigmentacija-lv","13":"product_cat-sausai-adai","14":"product_cat-serumi","15":"product_cat-taukainai-adai","16":"pa_suurus-15ml-lv","17":"pa_suurus-375-ml-lv","18":"pa_suurus-30ml-lv","20":"first","21":"instock","22":"taxable","23":"shipping-taxable","24":"purchasable","25":"product-type-variable"},"acf":[],"brands":[{"id":1179,"name":"IS CLINICAL","slug":"is-clinical-lv"}],"_links":{"self":[{"href":"https:\/\/skinstudio.ee\/lv\/wp-json\/wp\/v2\/product\/55698","targetHints":{"allow":["GET"]}}],"collection":[{"href":"https:\/\/skinstudio.ee\/lv\/wp-json\/wp\/v2\/product"}],"about":[{"href":"https:\/\/skinstudio.ee\/lv\/wp-json\/wp\/v2\/types\/product"}],"version-history":[{"count":1,"href":"https:\/\/skinstudio.ee\/lv\/wp-json\/wp\/v2\/product\/55698\/revisions"}],"predecessor-version":[{"id":86936,"href":"https:\/\/skinstudio.ee\/lv\/wp-json\/wp\/v2\/product\/55698\/revisions\/86936"}],"wp:featuredmedia":[{"embeddable":true,"href":"https:\/\/skinstudio.ee\/lv\/wp-json\/wp\/v2\/media\/63374"}],"wp:attachment":[{"href":"https:\/\/skinstudio.ee\/lv\/wp-json\/wp\/v2\/media?parent=55698"}],"wp:term":[{"taxonomy":"pwb-brand","embeddable":true,"href":"https:\/\/skinstudio.ee\/lv\/wp-json\/wp\/v2\/pwb-brand?post=55698"},{"taxonomy":"product_brand","embeddable":true,"href":"https:\/\/skinstudio.ee\/lv\/wp-json\/wp\/v2\/product_brand?post=55698"},{"taxonomy":"product_cat","embeddable":true,"href":"https:\/\/skinstudio.ee\/lv\/wp-json\/wp\/v2\/product_cat?post=55698"},{"taxonomy":"product_tag","embeddable":true,"href":"https:\/\/skinstudio.ee\/lv\/wp-json\/wp\/v2\/product_tag?post=55698"},{"taxonomy":"giftcard-category","embeddable":true,"href":"https:\/\/skinstudio.ee\/lv\/wp-json\/wp\/v2\/giftcard-category?post=55698"}],"curies":[{"name":"wp","href":"https:\/\/api.w.org\/{rel}","templated":true}]}}