{"id":55710,"date":"2023-05-24T17:56:27","date_gmt":"2023-05-24T17:56:27","guid":{"rendered":"https:\/\/skinstudio.ee\/?post_type=product&#038;p=55710"},"modified":"2026-03-19T12:36:25","modified_gmt":"2026-03-19T12:36:25","slug":"super-serum-advance","status":"publish","type":"product","link":"https:\/\/skinstudio.ee\/lv\/catalog\/is-clinical\/super-serum-advance\/","title":{"rendered":"Super Serum Advance+"},"content":{"rendered":"<p data-start=\"120\" data-end=\"466\"><strong data-start=\"120\" data-end=\"159\">Super Serum Advance+ no iS Clinical<\/strong> ir kl\u012bniski uzlabots antioksidantu serums ar izteiktu pretnoveco\u0161an\u0101s efektu, kas paredz\u0113ts \u0101das kvalit\u0101tes uzlabo\u0161anai, to\u0146a izl\u012bdzin\u0101\u0161anai un tvirtuma atbalstam. Formula apvieno stabiliz\u0113tu L-askorb\u012bnsk\u0101bi un Copper Tripeptide-1, pastiprinot atjaunojo\u0161o iedarb\u012bbu un atbalstot \u0101das atjauno\u0161an\u0101s procesus.<\/p>\n<p data-start=\"468\" data-end=\"661\">Serums pal\u012bdz uzlabot \u0101das kop\u0113jo izskatu, padarot to glud\u0101ku, vienm\u0113r\u012bg\u0101ku un vizu\u0101li tvirt\u0101ku. Tas pal\u012bdz samazin\u0101t grumbu redzam\u012bbu un atbalsta \u0101das elast\u012bbu, vienlaikus uzlabojot \u0101das toni.<\/p>\n<p data-start=\"663\" data-end=\"882\">Formula ir bag\u0101tin\u0101ta ar augu antioksidantiem, kas veicina t\u012br\u0101ku un starojo\u0161\u0101ku sejas toni, pal\u012bdzot samazin\u0101t pigment\u0101cijas un nevienm\u0113r\u012bga to\u0146a izpausmes. Regul\u0101ri lietojot, \u0101da izskat\u0101s svaig\u0101ka, glud\u0101ka un kopt\u0101ka.<\/p>\n<p data-start=\"884\" data-end=\"916\"><strong data-start=\"884\" data-end=\"916\">Akt\u012bvo komponentu iedarb\u012bba:<\/strong><\/p>\n<ul data-start=\"918\" data-end=\"1276\">\n<li data-section-id=\"1gxdhge\" data-start=\"918\" data-end=\"1038\">\n<p data-start=\"920\" data-end=\"1038\"><strong data-start=\"920\" data-end=\"960\">ADVANCE+ Vitamin C (L-askorb\u012bnsk\u0101be)<\/strong>: nodro\u0161ina sp\u0113c\u012bgu antioksidantu aizsardz\u012bbu un pal\u012bdz izl\u012bdzin\u0101t \u0101das toni<\/p>\n<\/li>\n<li data-section-id=\"ldtq7w\" data-start=\"1039\" data-end=\"1125\">\n<p data-start=\"1041\" data-end=\"1125\"><strong data-start=\"1041\" data-end=\"1064\">Copper Tripeptide-1<\/strong>: atbalsta \u0101das tvirtumu un pal\u012bdz samazin\u0101t grumbu izskatu<\/p>\n<\/li>\n<li data-section-id=\"kqkqgj\" data-start=\"1126\" data-end=\"1201\">\n<p data-start=\"1128\" data-end=\"1201\"><strong data-start=\"1128\" data-end=\"1149\">Centella Asiatica<\/strong>: nodro\u0161ina antioksidantu un atjaunojo\u0161u iedarb\u012bbu<\/p>\n<\/li>\n<li data-section-id=\"17v5rje\" data-start=\"1202\" data-end=\"1276\">\n<p data-start=\"1204\" data-end=\"1276\"><strong data-start=\"1204\" data-end=\"1224\">Mushroom Extract<\/strong>: pal\u012bdz padar\u012bt \u0101du gai\u0161\u0101ku un uzlabo t\u0101s izskatu<\/p>\n<\/li>\n<\/ul>\n<p data-start=\"1278\" data-end=\"1400\"><strong data-start=\"1278\" data-end=\"1317\">Kam piem\u0113rots Super Serum Advance+:<\/strong> visiem \u0101das tipiem, tostarp nobriedu\u0161ai, jut\u012bgai un uz pigment\u0101ciju tend\u0113tai \u0101dai.<\/p>\n<p data-start=\"1402\" data-end=\"1438\"><strong data-start=\"1402\" data-end=\"1414\">Tilpums:<\/strong> 3,75 ml \/ 15 ml \/ 30 ml<\/p>\n","protected":false},"excerpt":{"rendered":"<p data-start=\"1621\" data-end=\"1655\">Antioksidantu serums ar C vitam\u012bnu<\/p>\n<h2 data-start=\"1657\" data-end=\"1704\"><strong data-start=\"1657\" data-end=\"1704\">\u012apa\u0161\u012bbas IS CLINICAL &#8211; Super Serum Advance+<\/strong><\/h2>\n<p data-start=\"1706\" data-end=\"1913\">\u2714\ufe0f Nodro\u0161ina sp\u0113c\u012bgu antioksidantu aizsardz\u012bbu<br data-start=\"1752\" data-end=\"1755\" \/>\u2714\ufe0f Atbalsta \u0101das tvirtumu un bl\u012bvumu<br data-start=\"1791\" data-end=\"1794\" \/>\u2714\ufe0f Pal\u012bdz samazin\u0101t grumbu redzam\u012bbu<br data-start=\"1830\" data-end=\"1833\" \/>\u2714\ufe0f Izl\u012bdzina toni un padara \u0101du gai\u0161\u0101ku<br data-start=\"1872\" data-end=\"1875\" \/>\u2714\ufe0f Padara \u0101du glud\u0101ku un starojo\u0161\u0101ku<\/p>\n","protected":false},"featured_media":55711,"template":"","meta":[],"pwb-brand":[1179],"product_brand":[],"product_cat":[729,741,745,737,749,743,751,739,723,747],"product_tag":[],"giftcard-category":[],"class_list":{"0":"post-55710","1":"product","2":"type-product","3":"status-publish","4":"has-post-thumbnail","6":"pwb-brand-is-clinical","7":"product_cat-c-vitamins","8":"product_cat-izsitumi","9":"product_cat-jutigai-adai","10":"product_cat-mitrinasana","11":"product_cat-novecojosa-ada","12":"product_cat-paplasinatas-poras","13":"product_cat-pigmentacija-lv","14":"product_cat-sausai-adai","15":"product_cat-serumi","16":"product_cat-taukainai-adai","17":"pa_suurus-15ml-lv","18":"pa_suurus-375ml-lv","19":"pa_suurus-30ml-lv","21":"first","22":"instock","23":"taxable","24":"shipping-taxable","25":"purchasable","26":"product-type-variable"},"acf":[],"brands":[{"id":1179,"name":"IS CLINICAL","slug":"is-clinical"}],"_links":{"self":[{"href":"https:\/\/skinstudio.ee\/lv\/wp-json\/wp\/v2\/product\/55710","targetHints":{"allow":["GET"]}}],"collection":[{"href":"https:\/\/skinstudio.ee\/lv\/wp-json\/wp\/v2\/product"}],"about":[{"href":"https:\/\/skinstudio.ee\/lv\/wp-json\/wp\/v2\/types\/product"}],"version-history":[{"count":1,"href":"https:\/\/skinstudio.ee\/lv\/wp-json\/wp\/v2\/product\/55710\/revisions"}],"predecessor-version":[{"id":86941,"href":"https:\/\/skinstudio.ee\/lv\/wp-json\/wp\/v2\/product\/55710\/revisions\/86941"}],"wp:featuredmedia":[{"embeddable":true,"href":"https:\/\/skinstudio.ee\/lv\/wp-json\/wp\/v2\/media\/55711"}],"wp:attachment":[{"href":"https:\/\/skinstudio.ee\/lv\/wp-json\/wp\/v2\/media?parent=55710"}],"wp:term":[{"taxonomy":"pwb-brand","embeddable":true,"href":"https:\/\/skinstudio.ee\/lv\/wp-json\/wp\/v2\/pwb-brand?post=55710"},{"taxonomy":"product_brand","embeddable":true,"href":"https:\/\/skinstudio.ee\/lv\/wp-json\/wp\/v2\/product_brand?post=55710"},{"taxonomy":"product_cat","embeddable":true,"href":"https:\/\/skinstudio.ee\/lv\/wp-json\/wp\/v2\/product_cat?post=55710"},{"taxonomy":"product_tag","embeddable":true,"href":"https:\/\/skinstudio.ee\/lv\/wp-json\/wp\/v2\/product_tag?post=55710"},{"taxonomy":"giftcard-category","embeddable":true,"href":"https:\/\/skinstudio.ee\/lv\/wp-json\/wp\/v2\/giftcard-category?post=55710"}],"curies":[{"name":"wp","href":"https:\/\/api.w.org\/{rel}","templated":true}]}}