{"id":55722,"date":"2023-05-24T17:56:27","date_gmt":"2023-05-24T17:56:27","guid":{"rendered":"https:\/\/skinstudio.ee\/?post_type=product&#038;p=55722"},"modified":"2026-03-19T12:40:23","modified_gmt":"2026-03-19T12:40:23","slug":"poly-vitamin-serum","status":"publish","type":"product","link":"https:\/\/skinstudio.ee\/lv\/catalog\/is-clinical-lv\/poly-vitamin-serum\/","title":{"rendered":"Poly-Vitamin Serum"},"content":{"rendered":"<p data-start=\"3321\" data-end=\"3592\"><strong data-start=\"3321\" data-end=\"3358\">Poly-Vitamin Serum no iS Clinical<\/strong> ir intens\u012bvs atjaunojo\u0161s serums, kas paredz\u0113ts \u0101das visp\u0101r\u0113j\u0101 st\u0101vok\u013ca uzlabo\u0161anai, to\u0146a izl\u012bdzin\u0101\u0161anai un vesel\u012bga izskata uztur\u0113\u0161anai. Formula apvieno vitam\u012bnus, bionutri\u0113tus un antioksidantus, nodro\u0161inot visaptvero\u0161u \u0101das kop\u0161anu.<\/p>\n<p data-start=\"3594\" data-end=\"3789\">Serums pal\u012bdz uzlabot \u0101das tekst\u016bru, padarot to glud\u0101ku un vienm\u0113r\u012bg\u0101ku, k\u0101 ar\u012b veicina l\u012bdzsvarotu \u0101das toni. Tas atbalsta atjauno\u0161an\u0101s procesus, pal\u012bdzot \u0101dai izskat\u012bties svaig\u0101kai un kopt\u0101kai.<\/p>\n<p data-start=\"3791\" data-end=\"3970\">Formula nodro\u0161ina dzi\u013cu mitrin\u0101\u0161anu, mazina sausuma saj\u016btu un pal\u012bdz uztur\u0113t \u0101das integrit\u0101ti un l\u012bdzsvaru. Regul\u0101ri lietojot, \u0101da k\u013c\u016bst maig\u0101ka, elast\u012bg\u0101ka un vizu\u0101li vesel\u012bg\u0101ka.<\/p>\n<p data-start=\"3972\" data-end=\"4004\"><strong data-start=\"3972\" data-end=\"4004\">Akt\u012bvo komponentu iedarb\u012bba:<\/strong><\/p>\n<ul data-start=\"4006\" data-end=\"4278\">\n<li data-section-id=\"1i1x93i\" data-start=\"4006\" data-end=\"4073\">\n<p data-start=\"4008\" data-end=\"4073\"><strong data-start=\"4008\" data-end=\"4025\">Hialuronsk\u0101be<\/strong>: intens\u012bvi mitrina un pal\u012bdz saglab\u0101t mitrumu<\/p>\n<\/li>\n<li data-section-id=\"15mq31h\" data-start=\"4074\" data-end=\"4136\">\n<p data-start=\"4076\" data-end=\"4136\"><strong data-start=\"4076\" data-end=\"4103\">Sugarcane Extract (AHA)<\/strong>: maigi eksfoli\u0113 un atjauno \u0101du<\/p>\n<\/li>\n<li data-section-id=\"1ukwf6c\" data-start=\"4137\" data-end=\"4202\">\n<p data-start=\"4139\" data-end=\"4202\"><strong data-start=\"4139\" data-end=\"4153\">Vitam\u012bns A<\/strong>: atbalsta \u0101das atjauno\u0161anos un uzlabo tekst\u016bru<\/p>\n<\/li>\n<li data-section-id=\"1xs1tqe\" data-start=\"4203\" data-end=\"4278\">\n<p data-start=\"4205\" data-end=\"4278\"><strong data-start=\"4205\" data-end=\"4233\">Vitam\u012bns B (Niacinam\u012bds)<\/strong>: pal\u012bdz uzlabot \u0101das st\u0101vokli un l\u012bdzsvaru<\/p>\n<\/li>\n<\/ul>\n<p data-start=\"4280\" data-end=\"4377\"><strong data-start=\"4280\" data-end=\"4317\">Kam piem\u0113rots Poly-Vitamin Serum:<\/strong> visiem \u0101das tipiem, \u012bpa\u0161i sausai, bl\u0101vai un noguru\u0161ai \u0101dai.<\/p>\n<p data-start=\"4379\" data-end=\"4405\"><strong data-start=\"4379\" data-end=\"4391\">Tilpums:<\/strong> 15 ml \/ 30 ml<\/p>\n","protected":false},"excerpt":{"rendered":"<p data-start=\"4577\" data-end=\"4609\">Atjaunojo\u0161s multivitam\u012bnu serums<\/p>\n<h2 data-start=\"4611\" data-end=\"4656\"><strong data-start=\"4611\" data-end=\"4656\">\u012apa\u0161\u012bbas IS CLINICAL &#8211; Poly-Vitamin Serum<\/strong><\/h2>\n<p data-start=\"4658\" data-end=\"4833\">\u2714\ufe0f Atjauno un baro \u0101du<br data-start=\"4680\" data-end=\"4683\" \/>\u2714\ufe0f Atbalsta atjauno\u0161anos un re\u0123ener\u0101ciju<br data-start=\"4723\" data-end=\"4726\" \/>\u2714\ufe0f Uzlabo \u0101das toni un tekst\u016bru<br data-start=\"4757\" data-end=\"4760\" \/>\u2714\ufe0f Mazina sausumu un diskomfortu<br data-start=\"4792\" data-end=\"4795\" \/>\u2714\ufe0f Padara \u0101du glud\u0101ku un starojo\u0161\u0101ku<\/p>\n","protected":false},"featured_media":86699,"template":"","meta":[],"pwb-brand":[1179],"product_brand":[],"product_cat":[741,749,743,751,723,747],"product_tag":[],"giftcard-category":[],"class_list":{"0":"post-55722","1":"product","2":"type-product","3":"status-publish","4":"has-post-thumbnail","6":"pwb-brand-is-clinical-lv","7":"product_cat-izsitumi","8":"product_cat-novecojosa-ada","9":"product_cat-paplasinatas-poras","10":"product_cat-pigmentacija-lv","11":"product_cat-serumi","12":"product_cat-taukainai-adai","13":"pa_suurus-15ml-lv","14":"pa_suurus-375-ml-lv","15":"pa_suurus-30ml-lv","17":"first","18":"instock","19":"taxable","20":"shipping-taxable","21":"purchasable","22":"product-type-variable"},"acf":[],"brands":[{"id":1179,"name":"IS CLINICAL","slug":"is-clinical-lv"}],"_links":{"self":[{"href":"https:\/\/skinstudio.ee\/lv\/wp-json\/wp\/v2\/product\/55722","targetHints":{"allow":["GET"]}}],"collection":[{"href":"https:\/\/skinstudio.ee\/lv\/wp-json\/wp\/v2\/product"}],"about":[{"href":"https:\/\/skinstudio.ee\/lv\/wp-json\/wp\/v2\/types\/product"}],"version-history":[{"count":1,"href":"https:\/\/skinstudio.ee\/lv\/wp-json\/wp\/v2\/product\/55722\/revisions"}],"predecessor-version":[{"id":86946,"href":"https:\/\/skinstudio.ee\/lv\/wp-json\/wp\/v2\/product\/55722\/revisions\/86946"}],"wp:featuredmedia":[{"embeddable":true,"href":"https:\/\/skinstudio.ee\/lv\/wp-json\/wp\/v2\/media\/86699"}],"wp:attachment":[{"href":"https:\/\/skinstudio.ee\/lv\/wp-json\/wp\/v2\/media?parent=55722"}],"wp:term":[{"taxonomy":"pwb-brand","embeddable":true,"href":"https:\/\/skinstudio.ee\/lv\/wp-json\/wp\/v2\/pwb-brand?post=55722"},{"taxonomy":"product_brand","embeddable":true,"href":"https:\/\/skinstudio.ee\/lv\/wp-json\/wp\/v2\/product_brand?post=55722"},{"taxonomy":"product_cat","embeddable":true,"href":"https:\/\/skinstudio.ee\/lv\/wp-json\/wp\/v2\/product_cat?post=55722"},{"taxonomy":"product_tag","embeddable":true,"href":"https:\/\/skinstudio.ee\/lv\/wp-json\/wp\/v2\/product_tag?post=55722"},{"taxonomy":"giftcard-category","embeddable":true,"href":"https:\/\/skinstudio.ee\/lv\/wp-json\/wp\/v2\/giftcard-category?post=55722"}],"curies":[{"name":"wp","href":"https:\/\/api.w.org\/{rel}","templated":true}]}}