{"id":55732,"date":"2023-05-24T17:56:27","date_gmt":"2023-05-24T17:56:27","guid":{"rendered":"https:\/\/skinstudio.ee\/?post_type=product&#038;p=55732"},"modified":"2026-03-19T12:52:05","modified_gmt":"2026-03-19T12:52:05","slug":"c-eye-serum-advance","status":"publish","type":"product","link":"https:\/\/skinstudio.ee\/lv\/catalog\/is-clinical-lv\/c-eye-serum-advance\/","title":{"rendered":"C Eye Serum Advance+"},"content":{"rendered":"<p data-start=\"109\" data-end=\"367\"><strong data-start=\"109\" data-end=\"148\">C Eye Serum Advance+ no iS Clinical<\/strong> ir augstas efektivit\u0101tes serums jut\u012bgajai acu zonai ar izteiktu antioksidantu un atjaunojo\u0161u iedarb\u012bbu. Formula ir izstr\u0101d\u0101ta, lai samazin\u0101tu noguruma paz\u012bmes, uzlabotu \u0101das toni un pie\u0161\u0137irtu svaig\u0101ku, kopt\u0101ku izskatu.<\/p>\n<p data-start=\"369\" data-end=\"569\">Serums pal\u012bdz mazin\u0101t piet\u016bkumu un tum\u0161o loku redzam\u012bbu, padarot acu zonu glud\u0101ku un vienm\u0113r\u012bg\u0101ku. Tas atbalsta s\u012bko grumbu samazin\u0101\u0161anu un uzlabo \u0101das tekst\u016bru, pie\u0161\u0137irot skatienam atp\u016btu\u0161os izskatu.<\/p>\n<p data-start=\"571\" data-end=\"752\">Formula nodro\u0161ina antioksidantu aizsardz\u012bbu, pal\u012bdz \u0101dai tikt gal\u0101 ar ikdienas stresu un uztur l\u012bdzsvarotu izskatu. Regul\u0101ri lietojot, \u0101da izskat\u0101s svaig\u0101ka, glud\u0101ka un starojo\u0161\u0101ka.<\/p>\n<p data-start=\"754\" data-end=\"786\"><strong data-start=\"754\" data-end=\"786\">Akt\u012bvo komponentu iedarb\u012bba:<\/strong><\/p>\n<ul data-start=\"788\" data-end=\"1114\">\n<li data-section-id=\"1gizain\" data-start=\"788\" data-end=\"899\">\n<p data-start=\"790\" data-end=\"899\"><strong data-start=\"790\" data-end=\"830\">ADVANCE+ Vitamin C (L-askorb\u012bnsk\u0101be)<\/strong>: nodro\u0161ina antioksidantu aizsardz\u012bbu un pal\u012bdz padar\u012bt \u0101du gai\u0161\u0101ku<\/p>\n<\/li>\n<li data-section-id=\"ldtq7w\" data-start=\"900\" data-end=\"986\">\n<p data-start=\"902\" data-end=\"986\"><strong data-start=\"902\" data-end=\"925\">Copper Tripeptide-1<\/strong>: atbalsta \u0101das tvirtumu un pal\u012bdz samazin\u0101t grumbu izskatu<\/p>\n<\/li>\n<li data-section-id=\"1wn3unu\" data-start=\"987\" data-end=\"1044\">\n<p data-start=\"989\" data-end=\"1044\"><strong data-start=\"989\" data-end=\"1006\">Hialuronsk\u0101be<\/strong>: intens\u012bvi mitrina un izl\u012bdzina \u0101du<\/p>\n<\/li>\n<li data-section-id=\"16h8tzj\" data-start=\"1045\" data-end=\"1114\">\n<p data-start=\"1047\" data-end=\"1114\"><strong data-start=\"1047\" data-end=\"1063\">Zinc Sulfate<\/strong>: nodro\u0161ina aizsarg\u0101jo\u0161u un atjaunojo\u0161u iedarb\u012bbu<\/p>\n<\/li>\n<\/ul>\n<p data-start=\"1116\" data-end=\"1204\"><strong data-start=\"1116\" data-end=\"1155\">Kam piem\u0113rots C Eye Serum Advance+:<\/strong> visiem \u0101das tipiem, tostarp jut\u012bgajai acu zonai.<\/p>\n<p data-start=\"1206\" data-end=\"1234\"><strong data-start=\"1206\" data-end=\"1218\">Tilpums:<\/strong> 3,75 ml \/ 15 ml<\/p>\n","protected":false},"excerpt":{"rendered":"<p data-start=\"1441\" data-end=\"1468\">C vitam\u012bna serums acu zonai<\/p>\n<h2 data-start=\"1470\" data-end=\"1517\"><strong data-start=\"1470\" data-end=\"1517\">\u012apa\u0161\u012bbas IS CLINICAL &#8211; C Eye Serum Advance+<\/strong><\/h2>\n<p data-start=\"1519\" data-end=\"1704\">\u2714\ufe0f Samazina tum\u0161o loku redzam\u012bbu<br data-start=\"1551\" data-end=\"1554\" \/>\u2714\ufe0f Mazina piet\u016bkumu un noguruma paz\u012bmes<br data-start=\"1593\" data-end=\"1596\" \/>\u2714\ufe0f Izl\u012bdzina smalk\u0101s krunci\u0146as<br data-start=\"1626\" data-end=\"1629\" \/>\u2714\ufe0f Nodro\u0161ina antioksidantu aizsardz\u012bbu<br data-start=\"1667\" data-end=\"1670\" \/>\u2714\ufe0f Piem\u0113rots jut\u012bgajai acu zonai<\/p>\n","protected":false},"featured_media":55734,"template":"","meta":[],"pwb-brand":[1179],"product_brand":[],"product_cat":[733,729,749,751,723],"product_tag":[],"giftcard-category":[],"class_list":{"0":"post-55732","1":"product","2":"type-product","3":"status-publish","4":"has-post-thumbnail","6":"pwb-brand-is-clinical-lv","7":"product_cat-ada-ap-acim","8":"product_cat-c-vitamins","9":"product_cat-novecojosa-ada","10":"product_cat-pigmentacija-lv","11":"product_cat-serumi","12":"pa_suurus-15ml-lv","13":"pa_suurus-375-ml-lv","15":"first","16":"instock","17":"taxable","18":"shipping-taxable","19":"purchasable","20":"product-type-variable"},"acf":[],"brands":[{"id":1179,"name":"IS CLINICAL","slug":"is-clinical-lv"}],"_links":{"self":[{"href":"https:\/\/skinstudio.ee\/lv\/wp-json\/wp\/v2\/product\/55732","targetHints":{"allow":["GET"]}}],"collection":[{"href":"https:\/\/skinstudio.ee\/lv\/wp-json\/wp\/v2\/product"}],"about":[{"href":"https:\/\/skinstudio.ee\/lv\/wp-json\/wp\/v2\/types\/product"}],"version-history":[{"count":1,"href":"https:\/\/skinstudio.ee\/lv\/wp-json\/wp\/v2\/product\/55732\/revisions"}],"predecessor-version":[{"id":86951,"href":"https:\/\/skinstudio.ee\/lv\/wp-json\/wp\/v2\/product\/55732\/revisions\/86951"}],"wp:featuredmedia":[{"embeddable":true,"href":"https:\/\/skinstudio.ee\/lv\/wp-json\/wp\/v2\/media\/55734"}],"wp:attachment":[{"href":"https:\/\/skinstudio.ee\/lv\/wp-json\/wp\/v2\/media?parent=55732"}],"wp:term":[{"taxonomy":"pwb-brand","embeddable":true,"href":"https:\/\/skinstudio.ee\/lv\/wp-json\/wp\/v2\/pwb-brand?post=55732"},{"taxonomy":"product_brand","embeddable":true,"href":"https:\/\/skinstudio.ee\/lv\/wp-json\/wp\/v2\/product_brand?post=55732"},{"taxonomy":"product_cat","embeddable":true,"href":"https:\/\/skinstudio.ee\/lv\/wp-json\/wp\/v2\/product_cat?post=55732"},{"taxonomy":"product_tag","embeddable":true,"href":"https:\/\/skinstudio.ee\/lv\/wp-json\/wp\/v2\/product_tag?post=55732"},{"taxonomy":"giftcard-category","embeddable":true,"href":"https:\/\/skinstudio.ee\/lv\/wp-json\/wp\/v2\/giftcard-category?post=55732"}],"curies":[{"name":"wp","href":"https:\/\/api.w.org\/{rel}","templated":true}]}}