{"id":55744,"date":"2023-05-24T17:56:27","date_gmt":"2023-05-24T17:56:27","guid":{"rendered":"https:\/\/skinstudio.ee\/?post_type=product&#038;p=55744"},"modified":"2026-03-19T12:55:38","modified_gmt":"2026-03-19T12:55:38","slug":"neckperfect-complex","status":"publish","type":"product","link":"https:\/\/skinstudio.ee\/lv\/catalog\/is-clinical\/neckperfect-complex\/","title":{"rendered":"NeckPerfect Complex"},"content":{"rendered":"<p data-start=\"3331\" data-end=\"3615\"><strong data-start=\"3331\" data-end=\"3369\">NeckPerfect Complex no iS Clinical<\/strong> ir intens\u012bvs pretnoveco\u0161an\u0101s kr\u0113ms kakla un dekolt\u0113 zonai, kas pal\u012bdz uzlabot \u0101das tvirtumu, gludumu un kop\u0113jo toni. Formula apvieno augu ekstraktus, hialuronsk\u0101bi un funkcion\u0101las sast\u0101vda\u013cas, nodro\u0161inot maigu, bet efekt\u012bvu kop\u0161anu jut\u012bgai \u0101dai.<\/p>\n<p data-start=\"3617\" data-end=\"3792\">Kr\u0113ms pal\u012bdz uzlabot \u0101das izskatu, padarot to tvirt\u0101ku, glud\u0101ku un vizu\u0101li pacelt\u0101ku. Tas veicina grumbu redzam\u012bbas samazin\u0101\u0161anu un uzlabo \u0101das tekst\u016bru kakla un dekolt\u0113 zon\u0101.<\/p>\n<p data-start=\"3794\" data-end=\"3983\">Formula pal\u012bdz uztur\u0113t optim\u0101lu mitruma l\u012bmeni, aizsarg\u0101 \u0101du no \u0101r\u0113jiem faktoriem un veicina koptu un l\u012bdzsvarotu izskatu. Regul\u0101ri lietojot, \u0101da izskat\u0101s glud\u0101ka, tvirt\u0101ka un vienm\u0113r\u012bg\u0101ka.<\/p>\n<p data-start=\"3985\" data-end=\"4017\"><strong data-start=\"3985\" data-end=\"4017\">Akt\u012bvo komponentu iedarb\u012bba:<\/strong><\/p>\n<ul data-start=\"4019\" data-end=\"4279\">\n<li data-section-id=\"y0kj4l\" data-start=\"4019\" data-end=\"4089\">\n<p data-start=\"4021\" data-end=\"4089\"><strong data-start=\"4021\" data-end=\"4043\">Acacia Senegal Gum<\/strong>: pal\u012bdz izl\u012bdzin\u0101t un uzlabot \u0101das tvirtumu<\/p>\n<\/li>\n<li data-section-id=\"1i1x93i\" data-start=\"4090\" data-end=\"4157\">\n<p data-start=\"4092\" data-end=\"4157\"><strong data-start=\"4092\" data-end=\"4109\">Hialuronsk\u0101be<\/strong>: intens\u012bvi mitrina un pal\u012bdz saglab\u0101t mitrumu<\/p>\n<\/li>\n<li data-section-id=\"p98kjc\" data-start=\"4158\" data-end=\"4222\">\n<p data-start=\"4160\" data-end=\"4222\"><strong data-start=\"4160\" data-end=\"4182\">Aug\u013cu sk\u0101bes (AHA)<\/strong>: maigi atjauno \u0101du un uzlabo tekst\u016bru<\/p>\n<\/li>\n<li data-section-id=\"yrl7n2\" data-start=\"4223\" data-end=\"4279\">\n<p data-start=\"4225\" data-end=\"4279\"><strong data-start=\"4225\" data-end=\"4247\">Kvinojas ekstrakts<\/strong>: atbalsta \u0101das aizsargbarjeru<\/p>\n<\/li>\n<\/ul>\n<p data-start=\"4281\" data-end=\"4394\"><strong data-start=\"4281\" data-end=\"4319\">Kam piem\u0113rots NeckPerfect Complex:<\/strong> visiem \u0101das tipiem, \u012bpa\u0161i nobriedu\u0161ai \u0101dai un \u0101dai ar samazin\u0101tu tvirtumu.<\/p>\n<p data-start=\"4396\" data-end=\"4413\"><strong data-start=\"4396\" data-end=\"4408\">Tilpums:<\/strong> 50 g<\/p>\n","protected":false},"excerpt":{"rendered":"<p data-start=\"4514\" data-end=\"4563\">Intens\u012bvs pretnoveco\u0161an\u0101s kr\u0113ms kaklam un dekolt\u0113<\/p>\n<h2 data-start=\"4565\" data-end=\"4611\"><strong data-start=\"4565\" data-end=\"4611\">\u012apa\u0161\u012bbas IS CLINICAL &#8211; NeckPerfect Complex<\/strong><\/h2>\n<p data-start=\"4613\" data-end=\"4793\">\u2714\ufe0f Nostiprina kakla un dekolt\u0113 \u0101du<br data-start=\"4647\" data-end=\"4650\" \/>\u2714\ufe0f Samazina grumbu redzam\u012bbu<br data-start=\"4678\" data-end=\"4681\" \/>\u2714\ufe0f Uzlabo elast\u012bbu un toni<br data-start=\"4707\" data-end=\"4710\" \/>\u2714\ufe0f Atbalsta aizsardz\u012bbu pret \u0101r\u0113jiem faktoriem<br data-start=\"4756\" data-end=\"4759\" \/>\u2714\ufe0f Padara \u0101du glud\u0101ku un kopt\u0101ku<\/p>\n","protected":false},"featured_media":63309,"template":"","meta":[],"pwb-brand":[1179],"product_brand":[],"product_cat":[735,757,749],"product_tag":[],"giftcard-category":[],"class_list":{"0":"post-55744","1":"product","2":"type-product","3":"status-publish","4":"has-post-thumbnail","6":"pwb-brand-is-clinical","7":"product_cat-dekolte-zona","8":"product_cat-kermena-kopsana","9":"product_cat-novecojosa-ada","11":"first","12":"instock","13":"taxable","14":"shipping-taxable","15":"purchasable","16":"product-type-simple"},"acf":[],"brands":[{"id":1179,"name":"IS CLINICAL","slug":"is-clinical"}],"_links":{"self":[{"href":"https:\/\/skinstudio.ee\/lv\/wp-json\/wp\/v2\/product\/55744","targetHints":{"allow":["GET"]}}],"collection":[{"href":"https:\/\/skinstudio.ee\/lv\/wp-json\/wp\/v2\/product"}],"about":[{"href":"https:\/\/skinstudio.ee\/lv\/wp-json\/wp\/v2\/types\/product"}],"version-history":[{"count":1,"href":"https:\/\/skinstudio.ee\/lv\/wp-json\/wp\/v2\/product\/55744\/revisions"}],"predecessor-version":[{"id":86956,"href":"https:\/\/skinstudio.ee\/lv\/wp-json\/wp\/v2\/product\/55744\/revisions\/86956"}],"wp:featuredmedia":[{"embeddable":true,"href":"https:\/\/skinstudio.ee\/lv\/wp-json\/wp\/v2\/media\/63309"}],"wp:attachment":[{"href":"https:\/\/skinstudio.ee\/lv\/wp-json\/wp\/v2\/media?parent=55744"}],"wp:term":[{"taxonomy":"pwb-brand","embeddable":true,"href":"https:\/\/skinstudio.ee\/lv\/wp-json\/wp\/v2\/pwb-brand?post=55744"},{"taxonomy":"product_brand","embeddable":true,"href":"https:\/\/skinstudio.ee\/lv\/wp-json\/wp\/v2\/product_brand?post=55744"},{"taxonomy":"product_cat","embeddable":true,"href":"https:\/\/skinstudio.ee\/lv\/wp-json\/wp\/v2\/product_cat?post=55744"},{"taxonomy":"product_tag","embeddable":true,"href":"https:\/\/skinstudio.ee\/lv\/wp-json\/wp\/v2\/product_tag?post=55744"},{"taxonomy":"giftcard-category","embeddable":true,"href":"https:\/\/skinstudio.ee\/lv\/wp-json\/wp\/v2\/giftcard-category?post=55744"}],"curies":[{"name":"wp","href":"https:\/\/api.w.org\/{rel}","templated":true}]}}