{"id":55762,"date":"2023-05-24T17:56:27","date_gmt":"2023-05-24T17:56:27","guid":{"rendered":"https:\/\/skinstudio.ee\/?post_type=product&#038;p=55762"},"modified":"2026-03-19T13:04:31","modified_gmt":"2026-03-19T13:04:31","slug":"youth-eye-complex","status":"publish","type":"product","link":"https:\/\/skinstudio.ee\/lv\/catalog\/is-clinical-lv\/youth-eye-complex\/","title":{"rendered":"Youth Eye Complex"},"content":{"rendered":"<p data-start=\"107\" data-end=\"391\"><strong data-start=\"107\" data-end=\"143\">Youth Eye Complex no iS Clinical<\/strong> ir pretnoveco\u0161an\u0101s kr\u0113ms acu zonai, kas pal\u012bdz uzlabot \u0101das bl\u012bvumu, izl\u012bdzin\u0101t smalk\u0101s l\u012bnijas un pie\u0161\u0137irt svaig\u0101ku, kopt\u0101ku izskatu. Formula apvieno pept\u012bdus, aug\u0161anas faktorus un antioksidantus, nodro\u0161inot m\u0113r\u0137tiec\u012bgu kop\u0161anu jut\u012bgai acu zonai.<\/p>\n<p data-start=\"393\" data-end=\"575\">Kr\u0113ms pal\u012bdz samazin\u0101t \u201cv\u0101rnu k\u0101ji\u0146u\u201d redzam\u012bbu, padarot \u0101du glud\u0101ku un vizu\u0101li tvirt\u0101ku. Tas ar\u012b mazina piet\u016bkumu un tum\u0161os lokus, pie\u0161\u0137irot skatienam svaig\u0101ku un atp\u016btu\u0161os izskatu.<\/p>\n<p data-start=\"577\" data-end=\"746\">Formula pal\u012bdz uztur\u0113t \u0101das mitruma l\u012bmeni, uzlabo tekst\u016bru un veicina vienm\u0113r\u012bg\u0101ku un l\u012bdzsvarot\u0101ku izskatu. Regul\u0101ri lietojot, \u0101da k\u013c\u016bst glud\u0101ka, tvirt\u0101ka un svaig\u0101ka.<\/p>\n<p data-start=\"748\" data-end=\"780\"><strong data-start=\"748\" data-end=\"780\">Akt\u012bvo komponentu iedarb\u012bba:<\/strong><\/p>\n<ul data-start=\"782\" data-end=\"1011\">\n<li data-section-id=\"15u5rhh\" data-start=\"782\" data-end=\"852\">\n<p data-start=\"784\" data-end=\"852\"><strong data-start=\"784\" data-end=\"808\">Acetyl Octapeptide-3<\/strong>: pal\u012bdz samazin\u0101t smalko l\u012bniju redzam\u012bbu<\/p>\n<\/li>\n<li data-section-id=\"1e0pa5k\" data-start=\"853\" data-end=\"904\">\n<p data-start=\"855\" data-end=\"904\"><strong data-start=\"855\" data-end=\"878\">Copper Tripeptide-1<\/strong>: atbalsta \u0101das tvirtumu<\/p>\n<\/li>\n<li data-section-id=\"1dou1my\" data-start=\"905\" data-end=\"958\">\n<p data-start=\"907\" data-end=\"958\"><strong data-start=\"907\" data-end=\"924\">Hialuronsk\u0101be<\/strong>: intens\u012bvi mitrina un izl\u012bdzina<\/p>\n<\/li>\n<li data-section-id=\"1s535kg\" data-start=\"959\" data-end=\"1011\">\n<p data-start=\"961\" data-end=\"1011\"><strong data-start=\"961\" data-end=\"983\">Marine Extremozyme<\/strong>: pal\u012bdz mazin\u0101t piet\u016bkumu<\/p>\n<\/li>\n<\/ul>\n<p data-start=\"1013\" data-end=\"1106\"><strong data-start=\"1013\" data-end=\"1049\">Kam piem\u0113rots Youth Eye Complex:<\/strong> visiem \u0101das tipiem, tostarp jut\u012bgai un nobriedu\u0161ai \u0101dai.<\/p>\n<p data-start=\"1108\" data-end=\"1125\"><strong data-start=\"1108\" data-end=\"1120\">Tilpums:<\/strong> 15 g<\/p>\n","protected":false},"excerpt":{"rendered":"<p data-start=\"1252\" data-end=\"1293\">Intens\u012bvs pretnoveco\u0161an\u0101s kr\u0113ms acu zonai<\/p>\n<h2 data-start=\"1295\" data-end=\"1339\"><strong data-start=\"1295\" data-end=\"1339\">\u012apa\u0161\u012bbas IS CLINICAL &#8211; Youth Eye Complex<\/strong><\/h2>\n<p data-start=\"1341\" data-end=\"1555\">\u2714\ufe0f Nekav\u0113joties izl\u012bdzina grumbi\u0146as acu zon\u0101<br data-start=\"1385\" data-end=\"1388\" \/>\u2714\ufe0f Samazina tum\u0161os lokus un izl\u012bdzina toni<br data-start=\"1430\" data-end=\"1433\" \/>\u2714\ufe0f Mazina piet\u016bkumu un noguruma paz\u012bmes<br data-start=\"1472\" data-end=\"1475\" \/>\u2714\ufe0f Nostiprina un stiprina pl\u0101no \u0101du<br data-start=\"1510\" data-end=\"1513\" \/>\u2714\ufe0f Padara skatienu svaig\u0101ku un atv\u0113rt\u0101ku<\/p>\n","protected":false},"featured_media":55763,"template":"","meta":[],"pwb-brand":[1179],"product_brand":[],"product_cat":[733,737,749,751,739],"product_tag":[],"giftcard-category":[],"class_list":{"0":"post-55762","1":"product","2":"type-product","3":"status-publish","4":"has-post-thumbnail","6":"pwb-brand-is-clinical-lv","7":"product_cat-ada-ap-acim","8":"product_cat-mitrinasana","9":"product_cat-novecojosa-ada","10":"product_cat-pigmentacija-lv","11":"product_cat-sausai-adai","13":"first","14":"instock","15":"taxable","16":"shipping-taxable","17":"purchasable","18":"product-type-simple"},"acf":[],"brands":[{"id":1179,"name":"IS CLINICAL","slug":"is-clinical-lv"}],"_links":{"self":[{"href":"https:\/\/skinstudio.ee\/lv\/wp-json\/wp\/v2\/product\/55762","targetHints":{"allow":["GET"]}}],"collection":[{"href":"https:\/\/skinstudio.ee\/lv\/wp-json\/wp\/v2\/product"}],"about":[{"href":"https:\/\/skinstudio.ee\/lv\/wp-json\/wp\/v2\/types\/product"}],"version-history":[{"count":1,"href":"https:\/\/skinstudio.ee\/lv\/wp-json\/wp\/v2\/product\/55762\/revisions"}],"predecessor-version":[{"id":86966,"href":"https:\/\/skinstudio.ee\/lv\/wp-json\/wp\/v2\/product\/55762\/revisions\/86966"}],"wp:featuredmedia":[{"embeddable":true,"href":"https:\/\/skinstudio.ee\/lv\/wp-json\/wp\/v2\/media\/55763"}],"wp:attachment":[{"href":"https:\/\/skinstudio.ee\/lv\/wp-json\/wp\/v2\/media?parent=55762"}],"wp:term":[{"taxonomy":"pwb-brand","embeddable":true,"href":"https:\/\/skinstudio.ee\/lv\/wp-json\/wp\/v2\/pwb-brand?post=55762"},{"taxonomy":"product_brand","embeddable":true,"href":"https:\/\/skinstudio.ee\/lv\/wp-json\/wp\/v2\/product_brand?post=55762"},{"taxonomy":"product_cat","embeddable":true,"href":"https:\/\/skinstudio.ee\/lv\/wp-json\/wp\/v2\/product_cat?post=55762"},{"taxonomy":"product_tag","embeddable":true,"href":"https:\/\/skinstudio.ee\/lv\/wp-json\/wp\/v2\/product_tag?post=55762"},{"taxonomy":"giftcard-category","embeddable":true,"href":"https:\/\/skinstudio.ee\/lv\/wp-json\/wp\/v2\/giftcard-category?post=55762"}],"curies":[{"name":"wp","href":"https:\/\/api.w.org\/{rel}","templated":true}]}}