{"id":55768,"date":"2023-05-24T17:56:27","date_gmt":"2023-05-24T17:56:27","guid":{"rendered":"https:\/\/skinstudio.ee\/?post_type=product&#038;p=55768"},"modified":"2026-03-19T12:58:56","modified_gmt":"2026-03-19T12:58:56","slug":"firming-complex","status":"publish","type":"product","link":"https:\/\/skinstudio.ee\/lv\/catalog\/is-clinical-lv\/firming-complex\/","title":{"rendered":"Firming Complex"},"content":{"rendered":"<p data-start=\"3277\" data-end=\"3548\"><strong data-start=\"3277\" data-end=\"3311\">Firming Complex no iS Clinical<\/strong> ir nostiprino\u0161s kr\u0113ms ar redzamu liftinga efektu, kas pal\u012bdz uzlabot \u0101das elast\u012bbu, izl\u012bdzin\u0101t tekst\u016bru un pie\u0161\u0137irt starojo\u0161\u0101ku izskatu. Formula apvieno mitrino\u0161as sast\u0101vda\u013cas, sk\u0101bes un antioksidantus, nodro\u0161inot daudzl\u012bme\u0146u iedarb\u012bbu.<\/p>\n<p data-start=\"3550\" data-end=\"3733\">Kr\u0113ms pal\u012bdz vizu\u0101li nostiprin\u0101t \u0101du, padarot to glud\u0101ku, tvirt\u0101ku un vienm\u0113r\u012bg\u0101ku, vienlaikus samazinot grumbu redzam\u012bbu. Tas veicina \u0101das atjauno\u0161anos un uzlabo kop\u0113jo \u0101das izskatu.<\/p>\n<p data-start=\"3735\" data-end=\"3895\">Formula pal\u012bdz uztur\u0113t poras t\u012bras un samazina iekaisumu izpausmes, padarot \u0101du l\u012bdzsvarot\u0101ku. Regul\u0101ri lietojot, \u0101da izskat\u0101s glud\u0101ka, tvirt\u0101ka un starojo\u0161\u0101ka.<\/p>\n<p data-start=\"3897\" data-end=\"3929\"><strong data-start=\"3897\" data-end=\"3929\">Akt\u012bvo komponentu iedarb\u012bba:<\/strong><\/p>\n<ul data-start=\"3931\" data-end=\"4186\">\n<li data-section-id=\"1i1x93i\" data-start=\"3931\" data-end=\"3998\">\n<p data-start=\"3933\" data-end=\"3998\"><strong data-start=\"3933\" data-end=\"3950\">Hialuronsk\u0101be<\/strong>: intens\u012bvi mitrina un pal\u012bdz saglab\u0101t mitrumu<\/p>\n<\/li>\n<li data-section-id=\"1uv9lkw\" data-start=\"3999\" data-end=\"4060\">\n<p data-start=\"4001\" data-end=\"4060\"><strong data-start=\"4001\" data-end=\"4023\">Aug\u013cu sk\u0101bes (AHA)<\/strong>: maigi eksfoli\u0113 un uzlabo tekst\u016bru<\/p>\n<\/li>\n<li data-section-id=\"1grahg8\" data-start=\"4061\" data-end=\"4119\">\n<p data-start=\"4063\" data-end=\"4119\"><strong data-start=\"4063\" data-end=\"4089\">B vitam\u012bns (Panthenol)<\/strong>: atbalsta \u0101das atjauno\u0161anos<\/p>\n<\/li>\n<li data-section-id=\"13lfsq8\" data-start=\"4120\" data-end=\"4186\">\n<p data-start=\"4122\" data-end=\"4186\"><strong data-start=\"4122\" data-end=\"4149\">Balt\u0101 v\u012btola miza (BHA)<\/strong>: att\u012bra poras un mazina nepiln\u012bbas<\/p>\n<\/li>\n<\/ul>\n<p data-start=\"4188\" data-end=\"4289\"><strong data-start=\"4188\" data-end=\"4222\">Kam piem\u0113rots Firming Complex:<\/strong> visiem \u0101das tipiem, \u012bpa\u0161i nobriedu\u0161ai un elast\u012bbu zaud\u0113ju\u0161ai \u0101dai.<\/p>\n<p data-start=\"4291\" data-end=\"4308\"><strong data-start=\"4291\" data-end=\"4303\">Tilpums:<\/strong> 50 g<\/p>\n","protected":false},"excerpt":{"rendered":"<p data-start=\"4411\" data-end=\"4438\">Nostiprino\u0161s liftinga kr\u0113ms<\/p>\n<h2 data-start=\"4440\" data-end=\"4482\"><strong data-start=\"4440\" data-end=\"4482\">\u012apa\u0161\u012bbas IS CLINICAL &#8211; Firming Complex<\/strong><\/h2>\n<p data-start=\"4484\" data-end=\"4634\">\u2714\ufe0f Nostiprina un savelk \u0101du<br data-start=\"4511\" data-end=\"4514\" \/>\u2714\ufe0f Izl\u012bdzina grumbas un tekst\u016bru<br data-start=\"4546\" data-end=\"4549\" \/>\u2714\ufe0f Uzlabo elast\u012bbu<br data-start=\"4567\" data-end=\"4570\" \/>\u2714\ufe0f Pal\u012bdz att\u012br\u012bt poras<br data-start=\"4593\" data-end=\"4596\" \/>\u2714\ufe0f Padara \u0101du glud\u0101ku un starojo\u0161\u0101ku<\/p>\n","protected":false},"featured_media":55769,"template":"","meta":[],"pwb-brand":[1179],"product_brand":[],"product_cat":[735,737,749,743,747],"product_tag":[],"giftcard-category":[],"class_list":{"0":"post-55768","1":"product","2":"type-product","3":"status-publish","4":"has-post-thumbnail","6":"pwb-brand-is-clinical-lv","7":"product_cat-dekolte-zona","8":"product_cat-mitrinasana","9":"product_cat-novecojosa-ada","10":"product_cat-paplasinatas-poras","11":"product_cat-taukainai-adai","13":"first","14":"instock","15":"taxable","16":"shipping-taxable","17":"purchasable","18":"product-type-simple"},"acf":[],"brands":[{"id":1179,"name":"IS CLINICAL","slug":"is-clinical-lv"}],"_links":{"self":[{"href":"https:\/\/skinstudio.ee\/lv\/wp-json\/wp\/v2\/product\/55768","targetHints":{"allow":["GET"]}}],"collection":[{"href":"https:\/\/skinstudio.ee\/lv\/wp-json\/wp\/v2\/product"}],"about":[{"href":"https:\/\/skinstudio.ee\/lv\/wp-json\/wp\/v2\/types\/product"}],"version-history":[{"count":1,"href":"https:\/\/skinstudio.ee\/lv\/wp-json\/wp\/v2\/product\/55768\/revisions"}],"predecessor-version":[{"id":86961,"href":"https:\/\/skinstudio.ee\/lv\/wp-json\/wp\/v2\/product\/55768\/revisions\/86961"}],"wp:featuredmedia":[{"embeddable":true,"href":"https:\/\/skinstudio.ee\/lv\/wp-json\/wp\/v2\/media\/55769"}],"wp:attachment":[{"href":"https:\/\/skinstudio.ee\/lv\/wp-json\/wp\/v2\/media?parent=55768"}],"wp:term":[{"taxonomy":"pwb-brand","embeddable":true,"href":"https:\/\/skinstudio.ee\/lv\/wp-json\/wp\/v2\/pwb-brand?post=55768"},{"taxonomy":"product_brand","embeddable":true,"href":"https:\/\/skinstudio.ee\/lv\/wp-json\/wp\/v2\/product_brand?post=55768"},{"taxonomy":"product_cat","embeddable":true,"href":"https:\/\/skinstudio.ee\/lv\/wp-json\/wp\/v2\/product_cat?post=55768"},{"taxonomy":"product_tag","embeddable":true,"href":"https:\/\/skinstudio.ee\/lv\/wp-json\/wp\/v2\/product_tag?post=55768"},{"taxonomy":"giftcard-category","embeddable":true,"href":"https:\/\/skinstudio.ee\/lv\/wp-json\/wp\/v2\/giftcard-category?post=55768"}],"curies":[{"name":"wp","href":"https:\/\/api.w.org\/{rel}","templated":true}]}}