{"id":55778,"date":"2023-05-24T17:56:27","date_gmt":"2023-05-24T17:56:27","guid":{"rendered":"https:\/\/skinstudio.ee\/?post_type=product&#038;p=55778"},"modified":"2026-03-19T13:08:04","modified_gmt":"2026-03-19T13:08:04","slug":"youth-serum","status":"publish","type":"product","link":"https:\/\/skinstudio.ee\/lv\/catalog\/is-clinical-lv\/youth-serum\/","title":{"rendered":"Youth Serum"},"content":{"rendered":"<p data-start=\"96\" data-end=\"368\"><strong data-start=\"96\" data-end=\"126\">Youth Serum no iS Clinical<\/strong> ir pretnoveco\u0161an\u0101s serums ar ekstremoz\u012bmiem, kas pal\u012bdz uzlabot \u0101das tvirtumu, izl\u012bdzin\u0101t grumbas un pie\u0161\u0137irt jaunekl\u012bg\u0101ku, starojo\u0161\u0101ku izskatu. Formula apvieno pept\u012bdus, antioksidantus un aug\u0161anas faktorus, nodro\u0161inot daudzl\u012bme\u0146u iedarb\u012bbu.<\/p>\n<p data-start=\"370\" data-end=\"529\">Serums uzreiz padara \u0101du glud\u0101ku un tvirt\u0101ku, uzlabo tekst\u016bru un izl\u012bdzina \u0101das toni. Tas pal\u012bdz samazin\u0101t grumbu redzam\u012bbu un atbalsta bl\u012bv\u0101ku \u0101das strukt\u016bru.<\/p>\n<p data-start=\"531\" data-end=\"706\">Formula veicina \u0101das atjauno\u0161anos, stiprina t\u0101s aizsargsp\u0113jas un pal\u012bdz saglab\u0101t l\u012bdzsvarotu un paceltu izskatu. Regul\u0101ri lietojot, \u0101da k\u013c\u016bst glud\u0101ka, tvirt\u0101ka un starojo\u0161\u0101ka.<\/p>\n<p data-start=\"708\" data-end=\"740\"><strong data-start=\"708\" data-end=\"740\">Akt\u012bvo komponentu iedarb\u012bba:<\/strong><\/p>\n<ul data-start=\"742\" data-end=\"1036\">\n<li data-section-id=\"1d4j5ki\" data-start=\"742\" data-end=\"822\">\n<p data-start=\"744\" data-end=\"822\"><strong data-start=\"744\" data-end=\"767\">Copper Tripeptide-1<\/strong>: atbalsta \u0101das tvirtumu un samazina grumbu redzam\u012bbu<\/p>\n<\/li>\n<li data-section-id=\"1x8x238\" data-start=\"823\" data-end=\"909\">\n<p data-start=\"825\" data-end=\"909\"><strong data-start=\"825\" data-end=\"846\">Centella Asiatica<\/strong>: nodro\u0161ina antioksidantu aizsardz\u012bbu un uzlabo \u0101das st\u0101vokli<\/p>\n<\/li>\n<li data-section-id=\"gzop4w\" data-start=\"910\" data-end=\"973\">\n<p data-start=\"912\" data-end=\"973\"><strong data-start=\"912\" data-end=\"928\">Extremozymes<\/strong>: pal\u012bdz aizsarg\u0101t \u0101du no \u0101r\u0113jiem faktoriem<\/p>\n<\/li>\n<li data-section-id=\"19p6ay4\" data-start=\"974\" data-end=\"1036\">\n<p data-start=\"976\" data-end=\"1036\"><strong data-start=\"976\" data-end=\"998\">Marine Extremozyme<\/strong>: pal\u012bdz mazin\u0101t noveco\u0161an\u0101s paz\u012bmes<\/p>\n<\/li>\n<\/ul>\n<p data-start=\"1038\" data-end=\"1125\"><strong data-start=\"1038\" data-end=\"1068\">Kam piem\u0113rots Youth Serum:<\/strong> visiem \u0101das tipiem, tostarp nobriedu\u0161ai un jut\u012bgai \u0101dai.<\/p>\n<p data-start=\"1127\" data-end=\"1145\"><strong data-start=\"1127\" data-end=\"1139\">Tilpums:<\/strong> 30 ml<\/p>\n","protected":false},"excerpt":{"rendered":"<p data-start=\"1248\" data-end=\"1270\">Pretnoveco\u0161an\u0101s serums<\/p>\n<h2 data-start=\"1272\" data-end=\"1310\"><strong data-start=\"1272\" data-end=\"1310\">\u012apa\u0161\u012bbas IS CLINICAL &#8211; Youth Serum<\/strong><\/h2>\n<p data-start=\"1312\" data-end=\"1498\">\u2714\ufe0f Nekav\u0113joties nostiprina un izl\u012bdzina \u0101du<br data-start=\"1355\" data-end=\"1358\" \/>\u2714\ufe0f Samazina grumbu redzam\u012bbu<br data-start=\"1386\" data-end=\"1389\" \/>\u2714\ufe0f Uzlabo \u0101das bl\u012bvumu un tvirtumu<br data-start=\"1423\" data-end=\"1426\" \/>\u2714\ufe0f Pie\u0161\u0137ir \u0101dai mirdzumu un svaigumu<br data-start=\"1462\" data-end=\"1465\" \/>\u2714\ufe0f Uzlabo \u0101das kop\u0113jo kvalit\u0101ti<\/p>\n","protected":false},"featured_media":55779,"template":"","meta":[],"pwb-brand":[1179],"product_brand":[],"product_cat":[745,737,749,739,723,747],"product_tag":[],"giftcard-category":[],"class_list":{"0":"post-55778","1":"product","2":"type-product","3":"status-publish","4":"has-post-thumbnail","6":"pwb-brand-is-clinical-lv","7":"product_cat-jutigai-adai","8":"product_cat-mitrinasana","9":"product_cat-novecojosa-ada","10":"product_cat-sausai-adai","11":"product_cat-serumi","12":"product_cat-taukainai-adai","14":"first","15":"instock","16":"taxable","17":"shipping-taxable","18":"purchasable","19":"product-type-simple"},"acf":[],"brands":[{"id":1179,"name":"IS CLINICAL","slug":"is-clinical-lv"}],"_links":{"self":[{"href":"https:\/\/skinstudio.ee\/lv\/wp-json\/wp\/v2\/product\/55778","targetHints":{"allow":["GET"]}}],"collection":[{"href":"https:\/\/skinstudio.ee\/lv\/wp-json\/wp\/v2\/product"}],"about":[{"href":"https:\/\/skinstudio.ee\/lv\/wp-json\/wp\/v2\/types\/product"}],"version-history":[{"count":1,"href":"https:\/\/skinstudio.ee\/lv\/wp-json\/wp\/v2\/product\/55778\/revisions"}],"predecessor-version":[{"id":86971,"href":"https:\/\/skinstudio.ee\/lv\/wp-json\/wp\/v2\/product\/55778\/revisions\/86971"}],"wp:featuredmedia":[{"embeddable":true,"href":"https:\/\/skinstudio.ee\/lv\/wp-json\/wp\/v2\/media\/55779"}],"wp:attachment":[{"href":"https:\/\/skinstudio.ee\/lv\/wp-json\/wp\/v2\/media?parent=55778"}],"wp:term":[{"taxonomy":"pwb-brand","embeddable":true,"href":"https:\/\/skinstudio.ee\/lv\/wp-json\/wp\/v2\/pwb-brand?post=55778"},{"taxonomy":"product_brand","embeddable":true,"href":"https:\/\/skinstudio.ee\/lv\/wp-json\/wp\/v2\/product_brand?post=55778"},{"taxonomy":"product_cat","embeddable":true,"href":"https:\/\/skinstudio.ee\/lv\/wp-json\/wp\/v2\/product_cat?post=55778"},{"taxonomy":"product_tag","embeddable":true,"href":"https:\/\/skinstudio.ee\/lv\/wp-json\/wp\/v2\/product_tag?post=55778"},{"taxonomy":"giftcard-category","embeddable":true,"href":"https:\/\/skinstudio.ee\/lv\/wp-json\/wp\/v2\/giftcard-category?post=55778"}],"curies":[{"name":"wp","href":"https:\/\/api.w.org\/{rel}","templated":true}]}}