{"id":55784,"date":"2023-05-24T17:56:26","date_gmt":"2023-05-24T17:56:26","guid":{"rendered":"https:\/\/skinstudio.ee\/?post_type=product&#038;p=55784"},"modified":"2026-03-19T13:20:56","modified_gmt":"2026-03-19T13:20:56","slug":"lip-duo","status":"publish","type":"product","link":"https:\/\/skinstudio.ee\/lv\/catalog\/is-clinical-lv\/lip-duo\/","title":{"rendered":"Lip Duo"},"content":{"rendered":"<p data-start=\"101\" data-end=\"383\"><strong data-start=\"101\" data-end=\"127\">Lip Duo no iS Clinical<\/strong> ir divpak\u0101pju l\u016bpu kop\u0161anas komplekts ar pretnoveco\u0161an\u0101s efektu, kas pal\u012bdz eksfoli\u0113t, atjaunot un vizu\u0101li uzlabot l\u016bpu izskatu. Komplekt\u0101 apvienots maigs skrubis un intens\u012bvi mitrino\u0161s eliks\u012brs, nodro\u0161inot glud\u0101kas, m\u012bkst\u0101kas un vizu\u0101li piln\u012bg\u0101kas l\u016bpas.<\/p>\n<p data-start=\"385\" data-end=\"528\">Kop\u0161ana s\u0101kas ar Lip Polish, kas maigi no\u0146em atmiru\u0161\u0101s \u0161\u016bnas un izl\u012bdzina l\u016bpu virsmu. Tas m\u012bkstina l\u016bpas un sagatavo t\u0101s turpm\u0101kajai kop\u0161anai.<\/p>\n<p data-start=\"530\" data-end=\"716\">P\u0113c tam Youth Lip Elixir nodro\u0161ina dzi\u013cu mitrin\u0101\u0161anu, izl\u012bdzina un m\u012bkstina l\u016bpas, k\u0101 ar\u012b pal\u012bdz t\u0101s vizu\u0101li padar\u012bt piln\u012bg\u0101kas. Formula uzlabo l\u016bpu tekst\u016bru un pie\u0161\u0137ir dabisku mirdzumu.<\/p>\n<p data-start=\"718\" data-end=\"834\">Regul\u0101ri lietojot, l\u016bpas k\u013c\u016bst glud\u0101kas, mitrin\u0101t\u0101kas un vizu\u0101li apjom\u012bg\u0101kas, ieg\u016bstot koptu un izteiksm\u012bgu izskatu.<\/p>\n<p data-start=\"836\" data-end=\"859\"><strong data-start=\"836\" data-end=\"859\">Komplekt\u0101 ietilpst:<\/strong><\/p>\n<ul data-start=\"861\" data-end=\"919\">\n<li data-section-id=\"1qp1w6j\" data-start=\"861\" data-end=\"886\">\n<p data-start=\"863\" data-end=\"886\"><strong data-start=\"863\" data-end=\"877\">Lip Polish<\/strong> &#8211; 15 g<\/p>\n<\/li>\n<li data-section-id=\"1l5ojh4\" data-start=\"887\" data-end=\"919\">\n<p data-start=\"889\" data-end=\"919\"><strong data-start=\"889\" data-end=\"909\">Youth Lip Elixir<\/strong> &#8211; 3,5 g<\/p>\n<\/li>\n<\/ul>\n<p data-start=\"921\" data-end=\"1004\"><strong data-start=\"921\" data-end=\"947\">Kam piem\u0113rots Lip Duo:<\/strong> visiem l\u016bpu tipiem, \u012bpa\u0161i saus\u0101m un nevienm\u0113r\u012bg\u0101m l\u016bp\u0101m.<\/p>\n","protected":false},"excerpt":{"rendered":"<p data-start=\"1251\" data-end=\"1290\">Pretnoveco\u0161an\u0101s l\u016bpu kop\u0161anas komplekts<\/p>\n<h2 data-start=\"1292\" data-end=\"1326\"><strong data-start=\"1292\" data-end=\"1326\">\u012apa\u0161\u012bbas IS CLINICAL &#8211; Lip Duo<\/strong><\/h2>\n<p data-start=\"1328\" data-end=\"1529\">\u2714\ufe0f Nekav\u0113joties izl\u012bdzina un m\u012bkstina l\u016bpas<br data-start=\"1371\" data-end=\"1374\" \/>\u2714\ufe0f Uzlabo un izl\u012bdzina l\u016bpu tekst\u016bru<br data-start=\"1410\" data-end=\"1413\" \/>\u2714\ufe0f Intens\u012bvi mitrina un nov\u0113r\u0161 sausumu<br data-start=\"1451\" data-end=\"1454\" \/>\u2714\ufe0f Padara l\u016bpas vizu\u0101li piln\u012bg\u0101kas<br data-start=\"1488\" data-end=\"1491\" \/>\u2714\ufe0f Pie\u0161\u0137ir l\u016bp\u0101m gludumu un mirdzumu<\/p>\n","protected":false},"featured_media":63354,"template":"","meta":[],"pwb-brand":[1179],"product_brand":[],"product_cat":[759,719],"product_tag":[],"giftcard-category":[],"class_list":{"0":"post-55784","1":"product","2":"type-product","3":"status-publish","4":"has-post-thumbnail","6":"pwb-brand-is-clinical-lv","7":"product_cat-lupu-kopsana","8":"product_cat-skrubji-un-pilingi","10":"first","11":"instock","12":"taxable","13":"shipping-taxable","14":"purchasable","15":"product-type-simple"},"acf":[],"brands":[{"id":1179,"name":"IS CLINICAL","slug":"is-clinical-lv"}],"_links":{"self":[{"href":"https:\/\/skinstudio.ee\/lv\/wp-json\/wp\/v2\/product\/55784","targetHints":{"allow":["GET"]}}],"collection":[{"href":"https:\/\/skinstudio.ee\/lv\/wp-json\/wp\/v2\/product"}],"about":[{"href":"https:\/\/skinstudio.ee\/lv\/wp-json\/wp\/v2\/types\/product"}],"version-history":[{"count":1,"href":"https:\/\/skinstudio.ee\/lv\/wp-json\/wp\/v2\/product\/55784\/revisions"}],"predecessor-version":[{"id":86982,"href":"https:\/\/skinstudio.ee\/lv\/wp-json\/wp\/v2\/product\/55784\/revisions\/86982"}],"wp:featuredmedia":[{"embeddable":true,"href":"https:\/\/skinstudio.ee\/lv\/wp-json\/wp\/v2\/media\/63354"}],"wp:attachment":[{"href":"https:\/\/skinstudio.ee\/lv\/wp-json\/wp\/v2\/media?parent=55784"}],"wp:term":[{"taxonomy":"pwb-brand","embeddable":true,"href":"https:\/\/skinstudio.ee\/lv\/wp-json\/wp\/v2\/pwb-brand?post=55784"},{"taxonomy":"product_brand","embeddable":true,"href":"https:\/\/skinstudio.ee\/lv\/wp-json\/wp\/v2\/product_brand?post=55784"},{"taxonomy":"product_cat","embeddable":true,"href":"https:\/\/skinstudio.ee\/lv\/wp-json\/wp\/v2\/product_cat?post=55784"},{"taxonomy":"product_tag","embeddable":true,"href":"https:\/\/skinstudio.ee\/lv\/wp-json\/wp\/v2\/product_tag?post=55784"},{"taxonomy":"giftcard-category","embeddable":true,"href":"https:\/\/skinstudio.ee\/lv\/wp-json\/wp\/v2\/giftcard-category?post=55784"}],"curies":[{"name":"wp","href":"https:\/\/api.w.org\/{rel}","templated":true}]}}