{"id":55790,"date":"2023-05-24T17:56:26","date_gmt":"2023-05-24T17:56:26","guid":{"rendered":"https:\/\/skinstudio.ee\/?post_type=product&#038;p=55790"},"modified":"2026-02-18T11:05:05","modified_gmt":"2026-02-18T11:05:05","slug":"cleansing-complex","status":"publish","type":"product","link":"https:\/\/skinstudio.ee\/lv\/catalog\/is-clinical-lv\/cleansing-complex\/","title":{"rendered":"Cleansing Complex"},"content":{"rendered":"<p data-start=\"2731\" data-end=\"2975\"><strong data-start=\"2731\" data-end=\"2768\">Cleansing Complex no iS CLINICAL\u00ae<\/strong> &#8211; att\u012bro\u0161s gels, kas paredz\u0113ts visu \u0101das tipu kop\u0161anai neatkar\u012bgi no vecuma. Formula nodro\u0161ina dzi\u013cu att\u012br\u012b\u0161anu bez sausuma saj\u016btas, pal\u012bdz saglab\u0101t \u0101das l\u012bdzsvaru un regul\u0101ri lietojot samazina aknes risku.<\/p>\n<p data-start=\"2977\" data-end=\"3221\">Produkts efekt\u012bvi no\u0146em net\u012brumus, lieko sebumu un kosm\u0113tikas paliekas, vienlaikus maigi eksfoli\u0113jot atmiru\u0161\u0101s \u0161\u016bnas un uzlabojot \u0101das tekst\u016bru. Cleansing Complex ir b\u016btisks solis \u0101das sagatavo\u0161an\u0101 turpm\u0101kai kop\u0161anai ar iS CLINICAL\u00ae produktiem.<\/p>\n<p data-start=\"3223\" data-end=\"3247\"><strong data-start=\"3223\" data-end=\"3247\">Akt\u012bv\u0101s sast\u0101vda\u013cas:<\/strong><\/p>\n<ul data-start=\"3249\" data-end=\"3541\">\n<li data-start=\"3249\" data-end=\"3354\">\n<p data-start=\"3251\" data-end=\"3354\"><strong data-start=\"3251\" data-end=\"3307\">White Willow Bark Extract (salicilsk\u0101bes avots) 0.5%<\/strong> &#8211; maigi att\u012bra poras un veicina eksfoli\u0101ciju<\/p>\n<\/li>\n<li data-start=\"3355\" data-end=\"3456\">\n<p data-start=\"3357\" data-end=\"3456\"><strong data-start=\"3357\" data-end=\"3405\">Sugarcane Extract (glikolsk\u0101bes avots) 0.43%<\/strong> &#8211; stimul\u0113 eksfoli\u0101ciju un epidermas atjauno\u0161anos<\/p>\n<\/li>\n<li data-start=\"3457\" data-end=\"3541\">\n<p data-start=\"3459\" data-end=\"3541\"><strong data-start=\"3459\" data-end=\"3485\">Centella Asiatica 0.1%<\/strong> &#8211; antioksidanta iedarb\u012bba un \u0101das atjauno\u0161an\u0101s atbalsts<\/p>\n<\/li>\n<\/ul>\n<p data-start=\"3543\" data-end=\"3570\"><strong data-start=\"3543\" data-end=\"3555\">Tilpums:<\/strong> 60 ml \/ 180 ml<\/p>\n","protected":false},"excerpt":{"rendered":"<p data-start=\"3719\" data-end=\"3732\">Att\u012bro\u0161s gels<\/p>\n<h2 data-start=\"3734\" data-end=\"3778\"><strong data-start=\"3734\" data-end=\"3778\">\u012bpa\u0161\u012bbas <\/strong><strong data-start=\"3734\" data-end=\"3778\">IS CLINICAL &#8211; Cleansing Complex<\/strong><\/h2>\n<p data-start=\"3780\" data-end=\"3943\">\u2714\ufe0f Dzi\u013ci att\u012bra poras un \u0101du<br data-start=\"3808\" data-end=\"3811\" \/>\u2714\ufe0f Maigi eksfoli\u0113 bez sausuma<br data-start=\"3840\" data-end=\"3843\" \/>\u2714\ufe0f No\u0146em kosm\u0113tiku un sebumu<br data-start=\"3871\" data-end=\"3874\" \/>\u2714\ufe0f Mazina iekaisumus un aknes risku<br data-start=\"3909\" data-end=\"3912\" \/>\u2714\ufe0f Piem\u0113rots visiem \u0101das tipiem<\/p>\n","protected":false},"featured_media":81685,"template":"","meta":[],"pwb-brand":[1179],"product_brand":[],"product_cat":[715,741,745,743,739,747,753],"product_tag":[],"giftcard-category":[],"class_list":{"0":"post-55790","1":"product","2":"type-product","3":"status-publish","4":"has-post-thumbnail","6":"pwb-brand-is-clinical-lv","7":"product_cat-attirisana","8":"product_cat-izsitumi","9":"product_cat-jutigai-adai","10":"product_cat-paplasinatas-poras","11":"product_cat-sausai-adai","12":"product_cat-taukainai-adai","13":"product_cat-travel-size-lv","14":"pa_suurus-180ml-lv","15":"pa_suurus-60ml-lv","17":"first","18":"instock","19":"taxable","20":"shipping-taxable","21":"purchasable","22":"product-type-variable"},"acf":[],"brands":[{"id":1179,"name":"IS CLINICAL","slug":"is-clinical-lv"}],"_links":{"self":[{"href":"https:\/\/skinstudio.ee\/lv\/wp-json\/wp\/v2\/product\/55790","targetHints":{"allow":["GET"]}}],"collection":[{"href":"https:\/\/skinstudio.ee\/lv\/wp-json\/wp\/v2\/product"}],"about":[{"href":"https:\/\/skinstudio.ee\/lv\/wp-json\/wp\/v2\/types\/product"}],"version-history":[{"count":4,"href":"https:\/\/skinstudio.ee\/lv\/wp-json\/wp\/v2\/product\/55790\/revisions"}],"predecessor-version":[{"id":81679,"href":"https:\/\/skinstudio.ee\/lv\/wp-json\/wp\/v2\/product\/55790\/revisions\/81679"}],"wp:featuredmedia":[{"embeddable":true,"href":"https:\/\/skinstudio.ee\/lv\/wp-json\/wp\/v2\/media\/81685"}],"wp:attachment":[{"href":"https:\/\/skinstudio.ee\/lv\/wp-json\/wp\/v2\/media?parent=55790"}],"wp:term":[{"taxonomy":"pwb-brand","embeddable":true,"href":"https:\/\/skinstudio.ee\/lv\/wp-json\/wp\/v2\/pwb-brand?post=55790"},{"taxonomy":"product_brand","embeddable":true,"href":"https:\/\/skinstudio.ee\/lv\/wp-json\/wp\/v2\/product_brand?post=55790"},{"taxonomy":"product_cat","embeddable":true,"href":"https:\/\/skinstudio.ee\/lv\/wp-json\/wp\/v2\/product_cat?post=55790"},{"taxonomy":"product_tag","embeddable":true,"href":"https:\/\/skinstudio.ee\/lv\/wp-json\/wp\/v2\/product_tag?post=55790"},{"taxonomy":"giftcard-category","embeddable":true,"href":"https:\/\/skinstudio.ee\/lv\/wp-json\/wp\/v2\/giftcard-category?post=55790"}],"curies":[{"name":"wp","href":"https:\/\/api.w.org\/{rel}","templated":true}]}}