{"id":55798,"date":"2023-05-24T17:56:26","date_gmt":"2023-05-24T17:56:26","guid":{"rendered":"https:\/\/skinstudio.ee\/?post_type=product&#038;p=55798"},"modified":"2026-03-19T13:15:42","modified_gmt":"2026-03-19T13:15:42","slug":"genexc-serum","status":"publish","type":"product","link":"https:\/\/skinstudio.ee\/lv\/catalog\/is-clinical-lv\/genexc-serum\/","title":{"rendered":"GeneXC Serum"},"content":{"rendered":"<p data-start=\"127\" data-end=\"488\"><strong data-start=\"127\" data-end=\"158\">GeneXC Serum no iS Clinical<\/strong> ir jaun\u0101s paaudzes serums ar 20% C vitam\u012bnu (L-askorb\u012bnsk\u0101be) un patent\u0113tu Extremozymes\u00ae kompleksu, kas pal\u012bdz aktiviz\u0113t \u0101das atjauno\u0161anos, stiprina t\u0101s aizsargmeh\u0101nismus un pie\u0161\u0137ir jaunekl\u012bg\u0101ku, starojo\u0161\u0101ku izskatu. Formula apvieno antioksidantus, augu izcelsmes enz\u012bmus un aug\u013cu sk\u0101bes, nodro\u0161inot daudzl\u012bme\u0146u iedarb\u012bbu uz \u0101du.<\/p>\n<p data-start=\"490\" data-end=\"660\">Serums uzreiz uzlabo \u0101das izskatu, padarot to gai\u0161\u0101ku, glud\u0101ku un vienm\u0113r\u012bg\u0101ku. Tas pal\u012bdz samazin\u0101t bl\u0101vumu, uzlabo tekst\u016bru un vizu\u0101li samazina smalko l\u012bniju redzam\u012bbu.<\/p>\n<p data-start=\"662\" data-end=\"841\">Regul\u0101ri lietojot, \u0101da k\u013c\u016bst tvirt\u0101ka, elast\u012bg\u0101ka un dz\u012bv\u012bg\u0101ka. Formula atbalsta \u0101das dabiskos atjauno\u0161an\u0101s procesus un pal\u012bdz uztur\u0113t vesel\u012bgu, l\u012bdzsvarotu un jaunekl\u012bgu izskatu.<\/p>\n<p data-start=\"843\" data-end=\"875\"><strong data-start=\"843\" data-end=\"875\">Akt\u012bvo komponentu iedarb\u012bba:<\/strong><\/p>\n<ul data-start=\"877\" data-end=\"1172\">\n<li data-section-id=\"c37ovt\" data-start=\"877\" data-end=\"949\">\n<p data-start=\"879\" data-end=\"949\"><strong data-start=\"879\" data-end=\"896\">Extremozymes\u00ae<\/strong>: pal\u012bdz aizsarg\u0101t \u0101du un atbalsta t\u0101s atjauno\u0161anos<\/p>\n<\/li>\n<li data-section-id=\"1vq0er8\" data-start=\"950\" data-end=\"1040\">\n<p data-start=\"952\" data-end=\"1040\"><strong data-start=\"952\" data-end=\"988\">C vitam\u012bns (20% L-askorb\u012bnsk\u0101be)<\/strong>: izgaismo \u0101du, izl\u012bdzina toni un pie\u0161\u0137ir mirdzumu<\/p>\n<\/li>\n<li data-section-id=\"dfs29l\" data-start=\"1041\" data-end=\"1110\">\n<p data-start=\"1043\" data-end=\"1110\"><strong data-start=\"1043\" data-end=\"1067\">Superoxide Dismutase<\/strong>: pal\u012bdz aizsarg\u0101t pret oksidat\u012bvo stresu<\/p>\n<\/li>\n<li data-section-id=\"1uv9lkw\" data-start=\"1111\" data-end=\"1172\">\n<p data-start=\"1113\" data-end=\"1172\"><strong data-start=\"1113\" data-end=\"1135\">Aug\u013cu sk\u0101bes (AHA)<\/strong>: maigi eksfoli\u0113 un uzlabo tekst\u016bru<\/p>\n<\/li>\n<\/ul>\n<p data-start=\"1174\" data-end=\"1274\"><strong data-start=\"1174\" data-end=\"1205\">Kam piem\u0113rots GeneXC Serum:<\/strong> visiem \u0101das tipiem, \u012bpa\u0161i bl\u0101vai, nevienm\u0113r\u012bgai un nobriedu\u0161ai \u0101dai.<\/p>\n<p data-start=\"1276\" data-end=\"1312\"><strong data-start=\"1276\" data-end=\"1288\">Tilpums:<\/strong> 3,75 ml \/ 15 ml \/ 30 ml<\/p>\n","protected":false},"excerpt":{"rendered":"<p data-start=\"1422\" data-end=\"1475\">Augstas iedarb\u012bbas antioksidantu serums ar C vitam\u012bnu<\/p>\n<h2 data-start=\"1477\" data-end=\"1516\"><strong data-start=\"1477\" data-end=\"1516\">\u012apa\u0161\u012bbas IS CLINICAL &#8211; GeneXC Serum<\/strong><\/h2>\n<p data-start=\"1518\" data-end=\"1734\">\u2714\ufe0f Atbalsta \u0101das re\u0123ener\u0101ciju un atjauno\u0161anos<br data-start=\"1563\" data-end=\"1566\" \/>\u2714\ufe0f Pal\u012bdz saglab\u0101t \u0101das DNS integrit\u0101ti<br data-start=\"1605\" data-end=\"1608\" \/>\u2714\ufe0f Izl\u012bdzina \u0101das toni un pie\u0161\u0137ir mirdzumu<br data-start=\"1650\" data-end=\"1653\" \/>\u2714\ufe0f Uzlabo elast\u012bbu un tvirtumu<br data-start=\"1683\" data-end=\"1686\" \/>\u2714\ufe0f Nodro\u0161ina sp\u0113c\u012bgu antioksidantu aizsardz\u012bbu<\/p>\n","protected":false},"featured_media":63359,"template":"","meta":[],"pwb-brand":[1179],"product_brand":[],"product_cat":[729,741,737,749,743,751,739,723,747],"product_tag":[],"giftcard-category":[],"class_list":{"0":"post-55798","1":"product","2":"type-product","3":"status-publish","4":"has-post-thumbnail","6":"pwb-brand-is-clinical-lv","7":"product_cat-c-vitamins","8":"product_cat-izsitumi","9":"product_cat-mitrinasana","10":"product_cat-novecojosa-ada","11":"product_cat-paplasinatas-poras","12":"product_cat-pigmentacija-lv","13":"product_cat-sausai-adai","14":"product_cat-serumi","15":"product_cat-taukainai-adai","16":"pa_suurus-15ml-lv","17":"pa_suurus-375-ml-lv","18":"pa_suurus-30ml-lv","20":"first","21":"instock","22":"taxable","23":"shipping-taxable","24":"purchasable","25":"product-type-variable"},"acf":[],"brands":[{"id":1179,"name":"IS CLINICAL","slug":"is-clinical-lv"}],"_links":{"self":[{"href":"https:\/\/skinstudio.ee\/lv\/wp-json\/wp\/v2\/product\/55798","targetHints":{"allow":["GET"]}}],"collection":[{"href":"https:\/\/skinstudio.ee\/lv\/wp-json\/wp\/v2\/product"}],"about":[{"href":"https:\/\/skinstudio.ee\/lv\/wp-json\/wp\/v2\/types\/product"}],"version-history":[{"count":1,"href":"https:\/\/skinstudio.ee\/lv\/wp-json\/wp\/v2\/product\/55798\/revisions"}],"predecessor-version":[{"id":86977,"href":"https:\/\/skinstudio.ee\/lv\/wp-json\/wp\/v2\/product\/55798\/revisions\/86977"}],"wp:featuredmedia":[{"embeddable":true,"href":"https:\/\/skinstudio.ee\/lv\/wp-json\/wp\/v2\/media\/63359"}],"wp:attachment":[{"href":"https:\/\/skinstudio.ee\/lv\/wp-json\/wp\/v2\/media?parent=55798"}],"wp:term":[{"taxonomy":"pwb-brand","embeddable":true,"href":"https:\/\/skinstudio.ee\/lv\/wp-json\/wp\/v2\/pwb-brand?post=55798"},{"taxonomy":"product_brand","embeddable":true,"href":"https:\/\/skinstudio.ee\/lv\/wp-json\/wp\/v2\/product_brand?post=55798"},{"taxonomy":"product_cat","embeddable":true,"href":"https:\/\/skinstudio.ee\/lv\/wp-json\/wp\/v2\/product_cat?post=55798"},{"taxonomy":"product_tag","embeddable":true,"href":"https:\/\/skinstudio.ee\/lv\/wp-json\/wp\/v2\/product_tag?post=55798"},{"taxonomy":"giftcard-category","embeddable":true,"href":"https:\/\/skinstudio.ee\/lv\/wp-json\/wp\/v2\/giftcard-category?post=55798"}],"curies":[{"name":"wp","href":"https:\/\/api.w.org\/{rel}","templated":true}]}}