{"id":55811,"date":"2025-10-03T12:30:15","date_gmt":"2025-10-03T12:30:15","guid":{"rendered":"https:\/\/skinstudio.ee\/?post_type=product&#038;p=55811"},"modified":"2026-02-23T12:51:45","modified_gmt":"2026-02-23T12:51:45","slug":"advanced-pro-collagen-peptide-cream","status":"publish","type":"product","link":"https:\/\/skinstudio.ee\/lv\/catalog\/medik8-lv\/advanced-pro-collagen-peptide-cream\/","title":{"rendered":"Advanced Pro-Collagen+ Peptide Cream"},"content":{"rendered":"<p data-start=\"332\" data-end=\"565\"><strong data-start=\"339\" data-end=\"379\">Advanced Pro-Collagen+ Peptide Cream<\/strong> \u2013 inovat\u012bvs jaun\u0101s paaudzes mitrino\u0161s kr\u0113ms, kas paredz\u0113ts \u0101das bl\u012bvuma un elast\u012bbas atjauno\u0161anai. T\u0101 viegl\u0101 tekst\u016bra ap\u0146em \u0101du ar komfortu, acumirkl\u012b mitrina un atjauno t\u0101s elast\u012bbu.<\/p>\n<p data-start=\"567\" data-end=\"611\">Kr\u0113ma formula darbojas vair\u0101kos virzienos:<\/p>\n<p data-start=\"613\" data-end=\"955\"><strong data-start=\"613\" data-end=\"642\">Growth Factor MiniProtein<\/strong> stimul\u0113 kolag\u0113na sint\u0113zi un samazina dzi\u013co grumbu redzam\u012bbu.<br data-start=\"703\" data-end=\"706\" \/>Unik\u0101lais pept\u012bds atjauno \u0101das strukt\u016bru un pal\u012bdz nov\u0113rst jaunu grumbu veido\u0161anos.<br data-start=\"789\" data-end=\"792\" \/>Akt\u012bv\u0101s sast\u0101vda\u013cas uzlabo elast\u012bbu un bl\u012bvumu, veido stingr\u0101ku un izteikt\u0101ku sejas kont\u016bru.<br data-start=\"884\" data-end=\"887\" \/>Intens\u012bva mitrin\u0101\u0161ana nodro\u0161ina \u0101dai maigumu, gludumu un mirdzumu.<\/p>\n<p data-start=\"957\" data-end=\"977\"><strong data-start=\"957\" data-end=\"969\">Tilpums:<\/strong> 12,5 ml \/ 50 ml<\/p>\n","protected":false},"excerpt":{"rendered":"<p data-start=\"1196\" data-end=\"1242\">Inovat\u012bvs kr\u0113ms \u0101das stingr\u012bbai un mirdzumam<\/p>\n<h2 data-start=\"1244\" data-end=\"1607\"><strong data-start=\"1244\" data-end=\"1302\">\u012bpa\u0161\u012bbas <\/strong><strong data-start=\"1244\" data-end=\"1302\">Medik8 &#8211; Advanced Pro-Collagen+ Peptide Cream<\/strong><\/h2>\n<p data-start=\"1244\" data-end=\"1607\">\u2714\ufe0f Redzami samazina dzi\u013c\u0101s grumbas un nov\u0113r\u0161 jaunu veido\u0161anos<br data-start=\"1366\" data-end=\"1369\" \/>\u2714\ufe0f Aktiviz\u0113 kolag\u0113na sint\u0113zi un nostiprina \u0101das strukt\u016bru<br data-start=\"1426\" data-end=\"1429\" \/>\u2714\ufe0f Padara \u0101du stingr\u0101ku, bl\u012bv\u0101ku un tvirt\u0101ku<br data-start=\"1473\" data-end=\"1476\" \/>\u2714\ufe0f Atjauno skaidras sejas kont\u016bras<br data-start=\"1510\" data-end=\"1513\" \/>\u2714\ufe0f Nodro\u0161ina ilgsto\u0161u mitrin\u0101\u0161anu un komfortu<\/p>\n<p data-start=\"1244\" data-end=\"1607\"><span style=\"text-decoration: underline; color: #0000ff;\"><a style=\"color: #0000ff;\" href=\"https:\/\/skinstudio.ee\/lv\/catalog\/medik8-lv\/advanced-pro-collagen-peptide-cream-refill\/\"><span>Pieejams Advanced Pro-Collagen+ Peptide Cream Refill<\/span><\/a><\/span><\/p>\n","protected":false},"featured_media":62640,"template":"","meta":[],"pwb-brand":[1205],"product_brand":[],"product_cat":[737,749,753],"product_tag":[],"giftcard-category":[],"class_list":{"0":"post-55811","1":"product","2":"type-product","3":"status-publish","4":"has-post-thumbnail","6":"pwb-brand-medik8-lv","7":"product_cat-mitrinasana","8":"product_cat-novecojosa-ada","9":"product_cat-travel-size-lv","10":"pa_suurus-12-5ml-lv","11":"pa_suurus-50ml-lv","13":"first","14":"instock","15":"taxable","16":"shipping-taxable","17":"purchasable","18":"product-type-variable"},"acf":[],"brands":[{"id":1205,"name":"Medik8","slug":"medik8-lv"}],"_links":{"self":[{"href":"https:\/\/skinstudio.ee\/lv\/wp-json\/wp\/v2\/product\/55811","targetHints":{"allow":["GET"]}}],"collection":[{"href":"https:\/\/skinstudio.ee\/lv\/wp-json\/wp\/v2\/product"}],"about":[{"href":"https:\/\/skinstudio.ee\/lv\/wp-json\/wp\/v2\/types\/product"}],"version-history":[{"count":2,"href":"https:\/\/skinstudio.ee\/lv\/wp-json\/wp\/v2\/product\/55811\/revisions"}],"predecessor-version":[{"id":82935,"href":"https:\/\/skinstudio.ee\/lv\/wp-json\/wp\/v2\/product\/55811\/revisions\/82935"}],"wp:featuredmedia":[{"embeddable":true,"href":"https:\/\/skinstudio.ee\/lv\/wp-json\/wp\/v2\/media\/62640"}],"wp:attachment":[{"href":"https:\/\/skinstudio.ee\/lv\/wp-json\/wp\/v2\/media?parent=55811"}],"wp:term":[{"taxonomy":"pwb-brand","embeddable":true,"href":"https:\/\/skinstudio.ee\/lv\/wp-json\/wp\/v2\/pwb-brand?post=55811"},{"taxonomy":"product_brand","embeddable":true,"href":"https:\/\/skinstudio.ee\/lv\/wp-json\/wp\/v2\/product_brand?post=55811"},{"taxonomy":"product_cat","embeddable":true,"href":"https:\/\/skinstudio.ee\/lv\/wp-json\/wp\/v2\/product_cat?post=55811"},{"taxonomy":"product_tag","embeddable":true,"href":"https:\/\/skinstudio.ee\/lv\/wp-json\/wp\/v2\/product_tag?post=55811"},{"taxonomy":"giftcard-category","embeddable":true,"href":"https:\/\/skinstudio.ee\/lv\/wp-json\/wp\/v2\/giftcard-category?post=55811"}],"curies":[{"name":"wp","href":"https:\/\/api.w.org\/{rel}","templated":true}]}}