{"id":55820,"date":"2025-10-03T10:28:08","date_gmt":"2025-10-03T10:28:08","guid":{"rendered":"https:\/\/skinstudio.ee\/?post_type=product&#038;p=55820"},"modified":"2025-12-29T09:38:57","modified_gmt":"2025-12-29T09:38:57","slug":"luminous-lift","status":"publish","type":"product","link":"https:\/\/skinstudio.ee\/lv\/catalog\/medik8-lv\/luminous-lift\/","title":{"rendered":"Luminous Lift"},"content":{"rendered":"<p data-start=\"295\" data-end=\"538\">Mirdzo\u0161ai un vesel\u012bgai \u0101dai komplekts <strong data-start=\"340\" data-end=\"357\">Luminous Lift<\/strong> ir ide\u0101ls risin\u0101jums. \u0160is duets apvieno maigu eksfoli\u0101ciju un dzi\u013cu mitrin\u0101\u0161anu, pal\u012bdzot izl\u012bdzin\u0101t \u0101das tekst\u016bru, samazin\u0101t smalk\u0101s grumbi\u0146as un atjaunot svaigumu un starojumu.<\/p>\n<p data-start=\"540\" data-end=\"578\">\u2728 <strong data-start=\"542\" data-end=\"576\">Kas padara \u0161o komplektu \u012bpa\u0161u:<\/strong><\/p>\n<p data-start=\"580\" data-end=\"1066\"><strong data-start=\"580\" data-end=\"596\">Press &amp; Glow<\/strong> ar PHA sk\u0101b\u0113m maigi noloba un atjauno \u0101du, no\u0146emot bl\u0101vas \u0161\u016bnas un net\u012brumus, padarot sejas toni svaig\u0101ku un vienm\u0113r\u012bg\u0101ku bez kairin\u0101juma.<br data-start=\"735\" data-end=\"738\" \/><strong data-start=\"738\" data-end=\"757\">Liquid Peptides<\/strong> nodro\u0161ina intens\u012bvu mitrin\u0101\u0161anu un elast\u012bbu, pateicoties 30% pept\u012bdu kompleksam, izl\u012bdzina grumbi\u0146as, uztur \u0101das tvirtumu un atjauno jaunekl\u012bgu izskatu.<br data-start=\"910\" data-end=\"913\" \/>Kop\u0101 \u0161ie produkti darbojas harmonij\u0101: toniks maigi atjauno \u0101du, bet serums dzi\u013ci mitrina un atjauno, radot gludas, starojo\u0161as un vesel\u012bgas \u0101das efektu.<\/p>\n<p data-start=\"1068\" data-end=\"1132\"><strong data-start=\"1068\" data-end=\"1080\">Tilpums:<\/strong><br data-start=\"1080\" data-end=\"1083\" \/>Liquid Peptides \u2013 30 ml<br data-start=\"1106\" data-end=\"1109\" \/>Press &amp; Glow \u2013 200 ml<\/p>\n","protected":false},"excerpt":{"rendered":"<p data-start=\"1648\" data-end=\"1695\">Apgaismojo\u0161s duets \u0101das gludumam un mirdzumam<\/p>\n<h2 data-start=\"1697\" data-end=\"1798\"><strong data-start=\"1697\" data-end=\"1740\">Medik8 &#8211; Luminous Lift sast\u0101v\u0101 ietilpst<\/strong><\/h2>\n<p data-start=\"1697\" data-end=\"1798\">\u2714\ufe0f Liquid Peptides \u2013 30 ml<br data-start=\"1769\" data-end=\"1772\" \/>\u2714\ufe0f Press &amp; Glow \u2013 200 ml<\/p>\n","protected":false},"featured_media":62650,"template":"","meta":[],"pwb-brand":[1205],"product_brand":[],"product_cat":[764,755],"product_tag":[],"giftcard-category":[],"class_list":{"0":"post-55820","1":"product","2":"type-product","3":"status-publish","4":"has-post-thumbnail","6":"pwb-brand-medik8-lv","7":"product_cat-davanu-ideja","8":"product_cat-komplekts","10":"first","11":"instock","12":"sale","13":"taxable","14":"shipping-taxable","15":"purchasable","16":"product-type-simple"},"acf":[],"brands":[{"id":1205,"name":"Medik8","slug":"medik8-lv"}],"_links":{"self":[{"href":"https:\/\/skinstudio.ee\/lv\/wp-json\/wp\/v2\/product\/55820","targetHints":{"allow":["GET"]}}],"collection":[{"href":"https:\/\/skinstudio.ee\/lv\/wp-json\/wp\/v2\/product"}],"about":[{"href":"https:\/\/skinstudio.ee\/lv\/wp-json\/wp\/v2\/types\/product"}],"version-history":[{"count":0,"href":"https:\/\/skinstudio.ee\/lv\/wp-json\/wp\/v2\/product\/55820\/revisions"}],"wp:featuredmedia":[{"embeddable":true,"href":"https:\/\/skinstudio.ee\/lv\/wp-json\/wp\/v2\/media\/62650"}],"wp:attachment":[{"href":"https:\/\/skinstudio.ee\/lv\/wp-json\/wp\/v2\/media?parent=55820"}],"wp:term":[{"taxonomy":"pwb-brand","embeddable":true,"href":"https:\/\/skinstudio.ee\/lv\/wp-json\/wp\/v2\/pwb-brand?post=55820"},{"taxonomy":"product_brand","embeddable":true,"href":"https:\/\/skinstudio.ee\/lv\/wp-json\/wp\/v2\/product_brand?post=55820"},{"taxonomy":"product_cat","embeddable":true,"href":"https:\/\/skinstudio.ee\/lv\/wp-json\/wp\/v2\/product_cat?post=55820"},{"taxonomy":"product_tag","embeddable":true,"href":"https:\/\/skinstudio.ee\/lv\/wp-json\/wp\/v2\/product_tag?post=55820"},{"taxonomy":"giftcard-category","embeddable":true,"href":"https:\/\/skinstudio.ee\/lv\/wp-json\/wp\/v2\/giftcard-category?post=55820"}],"curies":[{"name":"wp","href":"https:\/\/api.w.org\/{rel}","templated":true}]}}