{"id":55824,"date":"2025-10-03T10:21:30","date_gmt":"2025-10-03T10:21:30","guid":{"rendered":"https:\/\/skinstudio.ee\/?post_type=product&#038;p=55824"},"modified":"2025-12-29T09:38:58","modified_gmt":"2025-12-29T09:38:58","slug":"retinal-rewind","status":"publish","type":"product","link":"https:\/\/skinstudio.ee\/lv\/catalog\/medik8-lv\/retinal-rewind\/","title":{"rendered":"Retinal Rewind"},"content":{"rendered":"<p data-start=\"275\" data-end=\"499\"><strong data-start=\"282\" data-end=\"300\">Retinal Rewind<\/strong> \u2013 kultisks duets ar A vitam\u012bnu, kas izstr\u0101d\u0101ts visaptvero\u0161ai \u0101das atjauno\u0161anai. Komplekt\u0101 ietilpst sejas serums <strong data-start=\"413\" data-end=\"434\">Crystal Retinal 3<\/strong> un \u012bpa\u0161a formula acu zonai <strong data-start=\"462\" data-end=\"496\">Crystal Retinal Ceramide Eye 3<\/strong>.<\/p>\n<p data-start=\"501\" data-end=\"539\">\u2728 <strong data-start=\"503\" data-end=\"537\">Kas padara \u0161o komplektu \u012bpa\u0161u:<\/strong><\/p>\n<p data-start=\"541\" data-end=\"1142\"><strong data-start=\"541\" data-end=\"562\">Crystal Retinal 3<\/strong> aktiviz\u0113 \u0101das atjauno\u0161an\u0101s procesus, redzami izl\u012bdzina tekst\u016bru, samazina smalk\u0101s grumbi\u0146as un pie\u0161\u0137ir sejai stingr\u0101ku, svaig\u0101ku un starojo\u0161\u0101ku izskatu.<br data-start=\"715\" data-end=\"718\" \/><strong data-start=\"718\" data-end=\"752\">Crystal Retinal Ceramide Eye 3<\/strong> saudz\u012bgi iedarbojas uz jut\u012bgo \u0101du ap ac\u012bm \u2013 stiprina to, izl\u012bdzina grumbi\u0146as un mazina pirm\u0101s noguruma paz\u012bmes.<br data-start=\"864\" data-end=\"867\" \/><strong data-start=\"867\" data-end=\"877\">Medik8<\/strong> patent\u0113t\u0101 stabilit\u0101tes sist\u0113ma nodro\u0161ina maksim\u0101lu retin\u0101la aktivit\u0101ti redzamam un ilgsto\u0161am efektam.<br data-start=\"979\" data-end=\"982\" \/>Kop\u0101 \u0161ie produkti darbojas k\u0101 pilnv\u0113rt\u012bga pretnoveco\u0161an\u0101s programma \u2013 stiprina \u0101du, padara to bl\u012bv\u0101ku un starojo\u0161\u0101ku, atjauno svaigumu un l\u012bdzsvarotu izskatu.<\/p>\n<p data-start=\"1144\" data-end=\"1227\"><strong data-start=\"1144\" data-end=\"1156\">Tilpums:<\/strong><br data-start=\"1156\" data-end=\"1159\" \/>Crystal Retinal 3 \u2013 30 ml<br data-start=\"1184\" data-end=\"1187\" \/>Crystal Retinal Ceramide Eye 3 \u2013 15 ml<\/p>\n","protected":false},"excerpt":{"rendered":"<p data-start=\"1787\" data-end=\"1837\">Duets ar retin\u0101lu \u0101das atjauno\u0161anai un tvirtumam<\/p>\n<h2 data-start=\"1839\" data-end=\"1960\"><strong data-start=\"1839\" data-end=\"1883\">Medik8 &#8211; Retinal Rewind sast\u0101v\u0101 ietilpst<\/strong><\/h2>\n<p data-start=\"1839\" data-end=\"1960\">\u2714\ufe0f Crystal Retinal 3 \u2013 30 ml<br data-start=\"1914\" data-end=\"1917\" \/>\u2714\ufe0f Crystal Retinal Ceramide Eye 3 \u2013 15 ml<\/p>\n","protected":false},"featured_media":62655,"template":"","meta":[],"pwb-brand":[1205],"product_brand":[],"product_cat":[764,755],"product_tag":[],"giftcard-category":[],"class_list":{"0":"post-55824","1":"product","2":"type-product","3":"status-publish","4":"has-post-thumbnail","6":"pwb-brand-medik8-lv","7":"product_cat-davanu-ideja","8":"product_cat-komplekts","10":"first","11":"instock","12":"sale","13":"taxable","14":"shipping-taxable","15":"purchasable","16":"product-type-simple"},"acf":[],"brands":[{"id":1205,"name":"Medik8","slug":"medik8-lv"}],"_links":{"self":[{"href":"https:\/\/skinstudio.ee\/lv\/wp-json\/wp\/v2\/product\/55824","targetHints":{"allow":["GET"]}}],"collection":[{"href":"https:\/\/skinstudio.ee\/lv\/wp-json\/wp\/v2\/product"}],"about":[{"href":"https:\/\/skinstudio.ee\/lv\/wp-json\/wp\/v2\/types\/product"}],"version-history":[{"count":0,"href":"https:\/\/skinstudio.ee\/lv\/wp-json\/wp\/v2\/product\/55824\/revisions"}],"wp:featuredmedia":[{"embeddable":true,"href":"https:\/\/skinstudio.ee\/lv\/wp-json\/wp\/v2\/media\/62655"}],"wp:attachment":[{"href":"https:\/\/skinstudio.ee\/lv\/wp-json\/wp\/v2\/media?parent=55824"}],"wp:term":[{"taxonomy":"pwb-brand","embeddable":true,"href":"https:\/\/skinstudio.ee\/lv\/wp-json\/wp\/v2\/pwb-brand?post=55824"},{"taxonomy":"product_brand","embeddable":true,"href":"https:\/\/skinstudio.ee\/lv\/wp-json\/wp\/v2\/product_brand?post=55824"},{"taxonomy":"product_cat","embeddable":true,"href":"https:\/\/skinstudio.ee\/lv\/wp-json\/wp\/v2\/product_cat?post=55824"},{"taxonomy":"product_tag","embeddable":true,"href":"https:\/\/skinstudio.ee\/lv\/wp-json\/wp\/v2\/product_tag?post=55824"},{"taxonomy":"giftcard-category","embeddable":true,"href":"https:\/\/skinstudio.ee\/lv\/wp-json\/wp\/v2\/giftcard-category?post=55824"}],"curies":[{"name":"wp","href":"https:\/\/api.w.org\/{rel}","templated":true}]}}