{"id":55840,"date":"2025-04-09T11:33:53","date_gmt":"2025-04-09T11:33:53","guid":{"rendered":"https:\/\/skinstudio.ee\/?post_type=product&#038;p=55840"},"modified":"2025-12-29T09:38:54","modified_gmt":"2025-12-29T09:38:54","slug":"c-tetra-advanced","status":"publish","type":"product","link":"https:\/\/skinstudio.ee\/lv\/catalog\/medik8-lv\/c-tetra-advanced\/","title":{"rendered":"C-Tetra Advanced"},"content":{"rendered":"<p data-start=\"315\" data-end=\"538\">C-Tetra Advanced ir inovat\u012bvs jaun\u0101s paaudzes pretnoveco\u0161an\u0101s serums ar 20% stabilas C vitam\u012bna formas saturu, kas paredz\u0113ts \u0101das mirdzuma atjauno\u0161anai, to\u0146a izl\u012bdzin\u0101\u0161anai un aizsardz\u012bbai pret ikdienas oksidat\u012bvo stresu.<\/p>\n<p data-start=\"540\" data-end=\"902\">T\u0101 ultraviegla, kr\u0113mveida tekst\u016bra acumirkl\u012b ies\u016bcas \u0101d\u0101, neatst\u0101jot lip\u012bgu saj\u016btu, un pie\u0161\u0137ir svaiguma un mitruma efektu. Formula, kas bag\u0101tin\u0101ta ar lip\u012bdos \u0161\u0137\u012bsto\u0161u tetraheksildecilaskorb\u0101tu \u2013 vienu no stabil\u0101kaj\u0101m C vitam\u012bna form\u0101m \u2013 k\u0101 ar\u012b ar E un F vitam\u012bniem, pal\u012bdz neitraliz\u0113t br\u012bvos radik\u0101\u013cus, stiprina \u0101das aizsargbarjeru un veicina kolag\u0113na sint\u0113zi.<\/p>\n<p data-start=\"904\" data-end=\"1142\">Regul\u0101ri lietojot, serums uzlabo \u0101das tekst\u016bru un elast\u012bbu, pie\u0161\u0137ir vesel\u012bgu, vienm\u0113r\u012bgu un starojo\u0161u toni. Jau p\u0113c da\u017e\u0101m lieto\u0161anas reiz\u0113m \u0101da k\u013c\u016bst tvirt\u0101ka, glud\u0101ka un mitrin\u0101t\u0101ka, ieg\u016bstot dabisku aizsardz\u012bbu pret oksidat\u012bvo stresu.<\/p>\n<p data-start=\"1144\" data-end=\"1164\"><strong data-start=\"1144\" data-end=\"1156\">Tilpums:<\/strong> 30 ml<\/p>\n","protected":false},"excerpt":{"rendered":"<p data-start=\"1350\" data-end=\"1399\">Viegls pretnoveco\u0161an\u0101s serums ar 20% C vitam\u012bnu<\/p>\n<h2 data-start=\"1401\" data-end=\"1635\"><strong data-start=\"1401\" data-end=\"1439\">\u012apa\u0161\u012bbas MEDIK8 &#8211; C-Tetra Advanced<\/strong><\/h2>\n<p data-start=\"1401\" data-end=\"1635\">\u2714\ufe0f Piem\u0113rots visiem \u0101das tipiem<br data-start=\"1473\" data-end=\"1476\" \/>\u2714\ufe0f Viegla, kr\u0113m\u012bga tekst\u016bra ar \u0101tru ies\u016bk\u0161anos<br data-start=\"1522\" data-end=\"1525\" \/>\u2714\ufe0f Atst\u0101j \u0101du svaigu un maigu<br data-start=\"1554\" data-end=\"1557\" \/>\u2714\ufe0f Mitrina, stiprina un aizsarg\u0101 \u0101du<br data-start=\"1593\" data-end=\"1596\" \/>\u2714\ufe0f Izl\u012bdzina toni un pie\u0161\u0137ir mirdzumu<\/p>\n","protected":false},"featured_media":62675,"template":"","meta":[],"pwb-brand":[1205],"product_brand":[],"product_cat":[729,723],"product_tag":[],"giftcard-category":[],"class_list":{"0":"post-55840","1":"product","2":"type-product","3":"status-publish","4":"has-post-thumbnail","6":"pwb-brand-medik8-lv","7":"product_cat-c-vitamins","8":"product_cat-serumi","10":"first","11":"instock","12":"taxable","13":"shipping-taxable","14":"purchasable","15":"product-type-simple"},"acf":[],"brands":[{"id":1205,"name":"Medik8","slug":"medik8-lv"}],"_links":{"self":[{"href":"https:\/\/skinstudio.ee\/lv\/wp-json\/wp\/v2\/product\/55840","targetHints":{"allow":["GET"]}}],"collection":[{"href":"https:\/\/skinstudio.ee\/lv\/wp-json\/wp\/v2\/product"}],"about":[{"href":"https:\/\/skinstudio.ee\/lv\/wp-json\/wp\/v2\/types\/product"}],"version-history":[{"count":0,"href":"https:\/\/skinstudio.ee\/lv\/wp-json\/wp\/v2\/product\/55840\/revisions"}],"wp:featuredmedia":[{"embeddable":true,"href":"https:\/\/skinstudio.ee\/lv\/wp-json\/wp\/v2\/media\/62675"}],"wp:attachment":[{"href":"https:\/\/skinstudio.ee\/lv\/wp-json\/wp\/v2\/media?parent=55840"}],"wp:term":[{"taxonomy":"pwb-brand","embeddable":true,"href":"https:\/\/skinstudio.ee\/lv\/wp-json\/wp\/v2\/pwb-brand?post=55840"},{"taxonomy":"product_brand","embeddable":true,"href":"https:\/\/skinstudio.ee\/lv\/wp-json\/wp\/v2\/product_brand?post=55840"},{"taxonomy":"product_cat","embeddable":true,"href":"https:\/\/skinstudio.ee\/lv\/wp-json\/wp\/v2\/product_cat?post=55840"},{"taxonomy":"product_tag","embeddable":true,"href":"https:\/\/skinstudio.ee\/lv\/wp-json\/wp\/v2\/product_tag?post=55840"},{"taxonomy":"giftcard-category","embeddable":true,"href":"https:\/\/skinstudio.ee\/lv\/wp-json\/wp\/v2\/giftcard-category?post=55840"}],"curies":[{"name":"wp","href":"https:\/\/api.w.org\/{rel}","templated":true}]}}