{"id":55844,"date":"2025-03-15T10:15:39","date_gmt":"2025-03-15T10:15:39","guid":{"rendered":"https:\/\/skinstudio.ee\/?post_type=product&#038;p=55844"},"modified":"2025-12-29T09:38:54","modified_gmt":"2025-12-29T09:38:54","slug":"advanced-day-ultimate-protect-spf-50","status":"publish","type":"product","link":"https:\/\/skinstudio.ee\/lv\/catalog\/medik8-lv\/advanced-day-ultimate-protect-spf-50\/","title":{"rendered":"Advanced Day Ultimate Protect SPF 50"},"content":{"rendered":"<p data-start=\"230\" data-end=\"857\"><strong data-start=\"237\" data-end=\"289\">Ikdienas mitrino\u0161s dienas kr\u0113ms ar SPF50+ PA++++<\/strong>, kas pal\u012bdz aizsarg\u0101t \u0101du no kait\u012bgajiem UVA\/UVB stariem, zil\u0101s un infrasarkan\u0101s gaismas, glik\u0101cijas un pies\u0101r\u0146ojuma.<br data-start=\"407\" data-end=\"410\" \/>Jaun\u0101s paaudzes DNS atjauno\u0161anas fermenti atbalsta \u0101das dabiskos atjauno\u0161an\u0101s meh\u0101nismus p\u0113c ultraviolet\u0101 starojuma iedarb\u012bbas. Neredzama 360\u00b0 ekolo\u0123isk\u0101 barjera pal\u012bdz aizsarg\u0101t \u0101du no \u0101r\u0113j\u0101s vides ietekmes.<br data-start=\"618\" data-end=\"621\" \/>\u0160is mitrino\u0161ais kr\u0113ms, kas bag\u0101tin\u0101ts ar da\u017e\u0101das molekulmasas hialuronsk\u0101bi un barojo\u0161u skval\u0101nu, paredz\u0113ts \u0101das aizsardz\u012bbai un mitrin\u0101\u0161anai. Turkl\u0101t tas pal\u012bdz nov\u0113rst priek\u0161laic\u012bgas noveco\u0161an\u0101s paz\u012bmes, ko izraisa saules starojums.<\/p>\n<p data-start=\"859\" data-end=\"879\"><strong data-start=\"859\" data-end=\"871\">Tilpums:<\/strong> 50 ml<\/p>\n","protected":false},"excerpt":{"rendered":"<p data-start=\"1280\" data-end=\"1323\">Ikdienas mitrino\u0161s dienas kr\u0113ms ar SPF50+<\/p>\n<h2 data-start=\"1325\" data-end=\"1720\"><strong data-start=\"1325\" data-end=\"1383\">Medik8 &#8211; Advanced Day Ultimate Protect SPF 50 \u012bpa\u0161\u012bbas<\/strong><\/h2>\n<p data-start=\"1325\" data-end=\"1720\">\u2714\ufe0f Maksim\u0101la pla\u0161a spektra aizsardz\u012bba SPF 50+ pret UVA\/UVB<br data-start=\"1445\" data-end=\"1448\" \/>\u2714\ufe0f Nov\u0113r\u0161 fotonoveco\u0161anos un pigment\u0101cijas veido\u0161anos<br data-start=\"1501\" data-end=\"1504\" \/>\u2714\ufe0f Bag\u0101tin\u0101ts ar sp\u0113c\u012bgiem antioksidantiem br\u012bvo radik\u0101\u013cu neitraliz\u0113\u0161anai<br data-start=\"1577\" data-end=\"1580\" \/>\u2714\ufe0f Mitrina \u0101du un saglab\u0101 komfortu visas dienas garum\u0101<br data-start=\"1634\" data-end=\"1637\" \/>\u2714\ufe0f Vieglas tekst\u016bras kr\u0113ms bez taukainas sp\u012bduma, ide\u0101li piem\u0113rots grima pamatnei<\/p>\n","protected":false},"featured_media":29303,"template":"","meta":[],"pwb-brand":[1205],"product_brand":[],"product_cat":[731],"product_tag":[],"giftcard-category":[],"class_list":{"0":"post-55844","1":"product","2":"type-product","3":"status-publish","4":"has-post-thumbnail","6":"pwb-brand-medik8-lv","7":"product_cat-spf-aizsardziba","9":"first","10":"instock","11":"taxable","12":"shipping-taxable","13":"purchasable","14":"product-type-simple"},"acf":[],"brands":[{"id":1205,"name":"Medik8","slug":"medik8-lv"}],"_links":{"self":[{"href":"https:\/\/skinstudio.ee\/lv\/wp-json\/wp\/v2\/product\/55844","targetHints":{"allow":["GET"]}}],"collection":[{"href":"https:\/\/skinstudio.ee\/lv\/wp-json\/wp\/v2\/product"}],"about":[{"href":"https:\/\/skinstudio.ee\/lv\/wp-json\/wp\/v2\/types\/product"}],"version-history":[{"count":0,"href":"https:\/\/skinstudio.ee\/lv\/wp-json\/wp\/v2\/product\/55844\/revisions"}],"wp:featuredmedia":[{"embeddable":true,"href":"https:\/\/skinstudio.ee\/lv\/wp-json\/wp\/v2\/media\/29303"}],"wp:attachment":[{"href":"https:\/\/skinstudio.ee\/lv\/wp-json\/wp\/v2\/media?parent=55844"}],"wp:term":[{"taxonomy":"pwb-brand","embeddable":true,"href":"https:\/\/skinstudio.ee\/lv\/wp-json\/wp\/v2\/pwb-brand?post=55844"},{"taxonomy":"product_brand","embeddable":true,"href":"https:\/\/skinstudio.ee\/lv\/wp-json\/wp\/v2\/product_brand?post=55844"},{"taxonomy":"product_cat","embeddable":true,"href":"https:\/\/skinstudio.ee\/lv\/wp-json\/wp\/v2\/product_cat?post=55844"},{"taxonomy":"product_tag","embeddable":true,"href":"https:\/\/skinstudio.ee\/lv\/wp-json\/wp\/v2\/product_tag?post=55844"},{"taxonomy":"giftcard-category","embeddable":true,"href":"https:\/\/skinstudio.ee\/lv\/wp-json\/wp\/v2\/giftcard-category?post=55844"}],"curies":[{"name":"wp","href":"https:\/\/api.w.org\/{rel}","templated":true}]}}