{"id":55852,"date":"2025-02-06T11:25:42","date_gmt":"2025-02-06T11:25:42","guid":{"rendered":"https:\/\/skinstudio.ee\/?post_type=product&#038;p=55852"},"modified":"2025-12-29T09:38:57","modified_gmt":"2025-12-29T09:38:57","slug":"liquid-peptides-advanced-mp","status":"publish","type":"product","link":"https:\/\/skinstudio.ee\/lv\/catalog\/medik8\/liquid-peptides-advanced-mp\/","title":{"rendered":"Liquid Peptides Advanced MP"},"content":{"rendered":"<p data-start=\"273\" data-end=\"634\"><strong data-start=\"280\" data-end=\"331\">Liquid Peptides Advanced MP: Dual MiniProteins\u2122<\/strong> \u2013 izr\u0101viena biotehnolo\u0123ija, kas no jauna defin\u0113 grumbu samazin\u0101\u0161anas procesu. Kl\u012bniski pier\u0101d\u012bts, ka serums samazina mimikas grumbu redzam\u012bbu jau p\u0113c 10 min\u016bt\u0113m un iev\u0113rojami mazina dzi\u013c\u0101s grumbas 8 ned\u0113\u013cu laik\u0101. \u0160is progres\u012bvais produkts apvieno farmaceitisko precizit\u0101ti ar sp\u0113c\u012bgu pept\u012bdu zin\u0101tni.<\/p>\n<p data-start=\"636\" data-end=\"1025\">Nodro\u0161inot efektu, kas l\u012bdzin\u0101s pildvielu iedarb\u012bbai, jaun\u0101k\u0101 inov\u0101cija iedarbojas uz grumb\u0101m to veido\u0161an\u0101s pamat\u0101. <strong data-start=\"752\" data-end=\"784\">Expression Line MiniProtein\u2122<\/strong> pal\u012bdz atsl\u0101bin\u0101t un izl\u012bdzin\u0101t dinamisk\u0101s mimikas grumbas, samazinot to dzi\u013cumu. <strong data-start=\"867\" data-end=\"897\">Growth Factor MiniProtein\u2122<\/strong> uzlabo \u0101das strukt\u016bru, uzturot kolag\u0113na, elast\u012bna un hialuronsk\u0101bes l\u012bmeni, padarot \u0101du glud\u0101ku un tvirt\u0101ku ar katru pilienu.<\/p>\n<p data-start=\"1027\" data-end=\"1047\"><strong data-start=\"1027\" data-end=\"1039\">Tilpums:<\/strong> 30 ml<\/p>\n","protected":false},"excerpt":{"rendered":"<h2 class=\"p1\"><strong data-start=\"1308\" data-end=\"1357\">Medik8 &#8211; Liquid Peptides Advanced MP \u012bpa\u0161\u012bbas<\/strong><\/h2>\n<p class=\"p1\">\u2714\ufe0f Atsl\u0101bina mimikas grumbas<br data-start=\"1388\" data-end=\"1391\" \/>\u2714\ufe0f Stimul\u0113 kolag\u0113na un elast\u012bna sint\u0113zi<br data-start=\"1430\" data-end=\"1433\" \/>\u2714\ufe0f Uzlabo \u0101das tekst\u016bru un tvirtumu<br data-start=\"1468\" data-end=\"1471\" \/>\u2714\ufe0f Nodro\u0161ina dzi\u013cu mitrin\u0101\u0161anu<br data-start=\"1501\" data-end=\"1504\" \/>\u2714\ufe0f Aizsarg\u0101 \u0101das aizsargbarjeru<\/p>\n","protected":false},"featured_media":63110,"template":"","meta":[],"pwb-brand":[1205],"product_brand":[],"product_cat":[749,723],"product_tag":[],"giftcard-category":[],"class_list":{"0":"post-55852","1":"product","2":"type-product","3":"status-publish","4":"has-post-thumbnail","6":"pwb-brand-medik8","7":"product_cat-novecojosa-ada","8":"product_cat-serumi","10":"first","11":"instock","12":"taxable","13":"shipping-taxable","14":"purchasable","15":"product-type-simple"},"acf":[],"brands":[{"id":1205,"name":"Medik8","slug":"medik8"}],"_links":{"self":[{"href":"https:\/\/skinstudio.ee\/lv\/wp-json\/wp\/v2\/product\/55852","targetHints":{"allow":["GET"]}}],"collection":[{"href":"https:\/\/skinstudio.ee\/lv\/wp-json\/wp\/v2\/product"}],"about":[{"href":"https:\/\/skinstudio.ee\/lv\/wp-json\/wp\/v2\/types\/product"}],"version-history":[{"count":0,"href":"https:\/\/skinstudio.ee\/lv\/wp-json\/wp\/v2\/product\/55852\/revisions"}],"wp:featuredmedia":[{"embeddable":true,"href":"https:\/\/skinstudio.ee\/lv\/wp-json\/wp\/v2\/media\/63110"}],"wp:attachment":[{"href":"https:\/\/skinstudio.ee\/lv\/wp-json\/wp\/v2\/media?parent=55852"}],"wp:term":[{"taxonomy":"pwb-brand","embeddable":true,"href":"https:\/\/skinstudio.ee\/lv\/wp-json\/wp\/v2\/pwb-brand?post=55852"},{"taxonomy":"product_brand","embeddable":true,"href":"https:\/\/skinstudio.ee\/lv\/wp-json\/wp\/v2\/product_brand?post=55852"},{"taxonomy":"product_cat","embeddable":true,"href":"https:\/\/skinstudio.ee\/lv\/wp-json\/wp\/v2\/product_cat?post=55852"},{"taxonomy":"product_tag","embeddable":true,"href":"https:\/\/skinstudio.ee\/lv\/wp-json\/wp\/v2\/product_tag?post=55852"},{"taxonomy":"giftcard-category","embeddable":true,"href":"https:\/\/skinstudio.ee\/lv\/wp-json\/wp\/v2\/giftcard-category?post=55852"}],"curies":[{"name":"wp","href":"https:\/\/api.w.org\/{rel}","templated":true}]}}