{"id":55856,"date":"2025-02-04T19:12:21","date_gmt":"2025-02-04T19:12:21","guid":{"rendered":"https:\/\/skinstudio.ee\/?post_type=product&#038;p=55856"},"modified":"2026-02-10T10:35:02","modified_gmt":"2026-02-10T10:35:02","slug":"ultimate-recovery-bio-cellulose-mask","status":"publish","type":"product","link":"https:\/\/skinstudio.ee\/lv\/catalog\/medik8-lv\/ultimate-recovery-bio-cellulose-mask\/","title":{"rendered":"Ultimate Recovery Bio-Cellulose Mask"},"content":{"rendered":"<p data-start=\"3387\" data-end=\"3693\">Ultimate Recovery Bio-Cellulose Mask no MEDIK8 ir intens\u012bva atjaunojo\u0161a lok\u0161\u0146u maska, kas pal\u012bdz \u0101tri nomierin\u0101t \u0101du, nodro\u0161ina dzi\u013cu mitrin\u0101\u0161anu un atbalsta \u0101das atjauno\u0161anos p\u0113c stresa faktoriem. Uzkl\u0101\u0161anas laik\u0101 t\u0101 sniedz pat\u012bkamu dzes\u0113jo\u0161u efektu, pal\u012bdzot samazin\u0101t \u0101das jut\u012bgumu un atjaunot komfortu.<\/p>\n<p data-start=\"3695\" data-end=\"3883\">Bioselulozes materi\u0101ls cie\u0161i piegu\u013c \u0101dai, nodro\u0161inot optim\u0101lu akt\u012bvo sast\u0101vda\u013cu iedarb\u012bbu. Maska pal\u012bdz uztur\u0113t mitruma l\u012bmeni, stiprina \u0101das aizsargbarjeru un uzlabo kop\u0113jo \u0101das st\u0101vokli.<\/p>\n<h4 data-start=\"3885\" data-end=\"3920\">K\u0101 darbojas galven\u0101s sast\u0101vda\u013cas:<\/h4>\n<p data-start=\"3922\" data-end=\"4248\"><strong data-start=\"3922\" data-end=\"3932\">Cinks:<\/strong> pal\u012bdz mazin\u0101t iekaisuma paz\u012bmes un uztur\u0113t \u0101das l\u012bdzsvaru.<br data-start=\"3992\" data-end=\"3995\" \/><strong data-start=\"3995\" data-end=\"4013\">Hialuronsk\u0101be:<\/strong> nodro\u0161ina intens\u012bvu mitrin\u0101\u0161anu un pal\u012bdz saglab\u0101t \u0101das elast\u012bbu.<br data-start=\"4079\" data-end=\"4082\" \/><strong data-start=\"4082\" data-end=\"4107\">J\u016bras a\u013c\u0123u ekstrakts:<\/strong> miner\u0101lviel\u0101m bag\u0101ts komponents ar antioksidat\u012bvu iedarb\u012bbu.<br data-start=\"4168\" data-end=\"4171\" \/><strong data-start=\"4171\" data-end=\"4187\">Bioseluloze:<\/strong> nodro\u0161ina cie\u0161u piegul\u0161anu un efekt\u012bvu akt\u012bvo vielu pieg\u0101di.<\/p>\n<p data-start=\"4250\" data-end=\"4317\">Lietojama, kad \u0101dai nepiecie\u0161ama \u0101tra atjauno\u0161ana un nomierin\u0101\u0161ana.<\/p>\n<p data-start=\"4319\" data-end=\"4338\"><strong data-start=\"4319\" data-end=\"4331\">Tilpums:<\/strong> 1 gab.<\/p>\n","protected":false},"excerpt":{"rendered":"<p data-start=\"4467\" data-end=\"4504\">Atjaunojo\u0161a bioselulozes lok\u0161\u0146u maska<\/p>\n<h2 data-start=\"4506\" data-end=\"4564\"><strong data-start=\"4506\" data-end=\"4564\">\u012apa\u0161\u012bbas MEDIK8 &#8211; Ultimate Recovery Bio-Cellulose Mask<\/strong><\/h2>\n<p data-start=\"4566\" data-end=\"4742\">\u2714\ufe0f Atbalsta intens\u012bvu \u0101das atjauno\u0161anos<br data-start=\"4605\" data-end=\"4608\" \/>\u2714\ufe0f Pal\u012bdz nomierin\u0101t jut\u012bgu \u0101du<br data-start=\"4639\" data-end=\"4642\" \/>\u2714\ufe0f Nodro\u0161ina dzi\u013cu mitrin\u0101\u0161anu<br data-start=\"4672\" data-end=\"4675\" \/>\u2714\ufe0f Stiprina \u0101das aizsargbarjeru<br data-start=\"4706\" data-end=\"4709\" \/>\u2714\ufe0f Padara \u0101du glud\u0101ku un svaig\u0101ku<\/p>\n","protected":false},"featured_media":62720,"template":"","meta":[],"pwb-brand":[1205],"product_brand":[],"product_cat":[725,737,739],"product_tag":[],"giftcard-category":[],"class_list":{"0":"post-55856","1":"product","2":"type-product","3":"status-publish","4":"has-post-thumbnail","6":"pwb-brand-medik8-lv","7":"product_cat-maskas","8":"product_cat-mitrinasana","9":"product_cat-sausai-adai","11":"first","12":"instock","13":"taxable","14":"shipping-taxable","15":"purchasable","16":"product-type-simple"},"acf":[],"brands":[{"id":1205,"name":"Medik8","slug":"medik8-lv"}],"_links":{"self":[{"href":"https:\/\/skinstudio.ee\/lv\/wp-json\/wp\/v2\/product\/55856","targetHints":{"allow":["GET"]}}],"collection":[{"href":"https:\/\/skinstudio.ee\/lv\/wp-json\/wp\/v2\/product"}],"about":[{"href":"https:\/\/skinstudio.ee\/lv\/wp-json\/wp\/v2\/types\/product"}],"version-history":[{"count":1,"href":"https:\/\/skinstudio.ee\/lv\/wp-json\/wp\/v2\/product\/55856\/revisions"}],"predecessor-version":[{"id":79869,"href":"https:\/\/skinstudio.ee\/lv\/wp-json\/wp\/v2\/product\/55856\/revisions\/79869"}],"wp:featuredmedia":[{"embeddable":true,"href":"https:\/\/skinstudio.ee\/lv\/wp-json\/wp\/v2\/media\/62720"}],"wp:attachment":[{"href":"https:\/\/skinstudio.ee\/lv\/wp-json\/wp\/v2\/media?parent=55856"}],"wp:term":[{"taxonomy":"pwb-brand","embeddable":true,"href":"https:\/\/skinstudio.ee\/lv\/wp-json\/wp\/v2\/pwb-brand?post=55856"},{"taxonomy":"product_brand","embeddable":true,"href":"https:\/\/skinstudio.ee\/lv\/wp-json\/wp\/v2\/product_brand?post=55856"},{"taxonomy":"product_cat","embeddable":true,"href":"https:\/\/skinstudio.ee\/lv\/wp-json\/wp\/v2\/product_cat?post=55856"},{"taxonomy":"product_tag","embeddable":true,"href":"https:\/\/skinstudio.ee\/lv\/wp-json\/wp\/v2\/product_tag?post=55856"},{"taxonomy":"giftcard-category","embeddable":true,"href":"https:\/\/skinstudio.ee\/lv\/wp-json\/wp\/v2\/giftcard-category?post=55856"}],"curies":[{"name":"wp","href":"https:\/\/api.w.org\/{rel}","templated":true}]}}