{"id":55868,"date":"2024-06-17T11:54:28","date_gmt":"2024-06-17T11:54:28","guid":{"rendered":"https:\/\/skinstudio.ee\/?post_type=product&#038;p=55868"},"modified":"2026-03-23T10:42:16","modified_gmt":"2026-03-23T10:42:16","slug":"crystal-retinal-ceramide-eye","status":"publish","type":"product","link":"https:\/\/skinstudio.ee\/lv\/catalog\/medik8-lv\/crystal-retinal-ceramide-eye\/","title":{"rendered":"Crystal Retinal Ceramide Eye"},"content":{"rendered":"<p data-start=\"98\" data-end=\"359\"><strong data-start=\"98\" data-end=\"140\">Crystal Retinal Ceramide Eye no Medik8<\/strong> &#8211; nakts acu kr\u0113ms ar retinalu, kas paredz\u0113ts grumbu samazin\u0101\u0161anai, t\u016bskas mazin\u0101\u0161anai un tum\u0161o loku izgaismo\u0161anai. Kl\u012bniski pier\u0101d\u012bta formula nodro\u0161ina intens\u012bvu \u0101das atjauno\u0161anos bez kairin\u0101juma pat jut\u012bgaj\u0101 acu zon\u0101.<\/p>\n<p data-start=\"361\" data-end=\"654\">Crystal Retinal Ceramide Eye satur retinAL &#8211; n\u0101kam\u0101s paaudzes A vitam\u012bna formu, kas darbojas l\u012bdz 11 reiz\u0113m \u0101tr\u0101k nek\u0101 klasiskais retinols. Dubult\u0101s enkapsul\u0101cijas tehnolo\u0123ija nodro\u0161ina pak\u0101penisku retinala izdal\u012b\u0161anos, apvienojot augstu efektivit\u0101ti ar maksim\u0101lu komfortu acu zonai.<\/p>\n<p data-start=\"656\" data-end=\"897\">Formula papildin\u0101ta ar ceram\u012bdiem un mitrino\u0161iem komponentiem, kas stiprina \u0101das barjeru, samazina sausumu un padara acu zonu glud\u0101ku, tvirt\u0101ku un vizu\u0101li atp\u016btu\u0161os. Pieejamas 3 progres\u012bvas stipr\u012bbas, \u013caujot pak\u0101peniski palielin\u0101t iedarb\u012bbu.<\/p>\n<p data-start=\"899\" data-end=\"937\"><strong data-start=\"899\" data-end=\"935\">Darb\u012bba akt\u012bvajiem komponentiem:<\/strong><\/p>\n<p data-start=\"939\" data-end=\"1068\">\u2022 <strong data-start=\"941\" data-end=\"979\">Dubulti enkapsul\u0113ts retinaldeh\u012bds:<\/strong> pa\u0101trina \u0101das atjauno\u0161anos, samazina grumbas, izgaismo tum\u0161os lokus un uzlabo tekst\u016bru<\/p>\n<p data-start=\"1070\" data-end=\"1145\">\u2022 <strong data-start=\"1072\" data-end=\"1085\">Ceram\u012bdi:<\/strong> atjauno \u0101das aizsargbarjeru un uzlabo mitruma saglab\u0101\u0161anu<\/p>\n<p data-start=\"1147\" data-end=\"1233\">\u2022 <strong data-start=\"1149\" data-end=\"1175\">Hialuronsk\u0101bes sf\u0113ras:<\/strong> vizu\u0101li aizpilda smalk\u0101s l\u012bnijas un uzlabo \u0101das gludumu<\/p>\n<p data-start=\"1235\" data-end=\"1393\"><strong data-start=\"1235\" data-end=\"1281\">Kam piem\u0113rots Crystal Retinal Ceramide Eye: <\/strong>acu zonai ar grumb\u0101m, tum\u0161ajiem lokiem, t\u016bsku un noguruma paz\u012bm\u0113m, k\u0101 ar\u012b pak\u0101peniskai A vitam\u012bna ievie\u0161anai.<\/p>\n<p data-start=\"1395\" data-end=\"1415\"><strong data-start=\"1395\" data-end=\"1413\">Tilpums: 15 ml<\/strong><\/p>\n","protected":false},"excerpt":{"rendered":"<p data-start=\"1838\" data-end=\"1869\">Nakts acu kr\u0113ms ar A vitam\u012bnu<\/p>\n<h2 data-start=\"1871\" data-end=\"1921\"><strong data-start=\"1871\" data-end=\"1921\">\u012apa\u0161\u012bbas Medik8 &#8211; Crystal Retinal Ceramide Eye<\/strong><\/h2>\n<p data-start=\"1923\" data-end=\"2109\">\u2714\ufe0f Samazina grumbas un \u201cv\u0101rnu k\u0101ji\u0146as\u201d<br data-start=\"1961\" data-end=\"1964\" \/>\u2714\ufe0f Izgaismo tum\u0161os lokus zem ac\u012bm<br data-start=\"1997\" data-end=\"2000\" \/>\u2714\ufe0f Mazina t\u016bsku un noguruma paz\u012bmes<br data-start=\"2035\" data-end=\"2038\" \/>\u2714\ufe0f Stiprina \u0101das aizsargbarjeru<br data-start=\"2069\" data-end=\"2072\" \/>\u2714\ufe0f Nodro\u0161ina efektu bez kairin\u0101juma<\/p>\n","protected":false},"featured_media":62735,"template":"","meta":[],"pwb-brand":[1205],"product_brand":[],"product_cat":[727,733],"product_tag":[],"giftcard-category":[],"class_list":{"0":"post-55868","1":"product","2":"type-product","3":"status-publish","4":"has-post-thumbnail","6":"pwb-brand-medik8-lv","7":"product_cat-a-vitamins-retinols","8":"product_cat-ada-ap-acim","10":"first","11":"instock","12":"taxable","13":"shipping-taxable","14":"purchasable","15":"product-type-variable"},"acf":[],"brands":[{"id":1205,"name":"Medik8","slug":"medik8-lv"}],"_links":{"self":[{"href":"https:\/\/skinstudio.ee\/lv\/wp-json\/wp\/v2\/product\/55868","targetHints":{"allow":["GET"]}}],"collection":[{"href":"https:\/\/skinstudio.ee\/lv\/wp-json\/wp\/v2\/product"}],"about":[{"href":"https:\/\/skinstudio.ee\/lv\/wp-json\/wp\/v2\/types\/product"}],"version-history":[{"count":2,"href":"https:\/\/skinstudio.ee\/lv\/wp-json\/wp\/v2\/product\/55868\/revisions"}],"predecessor-version":[{"id":87761,"href":"https:\/\/skinstudio.ee\/lv\/wp-json\/wp\/v2\/product\/55868\/revisions\/87761"}],"wp:featuredmedia":[{"embeddable":true,"href":"https:\/\/skinstudio.ee\/lv\/wp-json\/wp\/v2\/media\/62735"}],"wp:attachment":[{"href":"https:\/\/skinstudio.ee\/lv\/wp-json\/wp\/v2\/media?parent=55868"}],"wp:term":[{"taxonomy":"pwb-brand","embeddable":true,"href":"https:\/\/skinstudio.ee\/lv\/wp-json\/wp\/v2\/pwb-brand?post=55868"},{"taxonomy":"product_brand","embeddable":true,"href":"https:\/\/skinstudio.ee\/lv\/wp-json\/wp\/v2\/product_brand?post=55868"},{"taxonomy":"product_cat","embeddable":true,"href":"https:\/\/skinstudio.ee\/lv\/wp-json\/wp\/v2\/product_cat?post=55868"},{"taxonomy":"product_tag","embeddable":true,"href":"https:\/\/skinstudio.ee\/lv\/wp-json\/wp\/v2\/product_tag?post=55868"},{"taxonomy":"giftcard-category","embeddable":true,"href":"https:\/\/skinstudio.ee\/lv\/wp-json\/wp\/v2\/giftcard-category?post=55868"}],"curies":[{"name":"wp","href":"https:\/\/api.w.org\/{rel}","templated":true}]}}