{"id":55874,"date":"2024-05-12T11:45:47","date_gmt":"2024-05-12T11:45:47","guid":{"rendered":"https:\/\/skinstudio.ee\/?post_type=product&#038;p=55874"},"modified":"2025-12-29T15:31:25","modified_gmt":"2025-12-29T15:31:25","slug":"total-moisture-daily-facial-cream-refill","status":"publish","type":"product","link":"https:\/\/skinstudio.ee\/lv\/catalog\/medik8-lv\/total-moisture-daily-facial-cream-refill\/","title":{"rendered":"Total Moisture Daily Facial Cream Refill"},"content":{"rendered":"<p data-start=\"86\" data-end=\"320\"><strong data-start=\"86\" data-end=\"130\">Medik8 Total Moisture Daily Facial Cream<\/strong> ir ikdienas sejas kr\u0113ms, kas izstr\u0101d\u0101ts, lai uztur\u0113tu optim\u0101lu \u0101das mitruma l\u012bmeni un ilgsto\u0161u komfortu visas dienas garum\u0101. Kr\u0113ms padara \u0101du man\u0101mi glud\u0101ku, tvirt\u0101ku un vizu\u0101li vesel\u012bg\u0101ku.<\/p>\n<p data-start=\"322\" data-end=\"408\">Kr\u0113ma formula nodro\u0161ina kompleksu \u0101das mitrin\u0101\u0161anu un atbalsta t\u0101s aizsargfunkcijas:<\/p>\n<ul data-start=\"409\" data-end=\"872\">\n<li data-start=\"409\" data-end=\"576\">\n<p data-start=\"411\" data-end=\"576\"><strong data-start=\"411\" data-end=\"444\">Daudzmolekul\u0101ra hialuronsk\u0101be<\/strong> pal\u012bdz vienm\u0113r\u012bgi pies\u0101tin\u0101t \u0101du ar mitrumu un veicina t\u0101 notur\u0113\u0161anu da\u017e\u0101dos \u0101das sl\u0101\u0146os, uzlabojot \u0101das gludumu un piepild\u012bjumu.<\/p>\n<\/li>\n<li data-start=\"577\" data-end=\"739\">\n<p data-start=\"579\" data-end=\"739\"><strong data-start=\"579\" data-end=\"626\">Keram\u012bdi un lip\u012bdi (skval\u0101ns un vitam\u012bns F)<\/strong> atbalsta dabisko \u0101das lip\u012bdu barjeru, pal\u012bdz samazin\u0101t mitruma zudumu un veicina aizsargbarjeras atjauno\u0161anos.<\/p>\n<\/li>\n<li data-start=\"740\" data-end=\"872\">\n<p data-start=\"742\" data-end=\"872\"><strong data-start=\"742\" data-end=\"765\">Prebiotisks pept\u012bds<\/strong> pal\u012bdz uztur\u0113t \u0101das mikrobioma l\u012bdzsvaru un stiprina fizisko \u0101das barjeru, uzlabojot \u0101das kop\u0113jo st\u0101vokli.<\/p>\n<\/li>\n<\/ul>\n<p data-start=\"874\" data-end=\"1214\">Viegl\u0101, barojo\u0161\u0101 tekst\u016bra \u0101tri ies\u016bcas un neatst\u0101j lip\u012bguma vai smaguma saj\u016btu. Medik8 Total Moisture Daily Facial Cream ir piem\u0113rots lieto\u0161anai gan no r\u012bta, gan vakar\u0101: no r\u012bta tas veido komfortablu pamatu saules aizsardz\u012bbas l\u012bdzek\u013ciem un grimam, bet vakar\u0101 nosl\u0113dz kop\u0161anas rut\u012bnu un pal\u012bdz \u0101dai atjaunoties p\u0113c \u0101r\u0113jo faktoru iedarb\u012bbas.<\/p>\n<p data-start=\"1216\" data-end=\"1235\"><strong data-start=\"1216\" data-end=\"1227\">Tilpums:<\/strong> 50 ml<\/p>\n","protected":false},"excerpt":{"rendered":"<p data-start=\"1363\" data-end=\"1393\">Ikdienas mitrino\u0161s sejas kr\u0113ms<\/p>\n<h2 data-start=\"1395\" data-end=\"1450\"><strong data-start=\"1395\" data-end=\"1450\">\u012apa\u0161\u012bbas MEDIK8 &#8211; Total Moisture Daily Facial Cream<\/strong><\/h2>\n<p data-start=\"1452\" data-end=\"1664\">\u2714\ufe0f Nodro\u0161ina dzi\u013cu un ilgsto\u0161u \u0101das mitrin\u0101\u0161anu<br data-start=\"1499\" data-end=\"1502\" \/>\u2714\ufe0f Padara \u0101du glud\u0101ku, tvirt\u0101ku un vizu\u0101li piepild\u012bt\u0101ku<br data-start=\"1557\" data-end=\"1560\" \/>\u2714\ufe0f Atbalsta \u0101das aizsargbarjeru<br data-start=\"1591\" data-end=\"1594\" \/>\u2714\ufe0f Samazina sausuma un savilkuma saj\u016btu<br data-start=\"1633\" data-end=\"1636\" \/>\u2714\ufe0f Piem\u0113rots k\u0101 grima b\u0101ze<\/p>\n<p data-start=\"1996\" data-end=\"2237\"><span style=\"text-decoration: underline; color: #0000ff;\"><a style=\"color: #0000ff;\" href=\"https:\/\/skinstudio.ee\/lv\/catalog\/medik8-lv\/total-moisture-daily-facial-cream\/\"><span>Pieejams Total Moisture Daily Facial Cream Full-Size 50ml<\/span><\/a><\/span><\/p>\n","protected":false},"featured_media":82900,"template":"","meta":[],"pwb-brand":[1205],"product_brand":[],"product_cat":[737],"product_tag":[],"giftcard-category":[],"class_list":{"0":"post-55874","1":"product","2":"type-product","3":"status-publish","4":"has-post-thumbnail","6":"pwb-brand-medik8-lv","7":"product_cat-mitrinasana","9":"first","10":"instock","11":"taxable","12":"shipping-taxable","13":"purchasable","14":"product-type-simple"},"acf":[],"brands":[{"id":1205,"name":"Medik8","slug":"medik8-lv"}],"_links":{"self":[{"href":"https:\/\/skinstudio.ee\/lv\/wp-json\/wp\/v2\/product\/55874","targetHints":{"allow":["GET"]}}],"collection":[{"href":"https:\/\/skinstudio.ee\/lv\/wp-json\/wp\/v2\/product"}],"about":[{"href":"https:\/\/skinstudio.ee\/lv\/wp-json\/wp\/v2\/types\/product"}],"version-history":[{"count":0,"href":"https:\/\/skinstudio.ee\/lv\/wp-json\/wp\/v2\/product\/55874\/revisions"}],"wp:featuredmedia":[{"embeddable":true,"href":"https:\/\/skinstudio.ee\/lv\/wp-json\/wp\/v2\/media\/82900"}],"wp:attachment":[{"href":"https:\/\/skinstudio.ee\/lv\/wp-json\/wp\/v2\/media?parent=55874"}],"wp:term":[{"taxonomy":"pwb-brand","embeddable":true,"href":"https:\/\/skinstudio.ee\/lv\/wp-json\/wp\/v2\/pwb-brand?post=55874"},{"taxonomy":"product_brand","embeddable":true,"href":"https:\/\/skinstudio.ee\/lv\/wp-json\/wp\/v2\/product_brand?post=55874"},{"taxonomy":"product_cat","embeddable":true,"href":"https:\/\/skinstudio.ee\/lv\/wp-json\/wp\/v2\/product_cat?post=55874"},{"taxonomy":"product_tag","embeddable":true,"href":"https:\/\/skinstudio.ee\/lv\/wp-json\/wp\/v2\/product_tag?post=55874"},{"taxonomy":"giftcard-category","embeddable":true,"href":"https:\/\/skinstudio.ee\/lv\/wp-json\/wp\/v2\/giftcard-category?post=55874"}],"curies":[{"name":"wp","href":"https:\/\/api.w.org\/{rel}","templated":true}]}}