{"id":56064,"date":"2025-10-27T08:59:28","date_gmt":"2025-10-27T08:59:28","guid":{"rendered":"https:\/\/skinstudio.ee\/?post_type=product&#038;p=56064"},"modified":"2025-12-18T13:27:17","modified_gmt":"2025-12-18T13:27:17","slug":"heliocare-360o-mineral-tolerance-fluid-spf50","status":"publish","type":"product","link":"https:\/\/skinstudio.ee\/lv\/catalog\/cantabria-labs-lv\/heliocare-360o-mineral-tolerance-fluid-spf50\/","title":{"rendered":"HelioCare 360\u00ba Mineral Tolerance Fluid SPF50"},"content":{"rendered":"<p data-start=\"57\" data-end=\"197\">Fotoim\u016bna aizsardz\u012bba ar augstu aizsardz\u012bbas pak\u0101pi un ekskluz\u012bvu 100% miner\u0101lu formulu, kas izstr\u0101d\u0101ta \u012bpa\u0161i jut\u012bgai un nepanes\u012bgai \u0101dai.<\/p>\n<p data-start=\"199\" data-end=\"718\">Fluids nodro\u0161ina visaptvero\u0161u aizsardz\u012bbu pret visu saules starojuma spektru \u2013 <strong data-start=\"278\" data-end=\"322\">UVA, UVB, redzamo un infrasarkano gaismu<\/strong>, pal\u012bdzot nov\u0113rst foto noveco\u0161anos, DNS boj\u0101jumus un \u0101das iekaisuma reakcijas.<br data-start=\"401\" data-end=\"404\" \/>Patents\u0113tais <strong data-start=\"417\" data-end=\"434\">Fernblock\u00ae FC<\/strong> komplekss, ko izstr\u0101d\u0101jusi Cantabria Labs sadarb\u012bb\u0101 ar H\u0101rvardas Medic\u012bnas skolu, apvieno dabiskos antioksidantus (polifenolus, flavono\u012bdus, ferul\u012bnsk\u0101bi, kofe\u012bnsk\u0101bi un kan\u0113lsk\u0101bi) un monosahar\u012bdus, nodro\u0161inot \u010detrk\u0101r\u0161u \u0101das aizsardz\u012bbu: antioksidantu, im\u016bno, \u0161\u016bnu un struktur\u0101lo.<\/p>\n<p data-start=\"720\" data-end=\"1254\"><strong data-start=\"720\" data-end=\"768\">HELIOCARE 360\u00ba Mineral Tolerance Fluid SPF50<\/strong> samazina br\u012bvo radik\u0101\u013cu veido\u0161anos, aizsarg\u0101 Langerhansa \u0161\u016bnas un fibroblastus no boj\u0101jumiem, nov\u0113r\u0161 \u0161\u016bnu mut\u0101cijas un pal\u012bdz saglab\u0101t \u0101das elast\u012bbu.<br data-start=\"918\" data-end=\"921\" \/>Ferul\u012bnsk\u0101be efekt\u012bvi neitraliz\u0113 br\u012bvos radik\u0101\u013cus un samazina fotobo\u017e\u0101jumus, savuk\u0101rt kofe\u012bnsk\u0101be un tokoferols (E vitam\u012bns) uzlabo \u0101das toni, stimul\u0113 kolag\u0113na sint\u0113zi un samazina grumbu dzi\u013cumu.<br data-start=\"1116\" data-end=\"1119\" \/>Viegl\u0101, z\u012bdain\u0101 tekst\u016bra \u0101tri ies\u016bcas, neatst\u0101j baltu p\u0101rkl\u0101jumu un ir piem\u0113rota pat visjut\u012bg\u0101kajai \u0101dai un b\u0113rniem no 3 gadu vecuma.<\/p>\n<p data-start=\"1256\" data-end=\"1276\"><strong data-start=\"1256\" data-end=\"1274\">Tilpums: 50 ml<\/strong><\/p>\n","protected":false},"excerpt":{"rendered":"<p data-start=\"1458\" data-end=\"1508\">Viegls miner\u0101lu flu\u012bds ikdienas fotoaizsardz\u012bbai<\/p>\n<h2 data-start=\"1510\" data-end=\"1852\"><strong data-start=\"1510\" data-end=\"1584\">Cantabria Labs &#8211; HELIOCARE 360\u00ba Mineral Tolerance Fluid SPF50 \u012bpa\u0161\u012bbas<\/strong><\/h2>\n<p data-start=\"1510\" data-end=\"1852\">\u2714\ufe0f Aizsarg\u0101 pret visu saules starojuma spektru (UVA, UVB, IR, VIS)<br data-start=\"1653\" data-end=\"1656\" \/>\u2714\ufe0f Stiprina \u0101das aizsargbarjeru un samazina jut\u012bgumu<br data-start=\"1708\" data-end=\"1711\" \/>\u2714\ufe0f Nov\u0113r\u0161 foto noveco\u0161anos un DNS boj\u0101jumus<br data-start=\"1754\" data-end=\"1757\" \/>\u2714\ufe0f Nodro\u0161ina sp\u0113c\u012bgu antioksidantu aizsardz\u012bbu<br data-start=\"1803\" data-end=\"1806\" \/>\u2714\ufe0f Viegls sast\u0101vs, neatst\u0101j baltu p\u0101rkl\u0101jumu<\/p>\n","protected":false},"featured_media":56057,"template":"","meta":[],"pwb-brand":[1201],"product_brand":[],"product_cat":[731],"product_tag":[],"giftcard-category":[],"class_list":{"0":"post-56064","1":"product","2":"type-product","3":"status-publish","4":"has-post-thumbnail","6":"pwb-brand-cantabria-labs-lv","7":"product_cat-spf-aizsardziba","9":"first","10":"instock","11":"taxable","12":"shipping-taxable","13":"purchasable","14":"product-type-simple"},"acf":[],"brands":[{"id":1201,"name":"Cantabria Labs","slug":"cantabria-labs-lv"}],"_links":{"self":[{"href":"https:\/\/skinstudio.ee\/lv\/wp-json\/wp\/v2\/product\/56064","targetHints":{"allow":["GET"]}}],"collection":[{"href":"https:\/\/skinstudio.ee\/lv\/wp-json\/wp\/v2\/product"}],"about":[{"href":"https:\/\/skinstudio.ee\/lv\/wp-json\/wp\/v2\/types\/product"}],"version-history":[{"count":0,"href":"https:\/\/skinstudio.ee\/lv\/wp-json\/wp\/v2\/product\/56064\/revisions"}],"wp:featuredmedia":[{"embeddable":true,"href":"https:\/\/skinstudio.ee\/lv\/wp-json\/wp\/v2\/media\/56057"}],"wp:attachment":[{"href":"https:\/\/skinstudio.ee\/lv\/wp-json\/wp\/v2\/media?parent=56064"}],"wp:term":[{"taxonomy":"pwb-brand","embeddable":true,"href":"https:\/\/skinstudio.ee\/lv\/wp-json\/wp\/v2\/pwb-brand?post=56064"},{"taxonomy":"product_brand","embeddable":true,"href":"https:\/\/skinstudio.ee\/lv\/wp-json\/wp\/v2\/product_brand?post=56064"},{"taxonomy":"product_cat","embeddable":true,"href":"https:\/\/skinstudio.ee\/lv\/wp-json\/wp\/v2\/product_cat?post=56064"},{"taxonomy":"product_tag","embeddable":true,"href":"https:\/\/skinstudio.ee\/lv\/wp-json\/wp\/v2\/product_tag?post=56064"},{"taxonomy":"giftcard-category","embeddable":true,"href":"https:\/\/skinstudio.ee\/lv\/wp-json\/wp\/v2\/giftcard-category?post=56064"}],"curies":[{"name":"wp","href":"https:\/\/api.w.org\/{rel}","templated":true}]}}