{"id":56081,"date":"2025-10-27T09:26:11","date_gmt":"2025-10-27T09:26:11","guid":{"rendered":"https:\/\/skinstudio.ee\/?post_type=product&#038;p=56081"},"modified":"2025-12-18T13:27:17","modified_gmt":"2025-12-18T13:27:17","slug":"heliocare-360o-mineral-fluid-spf50","status":"publish","type":"product","link":"https:\/\/skinstudio.ee\/lv\/catalog\/cantabria-labs-lv\/heliocare-360o-mineral-fluid-spf50\/","title":{"rendered":"Heliocare 360\u00ba Mineral Fluid SPF50"},"content":{"rendered":"<p data-start=\"47\" data-end=\"648\">Maigs saules aizsargflu\u012bds ar augstu aizsardz\u012bbas pak\u0101pi, kas izstr\u0101d\u0101ts \u012bpa\u0161i jut\u012bgai \u0101dai.<br data-start=\"139\" data-end=\"142\" \/>T\u0101 viegl\u0101, hipoaler\u0123isk\u0101 formula ar 100% miner\u0101lu filtriem nodro\u0161ina dro\u0161u aizsardz\u012bbu pret UVA, UVB, infrasarkano un redzamo gaismu, pal\u012bdzot nov\u0113rst fotonoveco\u0161anos un \u0101das kairin\u0101jumu.<br data-start=\"329\" data-end=\"332\" \/>Pateicoties augu antioksidantiem un patent\u0113tajam <strong data-start=\"381\" data-end=\"395\">Fernblock\u00ae<\/strong> kompleksam, flu\u012bds stiprina \u0101das aizsargbarjeru, neitraliz\u0113 br\u012bvos radik\u0101\u013cus un pal\u012bdz saglab\u0101t dabisko mitruma l\u012bdzsvaru.<br data-start=\"518\" data-end=\"521\" \/>Z\u012bdain\u0101, viegl\u0101 tekst\u016bra viegli kl\u0101jas, \u0101tri ies\u016bcas, neatst\u0101j baltu p\u0101rkl\u0101jumu un ir piem\u0113rota ar\u012b b\u0113rniem no 3 gadu vecuma.<\/p>\n<p data-start=\"650\" data-end=\"670\"><strong data-start=\"650\" data-end=\"668\">Tilpums: 50 ml<\/strong><\/p>\n","protected":false},"excerpt":{"rendered":"<p data-start=\"837\" data-end=\"874\">Viegls miner\u0101lu flu\u012bds jut\u012bgai \u0101dai<\/p>\n<h2 data-start=\"876\" data-end=\"1191\"><strong data-start=\"876\" data-end=\"940\">Cantabria Labs &#8211; Heliocare 360\u00ba Mineral Fluid SPF50 \u012bpa\u0161\u012bbas<\/strong><\/h2>\n<p data-start=\"876\" data-end=\"1191\">\u2714\ufe0f 100% miner\u0101lu formula jut\u012bgai un nepaneso\u0161ai \u0101dai<br data-start=\"995\" data-end=\"998\" \/>\u2714\ufe0f Uzticama aizsardz\u012bba pret UVA, UVB, IR un redzamo gaismu<br data-start=\"1057\" data-end=\"1060\" \/>\u2714\ufe0f Nov\u0113r\u0161 fotonoveco\u0161anos un kairin\u0101jumu<br data-start=\"1100\" data-end=\"1103\" \/>\u2714\ufe0f Nodro\u0161ina sp\u0113c\u012bgu antioksidantu aizsardz\u012bbu<br data-start=\"1149\" data-end=\"1152\" \/>\u2714\ufe0f Uztur optim\u0101lu \u0101das mitruma l\u012bmeni<\/p>\n","protected":false},"featured_media":65472,"template":"","meta":[],"pwb-brand":[1201],"product_brand":[],"product_cat":[731],"product_tag":[],"giftcard-category":[],"class_list":{"0":"post-56081","1":"product","2":"type-product","3":"status-publish","4":"has-post-thumbnail","6":"pwb-brand-cantabria-labs-lv","7":"product_cat-spf-aizsardziba","9":"first","10":"instock","11":"taxable","12":"shipping-taxable","13":"purchasable","14":"product-type-simple"},"acf":[],"brands":[{"id":1201,"name":"Cantabria Labs","slug":"cantabria-labs-lv"}],"_links":{"self":[{"href":"https:\/\/skinstudio.ee\/lv\/wp-json\/wp\/v2\/product\/56081","targetHints":{"allow":["GET"]}}],"collection":[{"href":"https:\/\/skinstudio.ee\/lv\/wp-json\/wp\/v2\/product"}],"about":[{"href":"https:\/\/skinstudio.ee\/lv\/wp-json\/wp\/v2\/types\/product"}],"version-history":[{"count":0,"href":"https:\/\/skinstudio.ee\/lv\/wp-json\/wp\/v2\/product\/56081\/revisions"}],"wp:featuredmedia":[{"embeddable":true,"href":"https:\/\/skinstudio.ee\/lv\/wp-json\/wp\/v2\/media\/65472"}],"wp:attachment":[{"href":"https:\/\/skinstudio.ee\/lv\/wp-json\/wp\/v2\/media?parent=56081"}],"wp:term":[{"taxonomy":"pwb-brand","embeddable":true,"href":"https:\/\/skinstudio.ee\/lv\/wp-json\/wp\/v2\/pwb-brand?post=56081"},{"taxonomy":"product_brand","embeddable":true,"href":"https:\/\/skinstudio.ee\/lv\/wp-json\/wp\/v2\/product_brand?post=56081"},{"taxonomy":"product_cat","embeddable":true,"href":"https:\/\/skinstudio.ee\/lv\/wp-json\/wp\/v2\/product_cat?post=56081"},{"taxonomy":"product_tag","embeddable":true,"href":"https:\/\/skinstudio.ee\/lv\/wp-json\/wp\/v2\/product_tag?post=56081"},{"taxonomy":"giftcard-category","embeddable":true,"href":"https:\/\/skinstudio.ee\/lv\/wp-json\/wp\/v2\/giftcard-category?post=56081"}],"curies":[{"name":"wp","href":"https:\/\/api.w.org\/{rel}","templated":true}]}}