{"id":56098,"date":"2025-10-27T09:36:36","date_gmt":"2025-10-27T09:36:36","guid":{"rendered":"https:\/\/skinstudio.ee\/?post_type=product&#038;p=56098"},"modified":"2025-12-18T13:27:17","modified_gmt":"2025-12-18T13:27:17","slug":"heliocare-360o-gel-oil-free-spf50","status":"publish","type":"product","link":"https:\/\/skinstudio.ee\/lv\/catalog\/cantabria-labs-lv\/heliocare-360o-gel-oil-free-spf50\/","title":{"rendered":"Heliocare 360\u00ba Gel Oil-Free SPF50"},"content":{"rendered":"<p data-start=\"46\" data-end=\"202\">Viegls, bez e\u013c\u013cas saules aizsargg\u0113ls, kas nodro\u0161ina sp\u0113c\u012bgu aizsardz\u012bbu pret visu saules starojuma spektru, \u012bpa\u0161i izstr\u0101d\u0101ts taukainai un kombin\u0113tai \u0101dai.<\/p>\n<p data-start=\"204\" data-end=\"475\">Formulas centr\u0101 ir unik\u0101lais patent\u0113tais komplekss <strong data-start=\"255\" data-end=\"269\">Fernblock\u00ae<\/strong>, kas ieg\u016bts no tropu papardes <em data-start=\"300\" data-end=\"323\">Polypodium Leucotomos<\/em> un kuram piem\u012bt dab\u012bga aizsardz\u012bba pret saules starojumu. \u0160\u012b sast\u0101vda\u013ca pal\u012bdz \u0101dai pretoties fotobo\u017e\u0101jumiem, aizsarg\u0101jot \u0161\u016bnas un DNS no boj\u0101jumiem.<\/p>\n<p data-start=\"477\" data-end=\"825\">Pateicoties inovat\u012bvajai <strong data-start=\"502\" data-end=\"522\">Bioshield System<\/strong> tehnolo\u0123ijai, produkts ne tikai aizsarg\u0101 pret UVA un UVB stariem, bet ar\u012b blo\u0137\u0113 redzam\u0101s un infrasarkan\u0101s gaismas iedarb\u012bbu, nov\u0113r\u0161ot priek\u0161laic\u012bgu \u0101das noveco\u0161anos.<br data-start=\"688\" data-end=\"691\" \/>Miner\u0101lu un neminer\u0101lu filtru kombin\u0101cija efekt\u012bvi atstaro un izklied\u0113 saules starus, nodro\u0161inot visaptvero\u0161u fotoim\u016bno aizsardz\u012bbu.<\/p>\n<p data-start=\"827\" data-end=\"1004\">Formul\u0101 ir antioksidanti \u2014 za\u013c\u0101s t\u0113jas ekstrakts, C un E vitam\u012bns, k\u0101 ar\u012b DNS atjaunojo\u0161ie fermenti, kas pal\u012bdz samazin\u0101t jau eso\u0161os saules boj\u0101jumus un uztur\u0113t \u0101das vesel\u012bbu.<\/p>\n<p data-start=\"1006\" data-end=\"1233\"><strong data-start=\"1006\" data-end=\"1043\">Heliocare 360\u00ba Gel Oil-Free SPF50<\/strong> neatst\u0101j taukainu sp\u012bdumu, nodro\u0161ina mat\u0113tu efektu un padara \u0101du gludu un svaigu. Nekomedog\u0113na tekst\u016bra neaizsprosto poras, padarot produktu ide\u0101li piem\u0113rotu taukainai un kombin\u0113tai \u0101dai.<\/p>\n<p data-start=\"1235\" data-end=\"1255\"><strong data-start=\"1235\" data-end=\"1253\">Tilpums: 50 ml<\/strong><\/p>\n","protected":false},"excerpt":{"rendered":"<p data-start=\"1448\" data-end=\"1484\">Viegls mat\u0113jo\u0161s saules aizsargg\u0113ls<\/p>\n<h2 data-start=\"1486\" data-end=\"1831\"><strong data-start=\"1486\" data-end=\"1549\">Cantabria Labs &#8211; Heliocare 360\u00ba Gel Oil-Free SPF50 \u012bpa\u0161\u012bbas<\/strong><\/h2>\n<p data-start=\"1486\" data-end=\"1831\">\u2714\ufe0f Pla\u0161a spektra aizsardz\u012bba pret UVA, UVB, IR un redzamo gaismu<br data-start=\"1616\" data-end=\"1619\" \/>\u2714\ufe0f Nov\u0113r\u0161 fotonoveco\u0161anos un \u0161\u016bnu boj\u0101jumus<br data-start=\"1662\" data-end=\"1665\" \/>\u2714\ufe0f Pie\u0161\u0137ir \u0101dai mat\u0113tu efektu un samazina sp\u012bdumu<br data-start=\"1714\" data-end=\"1717\" \/>\u2714\ufe0f Satur antioksidantus \u0101das aizsardz\u012bbai un atjauno\u0161anai<br data-start=\"1774\" data-end=\"1777\" \/>\u2714\ufe0f Nekomedog\u0113na formula taukainai un kombin\u0113tai \u0101dai<\/p>\n","protected":false},"featured_media":65467,"template":"","meta":[],"pwb-brand":[1201],"product_brand":[],"product_cat":[731,747],"product_tag":[],"giftcard-category":[],"class_list":{"0":"post-56098","1":"product","2":"type-product","3":"status-publish","4":"has-post-thumbnail","6":"pwb-brand-cantabria-labs-lv","7":"product_cat-spf-aizsardziba","8":"product_cat-taukainai-adai","10":"first","11":"instock","12":"taxable","13":"shipping-taxable","14":"purchasable","15":"product-type-simple"},"acf":[],"brands":[{"id":1201,"name":"Cantabria Labs","slug":"cantabria-labs-lv"}],"_links":{"self":[{"href":"https:\/\/skinstudio.ee\/lv\/wp-json\/wp\/v2\/product\/56098","targetHints":{"allow":["GET"]}}],"collection":[{"href":"https:\/\/skinstudio.ee\/lv\/wp-json\/wp\/v2\/product"}],"about":[{"href":"https:\/\/skinstudio.ee\/lv\/wp-json\/wp\/v2\/types\/product"}],"version-history":[{"count":0,"href":"https:\/\/skinstudio.ee\/lv\/wp-json\/wp\/v2\/product\/56098\/revisions"}],"wp:featuredmedia":[{"embeddable":true,"href":"https:\/\/skinstudio.ee\/lv\/wp-json\/wp\/v2\/media\/65467"}],"wp:attachment":[{"href":"https:\/\/skinstudio.ee\/lv\/wp-json\/wp\/v2\/media?parent=56098"}],"wp:term":[{"taxonomy":"pwb-brand","embeddable":true,"href":"https:\/\/skinstudio.ee\/lv\/wp-json\/wp\/v2\/pwb-brand?post=56098"},{"taxonomy":"product_brand","embeddable":true,"href":"https:\/\/skinstudio.ee\/lv\/wp-json\/wp\/v2\/product_brand?post=56098"},{"taxonomy":"product_cat","embeddable":true,"href":"https:\/\/skinstudio.ee\/lv\/wp-json\/wp\/v2\/product_cat?post=56098"},{"taxonomy":"product_tag","embeddable":true,"href":"https:\/\/skinstudio.ee\/lv\/wp-json\/wp\/v2\/product_tag?post=56098"},{"taxonomy":"giftcard-category","embeddable":true,"href":"https:\/\/skinstudio.ee\/lv\/wp-json\/wp\/v2\/giftcard-category?post=56098"}],"curies":[{"name":"wp","href":"https:\/\/api.w.org\/{rel}","templated":true}]}}