{"id":56134,"date":"2025-10-27T10:57:49","date_gmt":"2025-10-27T10:57:49","guid":{"rendered":"https:\/\/skinstudio.ee\/?post_type=product&#038;p=56134"},"modified":"2025-12-18T13:27:17","modified_gmt":"2025-12-18T13:27:17","slug":"heliocare-360o-color-gel-oil-free-spf50","status":"publish","type":"product","link":"https:\/\/skinstudio.ee\/lv\/catalog\/cantabria-labs-lv\/heliocare-360o-color-gel-oil-free-spf50\/","title":{"rendered":"Heliocare 360\u00ba Color Gel Oil-Free SPF50"},"content":{"rendered":"<p data-start=\"52\" data-end=\"638\">Viegls ton\u0113ts saules aizsargg\u0113ls ar mat\u0113tu p\u0101rkl\u0101jumu, kas apvieno \u0101das kop\u0161anu un kosm\u0113tiku vien\u0101 produkt\u0101.<br data-start=\"160\" data-end=\"163\" \/><strong data-start=\"163\" data-end=\"175\">Oil-Free<\/strong> formula nodro\u0161ina augstu aizsardz\u012bbu pret UVA, UVB, infrasarkano un redzamo gaismu, regul\u0113 sebuma izdal\u012b\u0161anos un nov\u0113r\u0161 \u0101das sp\u012bdumu.<br data-start=\"309\" data-end=\"312\" \/>Pateicoties patent\u0113tajam <strong data-start=\"337\" data-end=\"352\">Fernblock\u00ae+<\/strong> kompleksam, antioksidantiem un atjaunojo\u0161\u0101m sast\u0101vda\u013c\u0101m, produkts neitraliz\u0113 br\u012bvos radik\u0101\u013cus un aizsarg\u0101 \u0101du no fotobo\u017e\u0101jumiem.<br data-start=\"481\" data-end=\"484\" \/>Viegl\u0101, z\u012bdain\u0101 tekst\u016bra vienm\u0113r\u012bgi kl\u0101jas uz \u0101das, izl\u012bdzina toni un mask\u0113 nepiln\u012bbas, pie\u0161\u0137irot sejai dabisku un vesel\u012bgu izskatu bez smaguma saj\u016btas.<\/p>\n<p data-start=\"640\" data-end=\"680\"><strong data-start=\"640\" data-end=\"650\">Tonis:<\/strong> Bronze<br data-start=\"657\" data-end=\"660\" \/><strong data-start=\"660\" data-end=\"672\">Tilpums:<\/strong> 50 ml<\/p>\n","protected":false},"excerpt":{"rendered":"<p data-start=\"909\" data-end=\"955\">Ton\u0113ts saules aizsargg\u0113ls ar mat\u0113jo\u0161u efektu<\/p>\n<h2 data-start=\"957\" data-end=\"1311\"><strong data-start=\"957\" data-end=\"1026\">Cantabria Labs &#8211; Heliocare 360\u00ba Color Gel Oil-Free SPF50 \u012bpa\u0161\u012bbas<\/strong><\/h2>\n<p data-start=\"957\" data-end=\"1311\">\u2714\ufe0f Nodro\u0161ina pla\u0161a spektra aizsardz\u012bbu pret UVA, UVB, IR un redzamo gaismu<br data-start=\"1103\" data-end=\"1106\" \/>\u2714\ufe0f Regul\u0113 sebuma izdal\u012b\u0161anos un nov\u0113r\u0161 sp\u012bdumu<br data-start=\"1152\" data-end=\"1155\" \/>\u2714\ufe0f Izl\u012bdzina \u0101das toni un mask\u0113 nepiln\u012bbas<br data-start=\"1197\" data-end=\"1200\" \/>\u2714\ufe0f Aizsarg\u0101 \u0101das \u0161\u016bnas no fotobo\u017e\u0101jumiem un priek\u0161laic\u012bgas noveco\u0161an\u0101s<br data-start=\"1270\" data-end=\"1273\" \/>\u2714\ufe0f Padara \u0101du gludu, koptu un mat\u0113tu<\/p>\n","protected":false},"featured_media":65457,"template":"","meta":[],"pwb-brand":[1201],"product_brand":[],"product_cat":[731,747],"product_tag":[],"giftcard-category":[],"class_list":{"0":"post-56134","1":"product","2":"type-product","3":"status-publish","4":"has-post-thumbnail","6":"pwb-brand-cantabria-labs-lv","7":"product_cat-spf-aizsardziba","8":"product_cat-taukainai-adai","10":"first","11":"instock","12":"taxable","13":"shipping-taxable","14":"purchasable","15":"product-type-simple"},"acf":[],"brands":[{"id":1201,"name":"Cantabria Labs","slug":"cantabria-labs-lv"}],"_links":{"self":[{"href":"https:\/\/skinstudio.ee\/lv\/wp-json\/wp\/v2\/product\/56134","targetHints":{"allow":["GET"]}}],"collection":[{"href":"https:\/\/skinstudio.ee\/lv\/wp-json\/wp\/v2\/product"}],"about":[{"href":"https:\/\/skinstudio.ee\/lv\/wp-json\/wp\/v2\/types\/product"}],"version-history":[{"count":0,"href":"https:\/\/skinstudio.ee\/lv\/wp-json\/wp\/v2\/product\/56134\/revisions"}],"wp:featuredmedia":[{"embeddable":true,"href":"https:\/\/skinstudio.ee\/lv\/wp-json\/wp\/v2\/media\/65457"}],"wp:attachment":[{"href":"https:\/\/skinstudio.ee\/lv\/wp-json\/wp\/v2\/media?parent=56134"}],"wp:term":[{"taxonomy":"pwb-brand","embeddable":true,"href":"https:\/\/skinstudio.ee\/lv\/wp-json\/wp\/v2\/pwb-brand?post=56134"},{"taxonomy":"product_brand","embeddable":true,"href":"https:\/\/skinstudio.ee\/lv\/wp-json\/wp\/v2\/product_brand?post=56134"},{"taxonomy":"product_cat","embeddable":true,"href":"https:\/\/skinstudio.ee\/lv\/wp-json\/wp\/v2\/product_cat?post=56134"},{"taxonomy":"product_tag","embeddable":true,"href":"https:\/\/skinstudio.ee\/lv\/wp-json\/wp\/v2\/product_tag?post=56134"},{"taxonomy":"giftcard-category","embeddable":true,"href":"https:\/\/skinstudio.ee\/lv\/wp-json\/wp\/v2\/giftcard-category?post=56134"}],"curies":[{"name":"wp","href":"https:\/\/api.w.org\/{rel}","templated":true}]}}