{"id":56150,"date":"2025-10-27T11:06:43","date_gmt":"2025-10-27T11:06:43","guid":{"rendered":"https:\/\/skinstudio.ee\/?post_type=product&#038;p=56150"},"modified":"2025-12-18T13:27:17","modified_gmt":"2025-12-18T13:27:17","slug":"heliocare-360o-acnimat","status":"publish","type":"product","link":"https:\/\/skinstudio.ee\/lv\/catalog\/cantabria-labs-lv\/heliocare-360o-acnimat\/","title":{"rendered":"Heliocare 360\u00ba Acnimat"},"content":{"rendered":"<p data-start=\"35\" data-end=\"430\">M\u016bsdien\u012bgs saules aizsargflu\u012bds, kas \u012bpa\u0161i izstr\u0101d\u0101ts taukainai un aknei pak\u013cautai \u0101dai.<br data-start=\"123\" data-end=\"126\" \/>Inovat\u012bv\u0101 formula nodro\u0161ina pla\u0161a spektra aizsardz\u012bbu pret UVA, UVB, infrasarkano un zilo gaismu, k\u0101 ar\u012b pret apk\u0101rt\u0113j\u0101s vides pies\u0101r\u0146ojuma ietekmi. <strong data-start=\"275\" data-end=\"301\">Heliocare 360\u00ba Acnimat<\/strong> pal\u012bdz nov\u0113rst fotonoveco\u0161anos, iekaisumus un pigment\u0101cijas plankumu veido\u0161anos, saglab\u0101jot \u0101du t\u012bru, l\u012bdzsvarotu un vesel\u012bgu.<\/p>\n<p data-start=\"432\" data-end=\"776\">Formula ar sebuma regul\u0113jo\u0161\u0101m un mat\u0113jo\u0161\u0101m sast\u0101vda\u013c\u0101m kontrol\u0113 lieko tauku izdal\u012b\u0161anos, samazina sp\u012bdumu un pie\u0161\u0137ir \u0101dai svaigu, vienm\u0113r\u012bgu un neman\u0101mu noska\u0146u.<br data-start=\"593\" data-end=\"596\" \/>Akt\u012bv\u0101s sast\u0101vda\u013cas \u2013 <strong data-start=\"618\" data-end=\"633\">Fernblock\u00ae+<\/strong>, salicilsk\u0101be un niacinam\u012bds \u2013 aizsarg\u0101 \u0161\u016bnas no oksidat\u012bv\u0101 stresa, stiprina \u0101das aizsargbarjeru, att\u012bra poras un pal\u012bdz nov\u0113rst nepiln\u012bbas.<\/p>\n<p data-start=\"778\" data-end=\"799\"><strong data-start=\"778\" data-end=\"797\">Tilpums: 100 ml<\/strong><\/p>\n","protected":false},"excerpt":{"rendered":"<p data-start=\"1042\" data-end=\"1106\">Mat\u0113jo\u0161s saules aizsargflu\u012bds taukainai un problem\u0101tiskai \u0101dai<\/p>\n<h2 data-start=\"1108\" data-end=\"1422\"><strong data-start=\"1108\" data-end=\"1160\">Cantabria Labs &#8211; Heliocare 360\u00ba Acnimat \u012bpa\u0161\u012bbas<\/strong><\/h2>\n<p data-start=\"1108\" data-end=\"1422\">\u2714\ufe0f Nodro\u0161ina aizsardz\u012bbu pret UVA, UVB, zilo un infrasarkano gaismu<br data-start=\"1230\" data-end=\"1233\" \/>\u2714\ufe0f Regul\u0113 sebuma izdal\u012b\u0161anos un nov\u0113r\u0161 sp\u012bdumu<br data-start=\"1279\" data-end=\"1282\" \/>\u2714\ufe0f Pal\u012bdz nov\u0113rst iekaisumus un aknes izpausmes<br data-start=\"1329\" data-end=\"1332\" \/>\u2714\ufe0f Aizsarg\u0101 \u0101du no fotonoveco\u0161an\u0101s un pies\u0101r\u0146ojuma<br data-start=\"1382\" data-end=\"1385\" \/>\u2714\ufe0f Padara \u0101du gludu, t\u012bru un mat\u0113tu<\/p>\n","protected":false},"featured_media":65452,"template":"","meta":[],"pwb-brand":[1201],"product_brand":[],"product_cat":[731,747],"product_tag":[],"giftcard-category":[],"class_list":{"0":"post-56150","1":"product","2":"type-product","3":"status-publish","4":"has-post-thumbnail","6":"pwb-brand-cantabria-labs-lv","7":"product_cat-spf-aizsardziba","8":"product_cat-taukainai-adai","10":"first","11":"instock","12":"taxable","13":"shipping-taxable","14":"purchasable","15":"product-type-simple"},"acf":[],"brands":[{"id":1201,"name":"Cantabria Labs","slug":"cantabria-labs-lv"}],"_links":{"self":[{"href":"https:\/\/skinstudio.ee\/lv\/wp-json\/wp\/v2\/product\/56150","targetHints":{"allow":["GET"]}}],"collection":[{"href":"https:\/\/skinstudio.ee\/lv\/wp-json\/wp\/v2\/product"}],"about":[{"href":"https:\/\/skinstudio.ee\/lv\/wp-json\/wp\/v2\/types\/product"}],"version-history":[{"count":0,"href":"https:\/\/skinstudio.ee\/lv\/wp-json\/wp\/v2\/product\/56150\/revisions"}],"wp:featuredmedia":[{"embeddable":true,"href":"https:\/\/skinstudio.ee\/lv\/wp-json\/wp\/v2\/media\/65452"}],"wp:attachment":[{"href":"https:\/\/skinstudio.ee\/lv\/wp-json\/wp\/v2\/media?parent=56150"}],"wp:term":[{"taxonomy":"pwb-brand","embeddable":true,"href":"https:\/\/skinstudio.ee\/lv\/wp-json\/wp\/v2\/pwb-brand?post=56150"},{"taxonomy":"product_brand","embeddable":true,"href":"https:\/\/skinstudio.ee\/lv\/wp-json\/wp\/v2\/product_brand?post=56150"},{"taxonomy":"product_cat","embeddable":true,"href":"https:\/\/skinstudio.ee\/lv\/wp-json\/wp\/v2\/product_cat?post=56150"},{"taxonomy":"product_tag","embeddable":true,"href":"https:\/\/skinstudio.ee\/lv\/wp-json\/wp\/v2\/product_tag?post=56150"},{"taxonomy":"giftcard-category","embeddable":true,"href":"https:\/\/skinstudio.ee\/lv\/wp-json\/wp\/v2\/giftcard-category?post=56150"}],"curies":[{"name":"wp","href":"https:\/\/api.w.org\/{rel}","templated":true}]}}