{"id":56192,"date":"2025-10-27T11:33:03","date_gmt":"2025-10-27T11:33:03","guid":{"rendered":"https:\/\/skinstudio.ee\/?post_type=product&#038;p=56192"},"modified":"2025-12-18T13:27:18","modified_gmt":"2025-12-18T13:27:18","slug":"heliocare-360o-sport-transparent-stick-spf50","status":"publish","type":"product","link":"https:\/\/skinstudio.ee\/lv\/catalog\/cantabria-labs-lv\/heliocare-360o-sport-transparent-stick-spf50\/","title":{"rendered":"Heliocare 360\u00ba Sport Transparent Stick SPF50+"},"content":{"rendered":"<p data-start=\"58\" data-end=\"377\">\u012apa\u0161i \u0113rts saules aizsargstiks sejai un \u0137ermenim ar augstu aizsardz\u012bbas l\u012bmeni pret visiem starojuma veidiem \u2013 <strong data-start=\"169\" data-end=\"222\">UVB, UVA, redzamo un infrasarkano gaismu (PA++++)<\/strong>.<br data-start=\"223\" data-end=\"226\" \/>Izstr\u0101d\u0101ts tie\u0161i sportam un \u0101ra aktivit\u0101t\u0113m.<br data-start=\"270\" data-end=\"273\" \/>Kompakt\u0101 forma \u013cauj to viegli uzkl\u0101t, un tas ir piem\u0113rots jebkuram \u0101das tipam, ar\u012b \u012bpa\u0161i jut\u012bgai \u0101dai.<\/p>\n<p data-start=\"379\" data-end=\"733\">Formula satur patent\u0113to <strong data-start=\"403\" data-end=\"418\">Fernblock\u00ae+<\/strong> kompleksu (<em data-start=\"430\" data-end=\"453\">Polypodium Leucotomos<\/em> ekstrakts) un <strong data-start=\"468\" data-end=\"484\">astaksant\u012bnu<\/strong>, kas nodro\u0161ina sp\u0113c\u012bgu antioksidantu, atjaunojo\u0161u un nomierino\u0161u iedarb\u012bbu, neitraliz\u0113jot saules starojuma rad\u012btos boj\u0101jumus.<br data-start=\"610\" data-end=\"613\" \/>Stiks uzreiz atsvaidzina un mitrina \u0101du, stiprina \u0101das barjeru un pal\u012bdz uztur\u0113t komfortu pat intens\u012bvu treni\u0146u laik\u0101.<\/p>\n<p data-start=\"735\" data-end=\"935\">Produkts ir iztur\u012bgs pret \u016bdeni, sviedriem un smilt\u012bm, piem\u0113rots lieto\u0161anai ar\u012b uz mitras \u0101das. Viegl\u0101, caursp\u012bd\u012bg\u0101 tekst\u016bra \u0101tri uzs\u016bcas un neatst\u0101j p\u0113das. Dermatolo\u0123iski un oftalmolo\u0123iski test\u0113ts.<\/p>\n<p data-start=\"937\" data-end=\"956\"><strong data-start=\"937\" data-end=\"954\">Tilpums: 25 g<\/strong><\/p>\n","protected":false},"excerpt":{"rendered":"<p data-start=\"1104\" data-end=\"1152\">Saules aizsargstiks sportam un akt\u012bvai atp\u016btai<\/p>\n<h2 data-start=\"1154\" data-end=\"1510\"><strong data-start=\"1154\" data-end=\"1229\">Cantabria Labs &#8211; Heliocare 360\u00ba Sport Transparent Stick SPF50+ \u012bpa\u0161\u012bbas<\/strong><\/h2>\n<p data-start=\"1154\" data-end=\"1510\">\u2714\ufe0f Pla\u0161a spektra aizsardz\u012bba pret UVA, UVB, IR un redzamo gaismu<br data-start=\"1296\" data-end=\"1299\" \/>\u2714\ufe0f Iztur\u012bgs pret \u016bdeni, sviedriem un smilt\u012bm<br data-start=\"1343\" data-end=\"1346\" \/>\u2714\ufe0f Var uzkl\u0101t ar\u012b uz mitras \u0101das bez p\u0113d\u0101m<br data-start=\"1388\" data-end=\"1391\" \/>\u2714\ufe0f Satur Fernblock\u00ae+ un astaksant\u012bnu ar antioksidantu iedarb\u012bbu<br data-start=\"1454\" data-end=\"1457\" \/>\u2714\ufe0f Ide\u0101li piem\u0113rots sportam un akt\u012bvam dz\u012bvesveidam<\/p>\n","protected":false},"featured_media":65442,"template":"","meta":[],"pwb-brand":[1201],"product_brand":[],"product_cat":[731],"product_tag":[],"giftcard-category":[],"class_list":{"0":"post-56192","1":"product","2":"type-product","3":"status-publish","4":"has-post-thumbnail","6":"pwb-brand-cantabria-labs-lv","7":"product_cat-spf-aizsardziba","9":"first","10":"instock","11":"taxable","12":"shipping-taxable","13":"purchasable","14":"product-type-simple"},"acf":[],"brands":[{"id":1201,"name":"Cantabria Labs","slug":"cantabria-labs-lv"}],"_links":{"self":[{"href":"https:\/\/skinstudio.ee\/lv\/wp-json\/wp\/v2\/product\/56192","targetHints":{"allow":["GET"]}}],"collection":[{"href":"https:\/\/skinstudio.ee\/lv\/wp-json\/wp\/v2\/product"}],"about":[{"href":"https:\/\/skinstudio.ee\/lv\/wp-json\/wp\/v2\/types\/product"}],"version-history":[{"count":0,"href":"https:\/\/skinstudio.ee\/lv\/wp-json\/wp\/v2\/product\/56192\/revisions"}],"wp:featuredmedia":[{"embeddable":true,"href":"https:\/\/skinstudio.ee\/lv\/wp-json\/wp\/v2\/media\/65442"}],"wp:attachment":[{"href":"https:\/\/skinstudio.ee\/lv\/wp-json\/wp\/v2\/media?parent=56192"}],"wp:term":[{"taxonomy":"pwb-brand","embeddable":true,"href":"https:\/\/skinstudio.ee\/lv\/wp-json\/wp\/v2\/pwb-brand?post=56192"},{"taxonomy":"product_brand","embeddable":true,"href":"https:\/\/skinstudio.ee\/lv\/wp-json\/wp\/v2\/product_brand?post=56192"},{"taxonomy":"product_cat","embeddable":true,"href":"https:\/\/skinstudio.ee\/lv\/wp-json\/wp\/v2\/product_cat?post=56192"},{"taxonomy":"product_tag","embeddable":true,"href":"https:\/\/skinstudio.ee\/lv\/wp-json\/wp\/v2\/product_tag?post=56192"},{"taxonomy":"giftcard-category","embeddable":true,"href":"https:\/\/skinstudio.ee\/lv\/wp-json\/wp\/v2\/giftcard-category?post=56192"}],"curies":[{"name":"wp","href":"https:\/\/api.w.org\/{rel}","templated":true}]}}