{"id":56210,"date":"2025-10-27T11:45:14","date_gmt":"2025-10-27T11:45:14","guid":{"rendered":"https:\/\/skinstudio.ee\/?post_type=product&#038;p=56210"},"modified":"2025-12-18T13:27:18","modified_gmt":"2025-12-18T13:27:18","slug":"heliocare-360o-water-gel-spf50","status":"publish","type":"product","link":"https:\/\/skinstudio.ee\/lv\/catalog\/cantabria-labs-lv\/heliocare-360o-water-gel-spf50\/","title":{"rendered":"Heliocare 360\u00ba Water Gel SPF50+"},"content":{"rendered":"<p data-start=\"44\" data-end=\"479\">Inovat\u012bvs saules aizsargg\u0113ls ar \u012bpa\u0161i vieglu, \u016bdens b\u0101zes tekst\u016bru, kas nodro\u0161ina piln\u012bgu aizsardz\u012bbu pret visu starojuma spektru \u2013 <strong data-start=\"176\" data-end=\"217\">UVA, UVB, zilo un infrasarkano gaismu<\/strong>, k\u0101 ar\u012b pret apk\u0101rt\u0113j\u0101s vides pies\u0101r\u0146ojuma iedarb\u012bbu.<br data-start=\"271\" data-end=\"274\" \/><strong>Heliocare 360\u00ba Water Gel SPF50+<\/strong> uzs\u016bcas acumirkl\u012b, neatst\u0101jot baltu k\u0101rti\u0146u, dzi\u013ci mitrina \u0101du un uztur optim\u0101lu mitruma l\u012bmeni l\u012bdz pat 48 stund\u0101m, pateicoties nep\u0101rtrauktas darb\u012bbas mitrino\u0161ajai sist\u0113mai.<\/p>\n<p data-start=\"481\" data-end=\"1016\">Patent\u0113t\u0101 <strong data-start=\"491\" data-end=\"506\">Fernblock\u00ae+<\/strong> tehnolo\u0123ija kombin\u0101cij\u0101 ar sp\u0113c\u012bgiem antioksidantiem un DNS atjaunojo\u0161iem enz\u012bmiem aizsarg\u0101 \u0101das \u0161\u016bnas no saules rad\u012btiem boj\u0101jumiem, nov\u0113r\u0161 priek\u0161laic\u012bgu noveco\u0161anos un veicina \u0101das dabisko atjauno\u0161anos.<br data-start=\"711\" data-end=\"714\" \/><strong data-start=\"714\" data-end=\"734\">Bioshield System<\/strong> tehnolo\u0123ija efekt\u012bvi absorb\u0113 l\u012bdz pat 200% vair\u0101k zil\u0101s gaismas nek\u0101 pati \u0101da un neitraliz\u0113 infrasarkan\u0101 starojuma (IR-A) rad\u012bto kait\u0113jumu.<br data-start=\"874\" data-end=\"877\" \/>Formula nodro\u0161ina \u0101das barjeras un \u0161\u016bnu aizsardz\u012bbu, samazina br\u012bvo radik\u0101\u013cu veido\u0161anos un nodro\u0161ina izteiktu antipies\u0101r\u0146ojuma iedarb\u012bbu.<\/p>\n<p data-start=\"1018\" data-end=\"1154\">G\u0113lam ir svaiga, gais\u012bga tekst\u016bra, tas ir piem\u0113rots visiem \u0101das tipiem, tostarp jut\u012bgai \u0101dai, un ide\u0101li piem\u0113rots ikdienas lieto\u0161anai.<\/p>\n<p data-start=\"1156\" data-end=\"1176\"><strong data-start=\"1156\" data-end=\"1174\">Tilpums: 50 ml<\/strong><\/p>\n","protected":false},"excerpt":{"rendered":"<p data-start=\"1321\" data-end=\"1364\">\u012apa\u0161i viegls mitrino\u0161s saules aizsargg\u0113ls<\/p>\n<h2 data-start=\"1366\" data-end=\"1749\"><strong data-start=\"1366\" data-end=\"1427\">Cantabria Labs &#8211; Heliocare 360\u00ba Water Gel SPF50+ \u012bpa\u0161\u012bbas<\/strong><\/h2>\n<p data-start=\"1366\" data-end=\"1749\">\u2714\ufe0f Nodro\u0161ina piln\u012bgu aizsardz\u012bbu pret UVA, UVB, zilo un infrasarkano gaismu<br data-start=\"1505\" data-end=\"1508\" \/>\u2714\ufe0f Nodro\u0161ina ilgsto\u0161u mitrin\u0101\u0161anu l\u012bdz 48 stund\u0101m<br data-start=\"1557\" data-end=\"1560\" \/>\u2714\ufe0f Nov\u0113r\u0161 fotonoveco\u0161anos un atjauno boj\u0101t\u0101s \u0161\u016bnas<br data-start=\"1610\" data-end=\"1613\" \/>\u2714\ufe0f Nodro\u0161ina antipies\u0101r\u0146ojuma un antioksidantu iedarb\u012bbu<br data-start=\"1669\" data-end=\"1672\" \/>\u2714\ufe0f Viegla, \u016bdens b\u0101zes tekst\u016bra bez baltas k\u0101rti\u0146as, piem\u0113rota jut\u012bgai \u0101dai<\/p>\n","protected":false},"featured_media":65437,"template":"","meta":[],"pwb-brand":[1201],"product_brand":[],"product_cat":[739,731],"product_tag":[],"giftcard-category":[],"class_list":{"0":"post-56210","1":"product","2":"type-product","3":"status-publish","4":"has-post-thumbnail","6":"pwb-brand-cantabria-labs-lv","7":"product_cat-sausai-adai","8":"product_cat-spf-aizsardziba","10":"first","11":"instock","12":"taxable","13":"shipping-taxable","14":"purchasable","15":"product-type-simple"},"acf":[],"brands":[{"id":1201,"name":"Cantabria Labs","slug":"cantabria-labs-lv"}],"_links":{"self":[{"href":"https:\/\/skinstudio.ee\/lv\/wp-json\/wp\/v2\/product\/56210","targetHints":{"allow":["GET"]}}],"collection":[{"href":"https:\/\/skinstudio.ee\/lv\/wp-json\/wp\/v2\/product"}],"about":[{"href":"https:\/\/skinstudio.ee\/lv\/wp-json\/wp\/v2\/types\/product"}],"version-history":[{"count":0,"href":"https:\/\/skinstudio.ee\/lv\/wp-json\/wp\/v2\/product\/56210\/revisions"}],"wp:featuredmedia":[{"embeddable":true,"href":"https:\/\/skinstudio.ee\/lv\/wp-json\/wp\/v2\/media\/65437"}],"wp:attachment":[{"href":"https:\/\/skinstudio.ee\/lv\/wp-json\/wp\/v2\/media?parent=56210"}],"wp:term":[{"taxonomy":"pwb-brand","embeddable":true,"href":"https:\/\/skinstudio.ee\/lv\/wp-json\/wp\/v2\/pwb-brand?post=56210"},{"taxonomy":"product_brand","embeddable":true,"href":"https:\/\/skinstudio.ee\/lv\/wp-json\/wp\/v2\/product_brand?post=56210"},{"taxonomy":"product_cat","embeddable":true,"href":"https:\/\/skinstudio.ee\/lv\/wp-json\/wp\/v2\/product_cat?post=56210"},{"taxonomy":"product_tag","embeddable":true,"href":"https:\/\/skinstudio.ee\/lv\/wp-json\/wp\/v2\/product_tag?post=56210"},{"taxonomy":"giftcard-category","embeddable":true,"href":"https:\/\/skinstudio.ee\/lv\/wp-json\/wp\/v2\/giftcard-category?post=56210"}],"curies":[{"name":"wp","href":"https:\/\/api.w.org\/{rel}","templated":true}]}}