{"id":56289,"date":"2025-10-28T12:28:37","date_gmt":"2025-10-28T12:28:37","guid":{"rendered":"https:\/\/skinstudio.ee\/?post_type=product&#038;p=56289"},"modified":"2025-12-18T13:27:18","modified_gmt":"2025-12-18T13:27:18","slug":"heliocare-360o-water-gel-color-spf50","status":"publish","type":"product","link":"https:\/\/skinstudio.ee\/lv\/catalog\/cantabria-labs-lv\/heliocare-360o-water-gel-color-spf50\/","title":{"rendered":"HELIOCARE 360\u00ba Water Gel Color SPF50+"},"content":{"rendered":"<p data-start=\"50\" data-end=\"215\">Ton\u0113ts saules aizsargg\u0113ls ar vieglu, \u016bdens b\u0101zes tekst\u016bru, kas apvieno \u0101das kop\u0161anu, dekorat\u012bvo efektu un sp\u0113c\u012bgu aizsardz\u012bbu pret saules starojumu vien\u0101 produkt\u0101.<\/p>\n<p data-start=\"217\" data-end=\"452\"><strong data-start=\"217\" data-end=\"258\">Heliocare 360\u00ba Water Gel Color SPF50+<\/strong> nodro\u0161ina augstu aizsardz\u012bbas l\u012bmeni pret pilnu saules starojuma spektru \u2013 <strong data-start=\"334\" data-end=\"378\">UVA, UVB, redzamo un infrasarkano gaismu<\/strong>, pal\u012bdzot nov\u0113rst fotonoveco\u0161anos un pigment\u0101cijas plankumu veido\u0161anos.<\/p>\n<p data-start=\"454\" data-end=\"792\">Pateicoties patent\u0113tajam <strong data-start=\"479\" data-end=\"498\">ASPA-Fernblock\u00ae<\/strong> kompleksam un mitrino\u0161aj\u0101m sast\u0101vda\u013c\u0101m, g\u0113ls stiprina \u0101das dabiskos aizsardz\u012bbas meh\u0101nismus, neitraliz\u0113 br\u012bvos radik\u0101\u013cus un nodro\u0161ina ilgsto\u0161u mitrin\u0101\u0161anu.<br data-start=\"654\" data-end=\"657\" \/>Viegl\u0101 ton\u0113t\u0101 formula izl\u012bdzina \u0101das toni, pie\u0161\u0137ir dabisku mirdzumu un nevainojamu izskatu, ide\u0101li piem\u0113rota norm\u0101lai un sausai \u0101dai.<\/p>\n<p data-start=\"794\" data-end=\"814\"><strong data-start=\"794\" data-end=\"812\">Tilpums: 50 ml<\/strong><\/p>\n","protected":false},"excerpt":{"rendered":"<p data-start=\"1074\" data-end=\"1120\">Ton\u0113ts saules aizsargg\u0113ls ar mirdzo\u0161u efektu<\/p>\n<h2 data-start=\"1122\" data-end=\"1468\"><strong data-start=\"1122\" data-end=\"1189\">Cantabria Labs &#8211; Heliocare 360\u00ba Water Gel Color SPF50+ \u012bpa\u0161\u012bbas<\/strong><\/h2>\n<p data-start=\"1122\" data-end=\"1468\">\u2714\ufe0f Nodro\u0161ina piln\u012bgu aizsardz\u012bbu pret UVA un UVB stariem<br data-start=\"1248\" data-end=\"1251\" \/>\u2714\ufe0f Izl\u012bdzina \u0101das toni un pie\u0161\u0137ir dabisku mirdzumu<br data-start=\"1301\" data-end=\"1304\" \/>\u2714\ufe0f Nov\u0113r\u0161 fotonoveco\u0161anos un \u0161\u016bnu boj\u0101jumus<br data-start=\"1347\" data-end=\"1350\" \/>\u2714\ufe0f Mitrina un aizsarg\u0101 \u0101du no br\u012bvajiem radik\u0101\u013ciem<br data-start=\"1400\" data-end=\"1403\" \/>\u2714\ufe0f Piem\u0113rots norm\u0101lai un sausai \u0101dai, neatst\u0101j taukainu sp\u012bdumu<\/p>\n","protected":false},"featured_media":65431,"template":"","meta":[],"pwb-brand":[1201],"product_brand":[],"product_cat":[770,739,731],"product_tag":[],"giftcard-category":[],"class_list":{"0":"post-56289","1":"product","2":"type-product","3":"status-publish","4":"has-post-thumbnail","6":"pwb-brand-cantabria-labs-lv","7":"product_cat-grims","8":"product_cat-sausai-adai","9":"product_cat-spf-aizsardziba","11":"first","12":"instock","13":"taxable","14":"shipping-taxable","15":"purchasable","16":"product-type-variable"},"acf":[],"brands":[{"id":1201,"name":"Cantabria Labs","slug":"cantabria-labs-lv"}],"_links":{"self":[{"href":"https:\/\/skinstudio.ee\/lv\/wp-json\/wp\/v2\/product\/56289","targetHints":{"allow":["GET"]}}],"collection":[{"href":"https:\/\/skinstudio.ee\/lv\/wp-json\/wp\/v2\/product"}],"about":[{"href":"https:\/\/skinstudio.ee\/lv\/wp-json\/wp\/v2\/types\/product"}],"version-history":[{"count":0,"href":"https:\/\/skinstudio.ee\/lv\/wp-json\/wp\/v2\/product\/56289\/revisions"}],"wp:featuredmedia":[{"embeddable":true,"href":"https:\/\/skinstudio.ee\/lv\/wp-json\/wp\/v2\/media\/65431"}],"wp:attachment":[{"href":"https:\/\/skinstudio.ee\/lv\/wp-json\/wp\/v2\/media?parent=56289"}],"wp:term":[{"taxonomy":"pwb-brand","embeddable":true,"href":"https:\/\/skinstudio.ee\/lv\/wp-json\/wp\/v2\/pwb-brand?post=56289"},{"taxonomy":"product_brand","embeddable":true,"href":"https:\/\/skinstudio.ee\/lv\/wp-json\/wp\/v2\/product_brand?post=56289"},{"taxonomy":"product_cat","embeddable":true,"href":"https:\/\/skinstudio.ee\/lv\/wp-json\/wp\/v2\/product_cat?post=56289"},{"taxonomy":"product_tag","embeddable":true,"href":"https:\/\/skinstudio.ee\/lv\/wp-json\/wp\/v2\/product_tag?post=56289"},{"taxonomy":"giftcard-category","embeddable":true,"href":"https:\/\/skinstudio.ee\/lv\/wp-json\/wp\/v2\/giftcard-category?post=56289"}],"curies":[{"name":"wp","href":"https:\/\/api.w.org\/{rel}","templated":true}]}}