{"id":56317,"date":"2025-10-28T12:38:58","date_gmt":"2025-10-28T12:38:58","guid":{"rendered":"https:\/\/skinstudio.ee\/?post_type=product&#038;p=56317"},"modified":"2025-12-18T13:27:18","modified_gmt":"2025-12-18T13:27:18","slug":"heliocare-360o-fluid-cream-spf50","status":"publish","type":"product","link":"https:\/\/skinstudio.ee\/lv\/catalog\/cantabria-labs-lv\/heliocare-360o-fluid-cream-spf50\/","title":{"rendered":"HELIOCARE 360\u00ba Fluid-Cream SPF50+"},"content":{"rendered":"<p data-start=\"46\" data-end=\"319\">\u012apa\u0161i viegls, uz \u016bdens b\u0101zes veidots g\u0113ls acumirkl\u012b ies\u016bcas \u0101d\u0101, atst\u0101jot maigu, sat\u012bna fini\u0161u bez taukainas saj\u016btas. T\u0101 uzlabot\u0101 mitrin\u0101\u0161anas sist\u0113ma pal\u012bdz saglab\u0101t mitrumu ilgu laiku, savuk\u0101rt akt\u012bv\u0101s sast\u0101vda\u013cas izveido sp\u0113c\u012bgu aizsargbarjeru pret vides pies\u0101r\u0146ojumu.<\/p>\n<p data-start=\"321\" data-end=\"637\">Patent\u0113t\u0101 <strong data-start=\"331\" data-end=\"351\">ASPA-Fernblock\u00ae+<\/strong> tehnolo\u0123ija aizsarg\u0101 \u0101du no fotobojojumiem, neitraliz\u0113 br\u012bvos radik\u0101\u013cus, veicina DNS atjauno\u0161anos un pal\u012bdz uztur\u0113t dabisko D vitam\u012bna l\u012bmeni \u0101d\u0101.<br data-start=\"498\" data-end=\"501\" \/>Ide\u0101li piem\u0113rots ikdienas lieto\u0161anai \u2013 nodro\u0161ina maksim\u0101lu aizsardz\u012bbu, komfortu un svaigu, vesel\u012bgu \u0101das izskatu visas dienas garum\u0101.<\/p>\n<p data-start=\"639\" data-end=\"659\"><strong data-start=\"639\" data-end=\"657\">Tilpums: 50 ml<\/strong><\/p>\n","protected":false},"excerpt":{"rendered":"<p data-start=\"945\" data-end=\"984\">Viegls mitrino\u0161s saules aizsargflu\u012bds<\/p>\n<h2 data-start=\"986\" data-end=\"1306\"><strong data-start=\"986\" data-end=\"1049\">Cantabria Labs &#8211; Heliocare 360\u00ba Fluid-Cream SPF50+ \u012bpa\u0161\u012bbas<\/strong><\/h2>\n<p data-start=\"986\" data-end=\"1306\">\u2714\ufe0f Nodro\u0161ina pla\u0161a spektra aizsardz\u012bbu pret UVA, UVB, IR un redzamo gaismu<br data-start=\"1126\" data-end=\"1129\" \/>\u2714\ufe0f Mitrina \u0101du un nov\u0113r\u0161 sausumu<br data-start=\"1161\" data-end=\"1164\" \/>\u2714\ufe0f Aizsarg\u0101 no fotonoveco\u0161an\u0101s un br\u012bvajiem radik\u0101\u013ciem<br data-start=\"1218\" data-end=\"1221\" \/>\u2714\ufe0f Uztur dabisko D vitam\u012bna l\u012bdzsvaru \u0101d\u0101<br data-start=\"1262\" data-end=\"1265\" \/>\u2714\ufe0f Ide\u0101li piem\u0113rots ikdienas lieto\u0161anai<\/p>\n","protected":false},"featured_media":65426,"template":"","meta":[],"pwb-brand":[1201],"product_brand":[],"product_cat":[739,731],"product_tag":[],"giftcard-category":[],"class_list":{"0":"post-56317","1":"product","2":"type-product","3":"status-publish","4":"has-post-thumbnail","6":"pwb-brand-cantabria-labs-lv","7":"product_cat-sausai-adai","8":"product_cat-spf-aizsardziba","10":"first","11":"instock","12":"taxable","13":"shipping-taxable","14":"purchasable","15":"product-type-simple"},"acf":[],"brands":[{"id":1201,"name":"Cantabria Labs","slug":"cantabria-labs-lv"}],"_links":{"self":[{"href":"https:\/\/skinstudio.ee\/lv\/wp-json\/wp\/v2\/product\/56317","targetHints":{"allow":["GET"]}}],"collection":[{"href":"https:\/\/skinstudio.ee\/lv\/wp-json\/wp\/v2\/product"}],"about":[{"href":"https:\/\/skinstudio.ee\/lv\/wp-json\/wp\/v2\/types\/product"}],"version-history":[{"count":0,"href":"https:\/\/skinstudio.ee\/lv\/wp-json\/wp\/v2\/product\/56317\/revisions"}],"wp:featuredmedia":[{"embeddable":true,"href":"https:\/\/skinstudio.ee\/lv\/wp-json\/wp\/v2\/media\/65426"}],"wp:attachment":[{"href":"https:\/\/skinstudio.ee\/lv\/wp-json\/wp\/v2\/media?parent=56317"}],"wp:term":[{"taxonomy":"pwb-brand","embeddable":true,"href":"https:\/\/skinstudio.ee\/lv\/wp-json\/wp\/v2\/pwb-brand?post=56317"},{"taxonomy":"product_brand","embeddable":true,"href":"https:\/\/skinstudio.ee\/lv\/wp-json\/wp\/v2\/product_brand?post=56317"},{"taxonomy":"product_cat","embeddable":true,"href":"https:\/\/skinstudio.ee\/lv\/wp-json\/wp\/v2\/product_cat?post=56317"},{"taxonomy":"product_tag","embeddable":true,"href":"https:\/\/skinstudio.ee\/lv\/wp-json\/wp\/v2\/product_tag?post=56317"},{"taxonomy":"giftcard-category","embeddable":true,"href":"https:\/\/skinstudio.ee\/lv\/wp-json\/wp\/v2\/giftcard-category?post=56317"}],"curies":[{"name":"wp","href":"https:\/\/api.w.org\/{rel}","templated":true}]}}