{"id":56346,"date":"2025-10-28T12:58:35","date_gmt":"2025-10-28T12:58:35","guid":{"rendered":"https:\/\/skinstudio.ee\/?post_type=product&#038;p=56346"},"modified":"2025-12-18T13:27:18","modified_gmt":"2025-12-18T13:27:18","slug":"heliocare-360o-md-a-r-emulsion-spf50","status":"publish","type":"product","link":"https:\/\/skinstudio.ee\/lv\/catalog\/cantabria-labs-lv\/heliocare-360o-md-a-r-emulsion-spf50\/","title":{"rendered":"HelioCare 360\u00ba MD A-R Emulsion SPF50"},"content":{"rendered":"<p data-start=\"49\" data-end=\"455\">Saules aizsargemulsija ar \u013coti augstu aizsardz\u012bbas l\u012bmeni, \u012bpa\u0161i izstr\u0101d\u0101ta jut\u012bgai \u0101dai, kas ir pak\u013cauta aps\u0101rtumam un kuperozei.<br data-start=\"179\" data-end=\"182\" \/><strong data-start=\"182\" data-end=\"216\">Heliocare 360\u00ba MD A-R Emulsion<\/strong> apvieno pretaps\u0101rtuma kompleksu un \u0101das toni izl\u012bdzino\u0161u sist\u0113mu, pal\u012bdzot atjaunot mier\u012bgu, sabalans\u0113tu un dab\u012bgi vienm\u0113r\u012bgu \u0101das toni. Viegl\u0101, z\u012bdain\u0101 tekst\u016bra viegli uzkl\u0101jas, neapgr\u016btina \u0101du un atst\u0101j to maigu, gludu un komfortablu.<\/p>\n<p data-start=\"457\" data-end=\"873\">Formula ar optim\u0101liem filtriem jut\u012bgai \u0101dai un patent\u0113to <strong data-start=\"514\" data-end=\"528\">Fernblock\u00ae<\/strong> tehnolo\u0123iju nodro\u0161ina sp\u0113c\u012bgu aizsardz\u012bbu pret \u010detru veidu starojumu \u2014 <strong data-start=\"600\" data-end=\"644\">UVA, UVB, redzamo un infrasarkano (IR-A)<\/strong> \u2014 k\u0101 ar\u012b pret zilo gaismu.<br data-start=\"671\" data-end=\"674\" \/>Ekskluz\u012bv\u0101 <strong data-start=\"685\" data-end=\"708\">Anti-Redness System<\/strong> aizsarg\u0101 \u0101du no \u0101r\u0113jiem faktoriem, kas izraisa aps\u0101rtumu, samazina jut\u012bgumu un stiprina kapil\u0101rus, pal\u012bdzot mazin\u0101t reaktivit\u0101ti un atjaunot vienm\u0113r\u012bgu \u0101das toni.<\/p>\n<p data-start=\"875\" data-end=\"895\"><strong data-start=\"875\" data-end=\"893\">Tilpums: 50 ml<\/strong><\/p>\n","protected":false},"excerpt":{"rendered":"<p data-start=\"1265\" data-end=\"1309\">Viegl\u0101 saules aizsargemulsija jut\u012bgai \u0101dai<\/p>\n<h2 data-start=\"1311\" data-end=\"1648\"><strong data-start=\"1311\" data-end=\"1377\">Cantabria Labs &#8211; Heliocare 360\u00ba MD A-R Emulsion SPF50 \u012bpa\u0161\u012bbas<\/strong><\/h2>\n<p data-start=\"1311\" data-end=\"1648\">\u2714\ufe0f Samazina \u0101das reaktivit\u0101ti un jut\u012bgumu<br data-start=\"1421\" data-end=\"1424\" \/>\u2714\ufe0f Pal\u012bdz nov\u0113rst kapil\u0101ru redzam\u012bbu un aps\u0101rtumu<br data-start=\"1473\" data-end=\"1476\" \/>\u2714\ufe0f Aizsarg\u0101 pret fotonoveco\u0161anos un zil\u0101s gaismas iedarb\u012bbu<br data-start=\"1535\" data-end=\"1538\" \/>\u2714\ufe0f Nodro\u0161ina vienm\u0113r\u012bgu un mier\u012bgu \u0101das toni<br data-start=\"1582\" data-end=\"1585\" \/>\u2714\ufe0f Piem\u0113rota ikdienas lieto\u0161anai \u0101dai ar kuperozi un roz\u0101ciju<\/p>\n","protected":false},"featured_media":65421,"template":"","meta":[],"pwb-brand":[1201],"product_brand":[],"product_cat":[731],"product_tag":[],"giftcard-category":[],"class_list":{"0":"post-56346","1":"product","2":"type-product","3":"status-publish","4":"has-post-thumbnail","6":"pwb-brand-cantabria-labs-lv","7":"product_cat-spf-aizsardziba","9":"first","10":"instock","11":"taxable","12":"shipping-taxable","13":"purchasable","14":"product-type-simple"},"acf":[],"brands":[{"id":1201,"name":"Cantabria Labs","slug":"cantabria-labs-lv"}],"_links":{"self":[{"href":"https:\/\/skinstudio.ee\/lv\/wp-json\/wp\/v2\/product\/56346","targetHints":{"allow":["GET"]}}],"collection":[{"href":"https:\/\/skinstudio.ee\/lv\/wp-json\/wp\/v2\/product"}],"about":[{"href":"https:\/\/skinstudio.ee\/lv\/wp-json\/wp\/v2\/types\/product"}],"version-history":[{"count":0,"href":"https:\/\/skinstudio.ee\/lv\/wp-json\/wp\/v2\/product\/56346\/revisions"}],"wp:featuredmedia":[{"embeddable":true,"href":"https:\/\/skinstudio.ee\/lv\/wp-json\/wp\/v2\/media\/65421"}],"wp:attachment":[{"href":"https:\/\/skinstudio.ee\/lv\/wp-json\/wp\/v2\/media?parent=56346"}],"wp:term":[{"taxonomy":"pwb-brand","embeddable":true,"href":"https:\/\/skinstudio.ee\/lv\/wp-json\/wp\/v2\/pwb-brand?post=56346"},{"taxonomy":"product_brand","embeddable":true,"href":"https:\/\/skinstudio.ee\/lv\/wp-json\/wp\/v2\/product_brand?post=56346"},{"taxonomy":"product_cat","embeddable":true,"href":"https:\/\/skinstudio.ee\/lv\/wp-json\/wp\/v2\/product_cat?post=56346"},{"taxonomy":"product_tag","embeddable":true,"href":"https:\/\/skinstudio.ee\/lv\/wp-json\/wp\/v2\/product_tag?post=56346"},{"taxonomy":"giftcard-category","embeddable":true,"href":"https:\/\/skinstudio.ee\/lv\/wp-json\/wp\/v2\/giftcard-category?post=56346"}],"curies":[{"name":"wp","href":"https:\/\/api.w.org\/{rel}","templated":true}]}}