{"id":56377,"date":"2025-10-28T13:08:03","date_gmt":"2025-10-28T13:08:03","guid":{"rendered":"https:\/\/skinstudio.ee\/?post_type=product&#038;p=56377"},"modified":"2025-12-18T13:27:18","modified_gmt":"2025-12-18T13:27:18","slug":"heliocare-360o-sensation","status":"publish","type":"product","link":"https:\/\/skinstudio.ee\/lv\/catalog\/cantabria-labs-lv\/heliocare-360o-sensation\/","title":{"rendered":"Heliocare 360\u00ba Sensation"},"content":{"rendered":"<p data-start=\"37\" data-end=\"433\">Sejas saules aizsargkr\u0113ms ar \u013coti augstu aizsardz\u012bbas l\u012bmeni, izstr\u0101d\u0101ts ikdienas lieto\u0161anai un fotonoveco\u0161an\u0101s profilaksei.<br data-start=\"161\" data-end=\"164\" \/><strong data-start=\"164\" data-end=\"192\">Heliocare 360\u00ba Sensation<\/strong> apvieno Heliocare zin\u0101tniskos sasniegumus ar unik\u0101lu maigas viegluma un svaiguma saj\u016btu uzkl\u0101\u0161anas laik\u0101 un p\u0113c t\u0101s. \u0160is produkts p\u0101rv\u0113r\u0161 SPF uzkl\u0101\u0161anu pat\u012bkam\u0101 ikdienas skaistumkop\u0161anas ritu\u0101l\u0101 un lieliski papildina \u0101das kop\u0161anas rut\u012bnu.<\/p>\n<p data-start=\"435\" data-end=\"819\">Ultraviegla, bez e\u013c\u013c\u0101m formula nodro\u0161ina uzticamu aizsardz\u012bbu pret \u010detru veidu starojumu &#8211; <strong data-start=\"526\" data-end=\"570\">UVA, UVB, redzamo un infrasarkano (IR-A)<\/strong> &#8211; pal\u012bdzot nov\u0113rst \u0161\u016bnu boj\u0101jumus un noveco\u0161an\u0101s paz\u012bmes.<br data-start=\"628\" data-end=\"631\" \/><strong data-start=\"631\" data-end=\"645\">Fernblock\u00ae<\/strong> komplekss, ingvera ekstrakts un E vitam\u012bns nodro\u0161ina sp\u0113c\u012bgu antioksidantu iedarb\u012bbu, neitraliz\u0113jot br\u012bvos radik\u0101\u013cus un veicinot \u0101das atjauno\u0161anos p\u0113c UV staru iedarb\u012bbas.<\/p>\n<p data-start=\"821\" data-end=\"944\">Z\u012bdain\u0101, viegl\u0101 tekst\u016bra acumirkl\u012b ies\u016bcas, neatst\u0101j p\u0113das vai taukainu sp\u012bdumu, padarot \u0101du maigu, gludu un komfortablu.<\/p>\n<p data-start=\"946\" data-end=\"966\"><strong data-start=\"946\" data-end=\"964\">Tilpums: 50 ml<\/strong><\/p>\n","protected":false},"excerpt":{"rendered":"<p data-start=\"1385\" data-end=\"1447\">Viegls sejas saules aizsargkr\u0113ms ar unik\u0101lu sensoru tekst\u016bru<\/p>\n<h2 data-start=\"1449\" data-end=\"1768\"><strong data-start=\"1449\" data-end=\"1503\">Cantabria Labs &#8211; Heliocare 360\u00ba Sensation \u012bpa\u0161\u012bbas<\/strong><\/h2>\n<p data-start=\"1449\" data-end=\"1768\">\u2714\ufe0f Nodro\u0161ina piln\u012bgu aizsardz\u012bbu pret UVA, UVB, IR un redzamo gaismu<br data-start=\"1574\" data-end=\"1577\" \/>\u2714\ufe0f Nov\u0113r\u0161 fotonoveco\u0161anos un \u0161\u016bnu boj\u0101jumus<br data-start=\"1620\" data-end=\"1623\" \/>\u2714\ufe0f Stiprina antioksidantu aizsardz\u012bbu un atjauno \u0101du<br data-start=\"1675\" data-end=\"1678\" \/>\u2714\ufe0f Acumirkl\u012b ies\u016bcas, neatst\u0101jot taukainu sp\u012bdumu<br data-start=\"1727\" data-end=\"1730\" \/>\u2714\ufe0f Padara \u0101du maigu, gludu un svaigu<\/p>\n","protected":false},"featured_media":65416,"template":"","meta":[],"pwb-brand":[1201],"product_brand":[],"product_cat":[731],"product_tag":[],"giftcard-category":[],"class_list":{"0":"post-56377","1":"product","2":"type-product","3":"status-publish","4":"has-post-thumbnail","6":"pwb-brand-cantabria-labs-lv","7":"product_cat-spf-aizsardziba","9":"first","10":"instock","11":"sale","12":"taxable","13":"shipping-taxable","14":"purchasable","15":"product-type-simple"},"acf":[],"brands":[{"id":1201,"name":"Cantabria Labs","slug":"cantabria-labs-lv"}],"_links":{"self":[{"href":"https:\/\/skinstudio.ee\/lv\/wp-json\/wp\/v2\/product\/56377","targetHints":{"allow":["GET"]}}],"collection":[{"href":"https:\/\/skinstudio.ee\/lv\/wp-json\/wp\/v2\/product"}],"about":[{"href":"https:\/\/skinstudio.ee\/lv\/wp-json\/wp\/v2\/types\/product"}],"version-history":[{"count":0,"href":"https:\/\/skinstudio.ee\/lv\/wp-json\/wp\/v2\/product\/56377\/revisions"}],"wp:featuredmedia":[{"embeddable":true,"href":"https:\/\/skinstudio.ee\/lv\/wp-json\/wp\/v2\/media\/65416"}],"wp:attachment":[{"href":"https:\/\/skinstudio.ee\/lv\/wp-json\/wp\/v2\/media?parent=56377"}],"wp:term":[{"taxonomy":"pwb-brand","embeddable":true,"href":"https:\/\/skinstudio.ee\/lv\/wp-json\/wp\/v2\/pwb-brand?post=56377"},{"taxonomy":"product_brand","embeddable":true,"href":"https:\/\/skinstudio.ee\/lv\/wp-json\/wp\/v2\/product_brand?post=56377"},{"taxonomy":"product_cat","embeddable":true,"href":"https:\/\/skinstudio.ee\/lv\/wp-json\/wp\/v2\/product_cat?post=56377"},{"taxonomy":"product_tag","embeddable":true,"href":"https:\/\/skinstudio.ee\/lv\/wp-json\/wp\/v2\/product_tag?post=56377"},{"taxonomy":"giftcard-category","embeddable":true,"href":"https:\/\/skinstudio.ee\/lv\/wp-json\/wp\/v2\/giftcard-category?post=56377"}],"curies":[{"name":"wp","href":"https:\/\/api.w.org\/{rel}","templated":true}]}}