{"id":56406,"date":"2025-10-28T13:17:07","date_gmt":"2025-10-28T13:17:07","guid":{"rendered":"https:\/\/skinstudio.ee\/?post_type=product&#038;p=56406"},"modified":"2025-12-18T13:27:18","modified_gmt":"2025-12-18T13:27:18","slug":"heliocare-360o-pigment-solution-fluid-spf50","status":"publish","type":"product","link":"https:\/\/skinstudio.ee\/lv\/catalog\/cantabria-labs-lv\/heliocare-360o-pigment-solution-fluid-spf50\/","title":{"rendered":"Heliocare 360\u00ba Pigment Solution Fluid SPF50"},"content":{"rendered":"<p data-start=\"56\" data-end=\"557\">\u012apa\u0161i viegls saules aizsargflu\u012bds ar \u013coti augstu aizsardz\u012bbas l\u012bmeni, izstr\u0101d\u0101ts pigment\u0101cijas un tum\u0161o plankumu nov\u0113r\u0161anai un korekcijai.<br data-start=\"194\" data-end=\"197\" \/><strong data-start=\"197\" data-end=\"244\">Heliocare 360\u00ba Pigment Solution Fluid SPF50<\/strong> nodro\u0161ina piln\u012bgu aizsardz\u012bbu pret \u010detru veidu starojumu &#8211; <strong data-start=\"304\" data-end=\"348\">UVA, UVB, redzamo un infrasarkano (IR-A)<\/strong> &#8211; k\u0101 ar\u012b pret zilo gaismu, ko izstaro digit\u0101l\u0101s ier\u012bces. T\u0101 antipies\u0101r\u0146ojuma un depigment\u0113jo\u0161\u0101 formula pal\u012bdz nov\u0113rst saules rad\u012btus plankumus un nevienm\u0113r\u012bgu \u0101das toni, padarot \u0101du starojo\u0161u un vienm\u0113r\u012bgu.<\/p>\n<p data-start=\"559\" data-end=\"1017\">Patent\u0113t\u0101 <strong data-start=\"569\" data-end=\"589\">ASPA-Fernblock\u00ae+<\/strong> tehnolo\u0123ija stiprina \u0101das dabisko aizsardz\u012bbu pret br\u012bvajiem radik\u0101\u013ciem un fotonoveco\u0161anos, veicina \u0161\u016bnu DNS atjauno\u0161anos un pal\u012bdz uztur\u0113t optim\u0101lu D vitam\u012bna l\u012bdzsvaru.<br data-start=\"760\" data-end=\"763\" \/><strong data-start=\"763\" data-end=\"778\">Niacinam\u012bda<\/strong> un <strong data-start=\"782\" data-end=\"796\">el\u0101gsk\u0101bes<\/strong> komplekss samazina melan\u012bna ra\u017eo\u0161anu un p\u0101rvieto\u0161anos, redzami samazinot pigment\u0101cijas plankumus.<br data-start=\"894\" data-end=\"897\" \/>Viegl\u0101 ton\u0113t\u0101 formula piel\u0101gojas \u0101das dabiskajam tonim, nodro\u0161inot vesel\u012bgu un vienm\u0113r\u012bgu izskatu bez smaguma saj\u016btas.<\/p>\n<p data-start=\"1019\" data-end=\"1140\">Flu\u012bds viegli kl\u0101jas, \u0101tri ies\u016bcas, neatst\u0101j taukainu sp\u012bdumu un ir piem\u0113rots visiem \u0101das tipiem, tostarp jut\u012bgai \u0101dai.<\/p>\n<p data-start=\"1142\" data-end=\"1162\"><strong data-start=\"1142\" data-end=\"1160\">Tilpums: 50 ml<\/strong><\/p>\n","protected":false},"excerpt":{"rendered":"<p data-start=\"1479\" data-end=\"1534\">Ton\u0113ts saules aizsargflu\u012bds pigment\u0101cijas mazin\u0101\u0161anai<\/p>\n<h2 data-start=\"1536\" data-end=\"1886\"><strong data-start=\"1536\" data-end=\"1609\">Cantabria Labs &#8211; Heliocare 360\u00ba Pigment Solution Fluid SPF50 \u012bpa\u0161\u012bbas<\/strong><\/h2>\n<p data-start=\"1536\" data-end=\"1886\">\u2714\ufe0f Nodro\u0161ina aizsardz\u012bbu pret UVA, UVB, IR un zilo gaismu<br data-start=\"1669\" data-end=\"1672\" \/>\u2714\ufe0f Samazina un nov\u0113r\u0161 pigment\u0101cijas plankumus<br data-start=\"1717\" data-end=\"1720\" \/>\u2714\ufe0f Veicina DNS atjauno\u0161anos un uztur D vitam\u012bna l\u012bdzsvaru<br data-start=\"1777\" data-end=\"1780\" \/>\u2714\ufe0f Izl\u012bdzina \u0101das toni un pie\u0161\u0137ir dabisku mirdzumu<br data-start=\"1830\" data-end=\"1833\" \/>\u2714\ufe0f Nodro\u0161ina vieglu p\u0101rkl\u0101jumu bez taukaina sp\u012bduma<\/p>\n","protected":false},"featured_media":65411,"template":"","meta":[],"pwb-brand":[1201],"product_brand":[],"product_cat":[751,731],"product_tag":[],"giftcard-category":[],"class_list":{"0":"post-56406","1":"product","2":"type-product","3":"status-publish","4":"has-post-thumbnail","6":"pwb-brand-cantabria-labs-lv","7":"product_cat-pigmentacija-lv","8":"product_cat-spf-aizsardziba","10":"first","11":"instock","12":"sale","13":"taxable","14":"shipping-taxable","15":"purchasable","16":"product-type-simple"},"acf":[],"brands":[{"id":1201,"name":"Cantabria Labs","slug":"cantabria-labs-lv"}],"_links":{"self":[{"href":"https:\/\/skinstudio.ee\/lv\/wp-json\/wp\/v2\/product\/56406","targetHints":{"allow":["GET"]}}],"collection":[{"href":"https:\/\/skinstudio.ee\/lv\/wp-json\/wp\/v2\/product"}],"about":[{"href":"https:\/\/skinstudio.ee\/lv\/wp-json\/wp\/v2\/types\/product"}],"version-history":[{"count":0,"href":"https:\/\/skinstudio.ee\/lv\/wp-json\/wp\/v2\/product\/56406\/revisions"}],"wp:featuredmedia":[{"embeddable":true,"href":"https:\/\/skinstudio.ee\/lv\/wp-json\/wp\/v2\/media\/65411"}],"wp:attachment":[{"href":"https:\/\/skinstudio.ee\/lv\/wp-json\/wp\/v2\/media?parent=56406"}],"wp:term":[{"taxonomy":"pwb-brand","embeddable":true,"href":"https:\/\/skinstudio.ee\/lv\/wp-json\/wp\/v2\/pwb-brand?post=56406"},{"taxonomy":"product_brand","embeddable":true,"href":"https:\/\/skinstudio.ee\/lv\/wp-json\/wp\/v2\/product_brand?post=56406"},{"taxonomy":"product_cat","embeddable":true,"href":"https:\/\/skinstudio.ee\/lv\/wp-json\/wp\/v2\/product_cat?post=56406"},{"taxonomy":"product_tag","embeddable":true,"href":"https:\/\/skinstudio.ee\/lv\/wp-json\/wp\/v2\/product_tag?post=56406"},{"taxonomy":"giftcard-category","embeddable":true,"href":"https:\/\/skinstudio.ee\/lv\/wp-json\/wp\/v2\/giftcard-category?post=56406"}],"curies":[{"name":"wp","href":"https:\/\/api.w.org\/{rel}","templated":true}]}}