{"id":56431,"date":"2025-10-28T13:26:38","date_gmt":"2025-10-28T13:26:38","guid":{"rendered":"https:\/\/skinstudio.ee\/?post_type=product&#038;p=56431"},"modified":"2025-12-18T13:27:18","modified_gmt":"2025-12-18T13:27:18","slug":"heliocare-360o-age-active-fluid-spf50","status":"publish","type":"product","link":"https:\/\/skinstudio.ee\/lv\/catalog\/cantabria-labs-lv\/heliocare-360o-age-active-fluid-spf50\/","title":{"rendered":"Heliocare 360\u00ba Age Active Fluid SPF50+"},"content":{"rendered":"<p data-start=\"51\" data-end=\"588\">\u012apa\u0161i viegls pretnoveco\u0161an\u0101s saules aizsargflu\u012bds ar augstu aizsardz\u012bbas l\u012bmeni, izstr\u0101d\u0101ts, lai nov\u0113rstu un mazin\u0101tu fotonoveco\u0161an\u0101s paz\u012bmes.<br data-start=\"193\" data-end=\"196\" \/><strong data-start=\"196\" data-end=\"238\">Heliocare 360\u00ba Age Active Fluid SPF50+<\/strong> nodro\u0161ina pla\u0161a spektra aizsardz\u012bbu pret visiem starojuma veidiem \u2013 <strong data-start=\"307\" data-end=\"333\">UVA, UVB, redzamo (VL)<\/strong> un <strong data-start=\"337\" data-end=\"360\">infrasarkano (IR-A)<\/strong> \u2013 tostarp pret zilo gaismu, ko izstaro digit\u0101l\u0101s ier\u012bces.<br data-start=\"418\" data-end=\"421\" \/>Antipies\u0101r\u0146ojuma formula ar tr\u012bsk\u0101r\u0161u atjaunojo\u0161o kompleksu izl\u012bdzina krunci\u0146as, uzlabo \u0101das elast\u012bbu un nov\u0113r\u0161 kolag\u0113na zudumu, atjaunojot \u0101das bl\u012bvumu un mirdzumu.<\/p>\n<p data-start=\"590\" data-end=\"1007\">Patent\u0113t\u0101 <strong data-start=\"600\" data-end=\"620\">ASPA-Fernblock\u00ae+<\/strong> tehnolo\u0123ija stiprina \u0101das dabisko aizsardz\u012bbu, neitraliz\u0113 br\u012bvos radik\u0101\u013cus, veicina DNS atjauno\u0161anos un pal\u012bdz uztur\u0113t optim\u0101lu D vitam\u012bna l\u012bmeni.<br data-start=\"767\" data-end=\"770\" \/><strong data-start=\"770\" data-end=\"784\">Soft Focus<\/strong> tehnolo\u0123ija vizu\u0101li samazina krunci\u0146as un \u0101das nepiln\u012bbas, padarot to samtaini gludu un vienm\u0113r\u012bgu.<br data-start=\"884\" data-end=\"887\" \/>Viegl\u0101, mitrino\u0161\u0101 un ton\u0113t\u0101 formula \u0101tri ies\u016bcas, neatst\u0101j p\u0113das un ir piem\u0113rota visiem \u0101das tipiem, ar\u012b jut\u012bgai \u0101dai.<\/p>\n<p data-start=\"1009\" data-end=\"1029\"><strong data-start=\"1009\" data-end=\"1027\">Tilpums: 50 ml<\/strong><\/p>\n","protected":false},"excerpt":{"rendered":"<p data-start=\"1346\" data-end=\"1391\">Ton\u0113ts pretnoveco\u0161an\u0101s saules aizsargflu\u012bds<\/p>\n<h2 data-start=\"1393\" data-end=\"1685\"><strong data-start=\"1393\" data-end=\"1461\">Cantabria Labs &#8211; Heliocare 360\u00ba Age Active Fluid SPF50+ \u012bpa\u0161\u012bbas<\/strong><\/h2>\n<p data-start=\"1393\" data-end=\"1685\">\u2714\ufe0f Aizsarg\u0101 pret UVA, UVB, IR un zilo gaismu<br data-start=\"1508\" data-end=\"1511\" \/>\u2714\ufe0f Samazina krunci\u0146as un uzlabo \u0101das elast\u012bbu<br data-start=\"1556\" data-end=\"1559\" \/>\u2714\ufe0f Nov\u0113r\u0161 fotonoveco\u0161anos un kolag\u0113na no\u0101rd\u012b\u0161anos<br data-start=\"1608\" data-end=\"1611\" \/>\u2714\ufe0f Padara \u0101du gludu un starojo\u0161u<br data-start=\"1643\" data-end=\"1646\" \/>\u2714\ufe0f Mitrina un pasarg\u0101 no pies\u0101r\u0146ojuma<\/p>\n","protected":false},"featured_media":65406,"template":"","meta":[],"pwb-brand":[1201],"product_brand":[],"product_cat":[749,731],"product_tag":[],"giftcard-category":[],"class_list":{"0":"post-56431","1":"product","2":"type-product","3":"status-publish","4":"has-post-thumbnail","6":"pwb-brand-cantabria-labs-lv","7":"product_cat-novecojosa-ada","8":"product_cat-spf-aizsardziba","10":"first","11":"instock","12":"sale","13":"taxable","14":"shipping-taxable","15":"purchasable","16":"product-type-simple"},"acf":[],"brands":[{"id":1201,"name":"Cantabria Labs","slug":"cantabria-labs-lv"}],"_links":{"self":[{"href":"https:\/\/skinstudio.ee\/lv\/wp-json\/wp\/v2\/product\/56431","targetHints":{"allow":["GET"]}}],"collection":[{"href":"https:\/\/skinstudio.ee\/lv\/wp-json\/wp\/v2\/product"}],"about":[{"href":"https:\/\/skinstudio.ee\/lv\/wp-json\/wp\/v2\/types\/product"}],"version-history":[{"count":0,"href":"https:\/\/skinstudio.ee\/lv\/wp-json\/wp\/v2\/product\/56431\/revisions"}],"wp:featuredmedia":[{"embeddable":true,"href":"https:\/\/skinstudio.ee\/lv\/wp-json\/wp\/v2\/media\/65406"}],"wp:attachment":[{"href":"https:\/\/skinstudio.ee\/lv\/wp-json\/wp\/v2\/media?parent=56431"}],"wp:term":[{"taxonomy":"pwb-brand","embeddable":true,"href":"https:\/\/skinstudio.ee\/lv\/wp-json\/wp\/v2\/pwb-brand?post=56431"},{"taxonomy":"product_brand","embeddable":true,"href":"https:\/\/skinstudio.ee\/lv\/wp-json\/wp\/v2\/product_brand?post=56431"},{"taxonomy":"product_cat","embeddable":true,"href":"https:\/\/skinstudio.ee\/lv\/wp-json\/wp\/v2\/product_cat?post=56431"},{"taxonomy":"product_tag","embeddable":true,"href":"https:\/\/skinstudio.ee\/lv\/wp-json\/wp\/v2\/product_tag?post=56431"},{"taxonomy":"giftcard-category","embeddable":true,"href":"https:\/\/skinstudio.ee\/lv\/wp-json\/wp\/v2\/giftcard-category?post=56431"}],"curies":[{"name":"wp","href":"https:\/\/api.w.org\/{rel}","templated":true}]}}