{"id":56462,"date":"2025-10-28T13:36:43","date_gmt":"2025-10-28T13:36:43","guid":{"rendered":"https:\/\/skinstudio.ee\/?post_type=product&#038;p=56462"},"modified":"2025-12-18T13:27:18","modified_gmt":"2025-12-18T13:27:18","slug":"heliocare-360o-md-ak-fluid-spf100","status":"publish","type":"product","link":"https:\/\/skinstudio.ee\/lv\/catalog\/cantabria-labs-lv\/heliocare-360o-md-ak-fluid-spf100\/","title":{"rendered":"Heliocare 360\u00ba MD AK Fluid SPF100"},"content":{"rendered":"<p data-start=\"46\" data-end=\"376\">Augstas tehnolo\u0123ijas fotoprotektors un pal\u012bgl\u012bdzeklis \u0101das aizsardz\u012bbai un profilaksei akt\u012bnisk\u0101s keratozes (AK) un citu nemelanomas \u0101das v\u0113\u017ea formu gad\u012bjum\u0101.<br data-start=\"204\" data-end=\"207\" \/><strong data-start=\"207\" data-end=\"244\">Heliocare 360\u00ba MD AK Fluid SPF100<\/strong> apvieno sp\u0113c\u012bgu saules aizsardz\u012bbu ar inovat\u012bvu DNS atjauno\u0161anas kompleksu, nodro\u0161inot efekt\u012bvu atbalstu boj\u0101tai un jut\u012bgai \u0101dai.<\/p>\n<p data-start=\"378\" data-end=\"807\">Patent\u0113tais <strong data-start=\"390\" data-end=\"413\">GenoRepair\u00ae Complex<\/strong>, kas sast\u0101v no trim fermentiem (fotoliaze, endonukle\u0101ze un glikozil\u0101ze), aktiviz\u0113 dabiskos DNS atjauno\u0161an\u0101s meh\u0101nismus un pa\u0101trina \u0161\u016bnu atjauno\u0161anos p\u0113c UV staru boj\u0101jumiem.<br data-start=\"587\" data-end=\"590\" \/><strong data-start=\"590\" data-end=\"605\">Fernblock\u00ae+<\/strong> tehnolo\u0123ija kop\u0101 ar antioksidantiem nodro\u0161ina sp\u0113c\u012bgu aizsardz\u012bbu pret \u010detriem starojuma veidiem \u2013 UVA, UVB, redzamo un infrasarkano \u2013 neitraliz\u0113jot br\u012bvos radik\u0101\u013cus un stiprinot \u0101das aizsargbarjeru.<\/p>\n<p data-start=\"809\" data-end=\"976\">Viegl\u0101, nekamedog\u0113n\u0101 flu\u012bda tekst\u016bra vienm\u0113r\u012bgi uzkl\u0101jas un ir piem\u0113rota pat visjut\u012bg\u0101kajai \u0101dai, tostarp saules iedarb\u012bbai pak\u013cautaj\u0101m un gr\u016bti aizsniedzam\u0101m zon\u0101m.<\/p>\n<p data-start=\"978\" data-end=\"998\"><strong data-start=\"978\" data-end=\"996\">Tilpums: 50 ml<\/strong><\/p>\n","protected":false},"excerpt":{"rendered":"<p data-start=\"1319\" data-end=\"1369\">Fotoprotektors \u0101das aizsardz\u012bbai un atjauno\u0161anai<\/p>\n<h2 data-start=\"1371\" data-end=\"1739\"><strong data-start=\"1371\" data-end=\"1434\">Cantabria Labs &#8211; Heliocare 360\u00ba MD AK Fluid SPF100 <\/strong><strong data-start=\"1371\" data-end=\"1434\">\u012apa\u0161\u012bbas<\/strong><\/h2>\n<p data-start=\"1371\" data-end=\"1739\">\u2714\ufe0f Nodro\u0161ina \u012bpa\u0161i augstu aizsardz\u012bbu pret UVA un UVB<br data-start=\"1490\" data-end=\"1493\" \/>\u2714\ufe0f Aktiviz\u0113 dabiskos DNS atjauno\u0161an\u0101s meh\u0101nismus<br data-start=\"1541\" data-end=\"1544\" \/>\u2714\ufe0f Pal\u012bdz nov\u0113rst akt\u012bnisko keratozi un \u0101das v\u0113zi<br data-start=\"1593\" data-end=\"1596\" \/>\u2714\ufe0f Nodro\u0161ina antioksidantu aizsardz\u012bbu un stiprina \u0101das barjeru<br data-start=\"1659\" data-end=\"1662\" \/>\u2714\ufe0f Stiprina \u0101das dabisko aizsardz\u012bbu pret apk\u0101rt\u0113j\u0101s vides stresa faktoriem<\/p>\n","protected":false},"featured_media":65401,"template":"","meta":[],"pwb-brand":[1201],"product_brand":[],"product_cat":[731],"product_tag":[],"giftcard-category":[],"class_list":{"0":"post-56462","1":"product","2":"type-product","3":"status-publish","4":"has-post-thumbnail","6":"pwb-brand-cantabria-labs-lv","7":"product_cat-spf-aizsardziba","9":"first","10":"instock","11":"taxable","12":"shipping-taxable","13":"purchasable","14":"product-type-simple"},"acf":[],"brands":[{"id":1201,"name":"Cantabria Labs","slug":"cantabria-labs-lv"}],"_links":{"self":[{"href":"https:\/\/skinstudio.ee\/lv\/wp-json\/wp\/v2\/product\/56462","targetHints":{"allow":["GET"]}}],"collection":[{"href":"https:\/\/skinstudio.ee\/lv\/wp-json\/wp\/v2\/product"}],"about":[{"href":"https:\/\/skinstudio.ee\/lv\/wp-json\/wp\/v2\/types\/product"}],"version-history":[{"count":0,"href":"https:\/\/skinstudio.ee\/lv\/wp-json\/wp\/v2\/product\/56462\/revisions"}],"wp:featuredmedia":[{"embeddable":true,"href":"https:\/\/skinstudio.ee\/lv\/wp-json\/wp\/v2\/media\/65401"}],"wp:attachment":[{"href":"https:\/\/skinstudio.ee\/lv\/wp-json\/wp\/v2\/media?parent=56462"}],"wp:term":[{"taxonomy":"pwb-brand","embeddable":true,"href":"https:\/\/skinstudio.ee\/lv\/wp-json\/wp\/v2\/pwb-brand?post=56462"},{"taxonomy":"product_brand","embeddable":true,"href":"https:\/\/skinstudio.ee\/lv\/wp-json\/wp\/v2\/product_brand?post=56462"},{"taxonomy":"product_cat","embeddable":true,"href":"https:\/\/skinstudio.ee\/lv\/wp-json\/wp\/v2\/product_cat?post=56462"},{"taxonomy":"product_tag","embeddable":true,"href":"https:\/\/skinstudio.ee\/lv\/wp-json\/wp\/v2\/product_tag?post=56462"},{"taxonomy":"giftcard-category","embeddable":true,"href":"https:\/\/skinstudio.ee\/lv\/wp-json\/wp\/v2\/giftcard-category?post=56462"}],"curies":[{"name":"wp","href":"https:\/\/api.w.org\/{rel}","templated":true}]}}