{"id":56516,"date":"2025-10-28T14:15:15","date_gmt":"2025-10-28T14:15:15","guid":{"rendered":"https:\/\/skinstudio.ee\/?post_type=product&#038;p=56516"},"modified":"2025-12-18T13:27:18","modified_gmt":"2025-12-18T13:27:18","slug":"heliocare-360o-pediatrics-atopic-spray-spf50","status":"publish","type":"product","link":"https:\/\/skinstudio.ee\/lv\/catalog\/cantabria-labs-lv\/heliocare-360o-pediatrics-atopic-spray-spf50\/","title":{"rendered":"Heliocare 360\u00ba Pediatrics Atopic Spray SPF50"},"content":{"rendered":"<p data-start=\"57\" data-end=\"347\">Viegls un mitrino\u0161s saules aizsargsprejs, kas \u012bpa\u0161i izstr\u0101d\u0101ts jut\u012bgai, sausai un atopiskai b\u0113rnu un z\u012bdai\u0146u \u0101dai no 6 m\u0113ne\u0161u vecuma.<br data-start=\"190\" data-end=\"193\" \/>Pateicoties maigajai tekst\u016brai un \u0113rtajam izsmidzin\u0101t\u0101jam, produkts viegli un vienm\u0113r\u012bgi uzkl\u0101jas, nodro\u0161inot komfortablu un dro\u0161u ikdienas aizsardz\u012bbu.<\/p>\n<p data-start=\"349\" data-end=\"715\"><strong data-start=\"349\" data-end=\"397\">Heliocare 360\u00ba Pediatrics Atopic Spray SPF50<\/strong> satur patent\u0113to <strong data-start=\"414\" data-end=\"429\">Fernblock\u00ae+<\/strong> kompleksu, antioksidantus un atjaunojo\u0161as sast\u0101vda\u013cas, kas nodro\u0161ina pla\u0161a spektra aizsardz\u012bbu pret UVA, UVB, redzamo un infrasarkano (IR-A) starojumu.<br data-start=\"581\" data-end=\"584\" \/>Formula stiprina \u0101das aizsargbarjeru, samazina jut\u012bgumu un pal\u012bdz nov\u0113rst sausumu un kairin\u0101jumu, uzturot \u0101du maigu un mitrin\u0101tu.<\/p>\n<p data-start=\"717\" data-end=\"879\">Sprejs \u0101tri ies\u016bcas, neatst\u0101j taukainu pl\u0113v\u012bti un baltas p\u0113das. \u016adens un sviedru iztur\u012bgs, piem\u0113rots visiem \u0101das tipiem, ar\u012b \u013coti gai\u0161ai \u0101dai (Fitzpatrick I\u2013V).<\/p>\n<p data-start=\"881\" data-end=\"902\"><strong data-start=\"881\" data-end=\"893\">Tilpums:<\/strong> 250 ml<\/p>\n","protected":false},"excerpt":{"rendered":"<p data-start=\"1244\" data-end=\"1291\">Maigs saules aizsargsprejs jut\u012bgai b\u0113rnu \u0101dai<\/p>\n<h2 data-start=\"1293\" data-end=\"1653\"><strong data-start=\"1293\" data-end=\"1367\">\u012apa\u0161\u012bbas Cantabria Labs &#8211; Heliocare 360\u00ba Pediatrics Atopic Spray SPF50<\/strong><\/h2>\n<p data-start=\"1293\" data-end=\"1653\">\u2714\ufe0f Nodro\u0161ina pla\u0161a spektra aizsardz\u012bbu pret UVA, UVB, IR un redzamo gaismu<br data-start=\"1444\" data-end=\"1447\" \/>\u2714\ufe0f Piem\u0113rots b\u0113rniem no 6 m\u0113ne\u0161u vecuma, ar\u012b atopiskai \u0101dai<br data-start=\"1506\" data-end=\"1509\" \/>\u2714\ufe0f Mitrina, m\u012bkstina un stiprina \u0101das aizsargbarjeru<br data-start=\"1561\" data-end=\"1564\" \/>\u2714\ufe0f \u0100tri ies\u016bcas un neatst\u0101j baltas p\u0113das<br data-start=\"1604\" data-end=\"1607\" \/>\u2714\ufe0f \u016adens un sviedru iztur\u012bgs, \u0113rts lieto\u0161an\u0101<\/p>\n","protected":false},"featured_media":65391,"template":"","meta":[],"pwb-brand":[1201],"product_brand":[],"product_cat":[1191,731],"product_tag":[],"giftcard-category":[],"class_list":{"0":"post-56516","1":"product","2":"type-product","3":"status-publish","4":"has-post-thumbnail","6":"pwb-brand-cantabria-labs-lv","7":"product_cat-berniem","8":"product_cat-spf-aizsardziba","10":"first","11":"instock","12":"taxable","13":"shipping-taxable","14":"purchasable","15":"product-type-simple"},"acf":[],"brands":[{"id":1201,"name":"Cantabria Labs","slug":"cantabria-labs-lv"}],"_links":{"self":[{"href":"https:\/\/skinstudio.ee\/lv\/wp-json\/wp\/v2\/product\/56516","targetHints":{"allow":["GET"]}}],"collection":[{"href":"https:\/\/skinstudio.ee\/lv\/wp-json\/wp\/v2\/product"}],"about":[{"href":"https:\/\/skinstudio.ee\/lv\/wp-json\/wp\/v2\/types\/product"}],"version-history":[{"count":0,"href":"https:\/\/skinstudio.ee\/lv\/wp-json\/wp\/v2\/product\/56516\/revisions"}],"wp:featuredmedia":[{"embeddable":true,"href":"https:\/\/skinstudio.ee\/lv\/wp-json\/wp\/v2\/media\/65391"}],"wp:attachment":[{"href":"https:\/\/skinstudio.ee\/lv\/wp-json\/wp\/v2\/media?parent=56516"}],"wp:term":[{"taxonomy":"pwb-brand","embeddable":true,"href":"https:\/\/skinstudio.ee\/lv\/wp-json\/wp\/v2\/pwb-brand?post=56516"},{"taxonomy":"product_brand","embeddable":true,"href":"https:\/\/skinstudio.ee\/lv\/wp-json\/wp\/v2\/product_brand?post=56516"},{"taxonomy":"product_cat","embeddable":true,"href":"https:\/\/skinstudio.ee\/lv\/wp-json\/wp\/v2\/product_cat?post=56516"},{"taxonomy":"product_tag","embeddable":true,"href":"https:\/\/skinstudio.ee\/lv\/wp-json\/wp\/v2\/product_tag?post=56516"},{"taxonomy":"giftcard-category","embeddable":true,"href":"https:\/\/skinstudio.ee\/lv\/wp-json\/wp\/v2\/giftcard-category?post=56516"}],"curies":[{"name":"wp","href":"https:\/\/api.w.org\/{rel}","templated":true}]}}