{"id":56545,"date":"2025-10-28T14:22:44","date_gmt":"2025-10-28T14:22:44","guid":{"rendered":"https:\/\/skinstudio.ee\/?post_type=product&#038;p=56545"},"modified":"2025-12-18T13:27:18","modified_gmt":"2025-12-18T13:27:18","slug":"heliocare-360o-pediatrics-stick-spf50","status":"publish","type":"product","link":"https:\/\/skinstudio.ee\/lv\/catalog\/cantabria-labs-lv\/heliocare-360o-pediatrics-stick-spf50\/","title":{"rendered":"Heliocare 360\u00ba Pediatrics Stick SPF50+"},"content":{"rendered":"<p data-start=\"51\" data-end=\"403\">\u0112rts saules aizsargstiks ar augstu aizsardz\u012bbas l\u012bmeni, \u012bpa\u0161i izstr\u0101d\u0101ts jut\u012bgai un atopiskai b\u0113rnu \u0101dai no 2 gadu vecuma.<br data-start=\"173\" data-end=\"176\" \/>Formula ar patent\u0113to antioksidantu kompleksu <strong data-start=\"221\" data-end=\"235\">Fernblock\u00ae<\/strong> nodro\u0161ina pla\u0161a spektra aizsardz\u012bbu pret UVA, UVB, redzamo un infrasarkano starojumu, neitraliz\u0113 br\u012bvos radik\u0101\u013cus un pal\u012bdz nov\u0113rst saules izrais\u012btus \u0101das boj\u0101jumus.<\/p>\n<p data-start=\"405\" data-end=\"672\">Stiks atst\u0101j neredzamu p\u0101rkl\u0101jumu, neatst\u0101j baltas p\u0113das un ir ide\u0101li piem\u0113rots lieto\u0161anai uz sejas, l\u016bp\u0101m, aus\u012bm vai cit\u0101m zon\u0101m, kas visvair\u0101k pak\u013cautas saulei. \u016adens, smil\u0161u un sviedru iztur\u012bgs, tas nodro\u0161ina dro\u0161u aizsardz\u012bbu pat akt\u012bvu rota\u013cu laik\u0101 br\u012bv\u0101 dab\u0101.<\/p>\n<p data-start=\"674\" data-end=\"766\">P\u0101rbaud\u012bts pediatru, dermatologu un oftalmologu uzraudz\u012bb\u0101, piem\u0113rots ikdienas lieto\u0161anai.<\/p>\n<p data-start=\"768\" data-end=\"787\"><strong data-start=\"768\" data-end=\"780\">Tilpums:<\/strong> 25 g<\/p>\n","protected":false},"excerpt":{"rendered":"<p data-start=\"1200\" data-end=\"1250\">Neredzams saules aizsargstiks jut\u012bgai b\u0113rnu \u0101dai<\/p>\n<h2 data-start=\"1252\" data-end=\"1611\"><strong data-start=\"1252\" data-end=\"1320\">\u012apa\u0161\u012bbas Cantabria Labs &#8211; Heliocare 360\u00ba Pediatrics Stick SPF50+<\/strong><\/h2>\n<p data-start=\"1252\" data-end=\"1611\">\u2714\ufe0f Nodro\u0161ina pla\u0161a spektra aizsardz\u012bbu pret UVA, UVB, IR un redzamo gaismu<br data-start=\"1397\" data-end=\"1400\" \/>\u2714\ufe0f Piem\u0113rots b\u0113rniem no 2 gadu vecuma un jut\u012bgai \u0101dai<br data-start=\"1453\" data-end=\"1456\" \/>\u2714\ufe0f Iztur\u012bgs pret \u016bdeni, smilt\u012bm un sviedriem<br data-start=\"1500\" data-end=\"1503\" \/>\u2714\ufe0f Neatst\u0101j baltas p\u0113das, viegli lietojams<br data-start=\"1545\" data-end=\"1548\" \/>\u2714\ufe0f Aizsarg\u0101 \u0101das \u0161\u016bnas no fotovaino\u0161an\u0101s un oksidat\u012bv\u0101 stresa<\/p>\n","protected":false},"featured_media":65386,"template":"","meta":[],"pwb-brand":[1201],"product_brand":[],"product_cat":[1191,731],"product_tag":[],"giftcard-category":[],"class_list":{"0":"post-56545","1":"product","2":"type-product","3":"status-publish","4":"has-post-thumbnail","6":"pwb-brand-cantabria-labs-lv","7":"product_cat-berniem","8":"product_cat-spf-aizsardziba","10":"first","11":"instock","12":"taxable","13":"shipping-taxable","14":"purchasable","15":"product-type-simple"},"acf":[],"brands":[{"id":1201,"name":"Cantabria Labs","slug":"cantabria-labs-lv"}],"_links":{"self":[{"href":"https:\/\/skinstudio.ee\/lv\/wp-json\/wp\/v2\/product\/56545","targetHints":{"allow":["GET"]}}],"collection":[{"href":"https:\/\/skinstudio.ee\/lv\/wp-json\/wp\/v2\/product"}],"about":[{"href":"https:\/\/skinstudio.ee\/lv\/wp-json\/wp\/v2\/types\/product"}],"version-history":[{"count":0,"href":"https:\/\/skinstudio.ee\/lv\/wp-json\/wp\/v2\/product\/56545\/revisions"}],"wp:featuredmedia":[{"embeddable":true,"href":"https:\/\/skinstudio.ee\/lv\/wp-json\/wp\/v2\/media\/65386"}],"wp:attachment":[{"href":"https:\/\/skinstudio.ee\/lv\/wp-json\/wp\/v2\/media?parent=56545"}],"wp:term":[{"taxonomy":"pwb-brand","embeddable":true,"href":"https:\/\/skinstudio.ee\/lv\/wp-json\/wp\/v2\/pwb-brand?post=56545"},{"taxonomy":"product_brand","embeddable":true,"href":"https:\/\/skinstudio.ee\/lv\/wp-json\/wp\/v2\/product_brand?post=56545"},{"taxonomy":"product_cat","embeddable":true,"href":"https:\/\/skinstudio.ee\/lv\/wp-json\/wp\/v2\/product_cat?post=56545"},{"taxonomy":"product_tag","embeddable":true,"href":"https:\/\/skinstudio.ee\/lv\/wp-json\/wp\/v2\/product_tag?post=56545"},{"taxonomy":"giftcard-category","embeddable":true,"href":"https:\/\/skinstudio.ee\/lv\/wp-json\/wp\/v2\/giftcard-category?post=56545"}],"curies":[{"name":"wp","href":"https:\/\/api.w.org\/{rel}","templated":true}]}}