{"id":56565,"date":"2025-10-28T14:45:23","date_gmt":"2025-10-28T14:45:23","guid":{"rendered":"https:\/\/skinstudio.ee\/?post_type=product&#038;p=56565"},"modified":"2025-12-18T13:27:18","modified_gmt":"2025-12-18T13:27:18","slug":"heliocare-360o-pediatrics-transparent-spray-spf50","status":"publish","type":"product","link":"https:\/\/skinstudio.ee\/lv\/catalog\/cantabria-labs-lv\/heliocare-360o-pediatrics-transparent-spray-spf50\/","title":{"rendered":"Heliocare 360\u00ba Pediatrics Transparent Spray SPF50+"},"content":{"rendered":"<p data-start=\"63\" data-end=\"387\">\u013boti \u0113rts caursp\u012bd\u012bgs saules aizsargl\u012bdzeklis, kas \u012bpa\u0161i izstr\u0101d\u0101ts b\u0113rnu jut\u012bgai \u0101dai.<br data-start=\"150\" data-end=\"153\" \/><strong data-start=\"153\" data-end=\"165\">WET SKIN<\/strong> formula \u013cauj produktu uzkl\u0101t pat uz mitras \u0101das, nodro\u0161inot efekt\u012bvu aizsardz\u012bbu, nezaud\u0113jot p\u0101rkl\u0101jumu. Caursp\u012bd\u012bg\u0101, \u0101tri uzs\u016bco\u0161\u0101 tekst\u016bra neatst\u0101j baltus nos\u0113dumus, nav lip\u012bga un sniedz \u0101dai pat\u012bkamu svaiguma saj\u016btu.<\/p>\n<p data-start=\"389\" data-end=\"760\">Sast\u0101v\u0101 ir patent\u0113ts antioksidantu komplekss <strong data-start=\"434\" data-end=\"449\">Fernblock\u00ae+<\/strong>, k\u0101 ar\u012b atjaunojo\u0161as un aizsarg\u0101jo\u0161as akt\u012bv\u0101s vielas, kas nodro\u0161ina pilnspektr\u0101lo fot aizsardz\u012bbu pret \u010detriem starojuma veidiem \u2013 <strong data-start=\"581\" data-end=\"625\">UVA, UVB, redzamo un infrasarkano (IR-A)<\/strong>.<br data-start=\"626\" data-end=\"629\" \/>Produkts pal\u012bdz neitraliz\u0113t br\u012bvos radik\u0101\u013cus, veicina boj\u0101to \u0161\u016bnu atjauno\u0161anos un stiprina \u0101das dabiskos aizsardz\u012bbas meh\u0101nismus.<\/p>\n<p data-start=\"762\" data-end=\"861\"><strong data-start=\"762\" data-end=\"859\">Hipoaler\u0123isks, iztur\u012bgs pret \u016bdeni un smilt\u012bm, p\u0101rbaud\u012bts pediatru un dermatologu uzraudz\u012bb\u0101.<\/strong><\/p>\n<p data-start=\"863\" data-end=\"884\"><strong data-start=\"863\" data-end=\"875\">Tilpums:<\/strong> 200 ml<\/p>\n","protected":false},"excerpt":{"rendered":"<p data-start=\"1320\" data-end=\"1360\">Caursp\u012bd\u012bgs b\u0113rnu saules aizsargsprejs<\/p>\n<h2 data-start=\"1362\" data-end=\"1710\"><strong data-start=\"1362\" data-end=\"1442\">\u012apa\u0161\u012bbas Cantabria Labs &#8211; Heliocare 360\u00ba Pediatrics Transparent Spray SPF50+<\/strong><\/h2>\n<p data-start=\"1362\" data-end=\"1710\">\u2714\ufe0f Nodro\u0161ina pilnspektr\u0101lo aizsardz\u012bbu pret UVA, UVB, IR un redzamo gaismu<br data-start=\"1519\" data-end=\"1522\" \/>\u2714\ufe0f Var uzkl\u0101t pat uz mitras \u0101das (WET SKIN tehnolo\u0123ija)<br data-start=\"1577\" data-end=\"1580\" \/>\u2714\ufe0f Neatst\u0101j baltus nos\u0113dumus un \u0101tri uzs\u016bcas<br data-start=\"1624\" data-end=\"1627\" \/>\u2714\ufe0f Iztur\u012bgs pret \u016bdeni, smilt\u012bm un sviedriem<br data-start=\"1671\" data-end=\"1674\" \/>\u2714\ufe0f Piem\u0113rots jut\u012bgai un b\u0113rnu \u0101dai<\/p>\n","protected":false},"featured_media":65381,"template":"","meta":[],"pwb-brand":[1201],"product_brand":[],"product_cat":[1191,731],"product_tag":[],"giftcard-category":[],"class_list":{"0":"post-56565","1":"product","2":"type-product","3":"status-publish","4":"has-post-thumbnail","6":"pwb-brand-cantabria-labs-lv","7":"product_cat-berniem","8":"product_cat-spf-aizsardziba","10":"first","11":"instock","12":"taxable","13":"shipping-taxable","14":"purchasable","15":"product-type-simple"},"acf":[],"brands":[{"id":1201,"name":"Cantabria Labs","slug":"cantabria-labs-lv"}],"_links":{"self":[{"href":"https:\/\/skinstudio.ee\/lv\/wp-json\/wp\/v2\/product\/56565","targetHints":{"allow":["GET"]}}],"collection":[{"href":"https:\/\/skinstudio.ee\/lv\/wp-json\/wp\/v2\/product"}],"about":[{"href":"https:\/\/skinstudio.ee\/lv\/wp-json\/wp\/v2\/types\/product"}],"version-history":[{"count":0,"href":"https:\/\/skinstudio.ee\/lv\/wp-json\/wp\/v2\/product\/56565\/revisions"}],"wp:featuredmedia":[{"embeddable":true,"href":"https:\/\/skinstudio.ee\/lv\/wp-json\/wp\/v2\/media\/65381"}],"wp:attachment":[{"href":"https:\/\/skinstudio.ee\/lv\/wp-json\/wp\/v2\/media?parent=56565"}],"wp:term":[{"taxonomy":"pwb-brand","embeddable":true,"href":"https:\/\/skinstudio.ee\/lv\/wp-json\/wp\/v2\/pwb-brand?post=56565"},{"taxonomy":"product_brand","embeddable":true,"href":"https:\/\/skinstudio.ee\/lv\/wp-json\/wp\/v2\/product_brand?post=56565"},{"taxonomy":"product_cat","embeddable":true,"href":"https:\/\/skinstudio.ee\/lv\/wp-json\/wp\/v2\/product_cat?post=56565"},{"taxonomy":"product_tag","embeddable":true,"href":"https:\/\/skinstudio.ee\/lv\/wp-json\/wp\/v2\/product_tag?post=56565"},{"taxonomy":"giftcard-category","embeddable":true,"href":"https:\/\/skinstudio.ee\/lv\/wp-json\/wp\/v2\/giftcard-category?post=56565"}],"curies":[{"name":"wp","href":"https:\/\/api.w.org\/{rel}","templated":true}]}}