{"id":56582,"date":"2025-10-28T14:52:05","date_gmt":"2025-10-28T14:52:05","guid":{"rendered":"https:\/\/skinstudio.ee\/?post_type=product&#038;p=56582"},"modified":"2025-12-18T13:27:18","modified_gmt":"2025-12-18T13:27:18","slug":"heliocare-360o-pediatrics-lotion-spf50","status":"publish","type":"product","link":"https:\/\/skinstudio.ee\/lv\/catalog\/cantabria-labs-lv\/heliocare-360o-pediatrics-lotion-spf50\/","title":{"rendered":"Heliocare 360\u00ba Pediatrics Lotion SPF50"},"content":{"rendered":"<p data-start=\"51\" data-end=\"381\">\u012apa\u0161i maigs, hipoaler\u0123isks saules aizsarglosjons, kas paredz\u0113ts b\u0113rnu sejas un \u0137erme\u0146a \u0101dai.<br data-start=\"143\" data-end=\"146\" \/><strong data-start=\"146\" data-end=\"188\">Heliocare 360\u00ba Pediatrics Lotion SPF50<\/strong> ir ar vieglu, komfortablu tekst\u016bru, kas \u0101tri uzs\u016bcas un vienm\u0113r\u012bgi kl\u0101jas uz \u0101das, neatst\u0101jot baltas p\u0113das. \u0112rtais dozators ar pump\u012bti nodro\u0161ina vieglu un praktisku uzkl\u0101\u0161anu ar\u012b patst\u0101v\u012bgi.<\/p>\n<p data-start=\"383\" data-end=\"786\">Formula, kas p\u0101rbaud\u012bta pediatru, dermatologu un oftalmologu uzraudz\u012bb\u0101, satur patent\u0113tu antioksidantu kompleksu <strong data-start=\"496\" data-end=\"511\">Fernblock\u00ae+<\/strong>, k\u0101 ar\u012b jaun\u0101k\u0101s paaudzes filtrus un atjaunojo\u0161as akt\u012bv\u0101s vielas. T\u0101 nodro\u0161ina pilnspektr\u0101lo aizsardz\u012bbu pret \u010detriem starojuma veidiem \u2013 <strong data-start=\"650\" data-end=\"694\">UVA, UVB, redzamo un infrasarkano (IR-A)<\/strong> \u2013 pal\u012bdz neitraliz\u0113t br\u012bvos radik\u0101\u013cus un veicina \u0161\u016bnu atjauno\u0161anos p\u0113c saules iedarb\u012bbas.<\/p>\n<p data-start=\"788\" data-end=\"874\">Piem\u0113rots visiem b\u0113rnu \u0101das tipiem, tostarp jut\u012bgai un kairin\u0101jumiem pak\u013cautai \u0101dai.<\/p>\n<p data-start=\"876\" data-end=\"897\"><strong data-start=\"876\" data-end=\"888\">Tilpums:<\/strong> 200 ml<\/p>\n","protected":false},"excerpt":{"rendered":"<p data-start=\"1310\" data-end=\"1347\">Maigs saules aizsarglosjons b\u0113rniem<\/p>\n<h2 data-start=\"1349\" data-end=\"1650\"><strong data-start=\"1349\" data-end=\"1417\">\u012apa\u0161\u012bbas Cantabria Labs &#8211; Heliocare 360\u00ba Pediatrics Lotion SPF50<\/strong><\/h2>\n<p data-start=\"1349\" data-end=\"1650\">\u2714\ufe0f Nodro\u0161ina uzticamu aizsardz\u012bbu pret UVA, UVB, IR un redzamo gaismu<br data-start=\"1489\" data-end=\"1492\" \/>\u2714\ufe0f Piem\u0113rots jut\u012bgai un atopiskai b\u0113rnu \u0101dai<br data-start=\"1536\" data-end=\"1539\" \/>\u2714\ufe0f Viegli uzkl\u0101jams un \u0101tri ies\u016bcas bez p\u0113d\u0101m<br data-start=\"1584\" data-end=\"1587\" \/>\u2714\ufe0f Mitrina un stiprina \u0101das aizsargbarjeru<br data-start=\"1629\" data-end=\"1632\" \/>\u2714\ufe0f Hipoaler\u0123isks<\/p>\n","protected":false},"featured_media":65375,"template":"","meta":[],"pwb-brand":[1201],"product_brand":[],"product_cat":[1191,731],"product_tag":[],"giftcard-category":[],"class_list":{"0":"post-56582","1":"product","2":"type-product","3":"status-publish","4":"has-post-thumbnail","6":"pwb-brand-cantabria-labs-lv","7":"product_cat-berniem","8":"product_cat-spf-aizsardziba","10":"first","11":"instock","12":"taxable","13":"shipping-taxable","14":"purchasable","15":"product-type-simple"},"acf":[],"brands":[{"id":1201,"name":"Cantabria Labs","slug":"cantabria-labs-lv"}],"_links":{"self":[{"href":"https:\/\/skinstudio.ee\/lv\/wp-json\/wp\/v2\/product\/56582","targetHints":{"allow":["GET"]}}],"collection":[{"href":"https:\/\/skinstudio.ee\/lv\/wp-json\/wp\/v2\/product"}],"about":[{"href":"https:\/\/skinstudio.ee\/lv\/wp-json\/wp\/v2\/types\/product"}],"version-history":[{"count":0,"href":"https:\/\/skinstudio.ee\/lv\/wp-json\/wp\/v2\/product\/56582\/revisions"}],"wp:featuredmedia":[{"embeddable":true,"href":"https:\/\/skinstudio.ee\/lv\/wp-json\/wp\/v2\/media\/65375"}],"wp:attachment":[{"href":"https:\/\/skinstudio.ee\/lv\/wp-json\/wp\/v2\/media?parent=56582"}],"wp:term":[{"taxonomy":"pwb-brand","embeddable":true,"href":"https:\/\/skinstudio.ee\/lv\/wp-json\/wp\/v2\/pwb-brand?post=56582"},{"taxonomy":"product_brand","embeddable":true,"href":"https:\/\/skinstudio.ee\/lv\/wp-json\/wp\/v2\/product_brand?post=56582"},{"taxonomy":"product_cat","embeddable":true,"href":"https:\/\/skinstudio.ee\/lv\/wp-json\/wp\/v2\/product_cat?post=56582"},{"taxonomy":"product_tag","embeddable":true,"href":"https:\/\/skinstudio.ee\/lv\/wp-json\/wp\/v2\/product_tag?post=56582"},{"taxonomy":"giftcard-category","embeddable":true,"href":"https:\/\/skinstudio.ee\/lv\/wp-json\/wp\/v2\/giftcard-category?post=56582"}],"curies":[{"name":"wp","href":"https:\/\/api.w.org\/{rel}","templated":true}]}}