{"id":56857,"date":"2025-11-03T10:33:17","date_gmt":"2025-11-03T10:33:17","guid":{"rendered":"https:\/\/skinstudio.ee\/?post_type=product&#038;p=56857"},"modified":"2025-12-18T13:27:18","modified_gmt":"2025-12-18T13:27:18","slug":"heliocare-360o-body-glow-spf50","status":"publish","type":"product","link":"https:\/\/skinstudio.ee\/lv\/catalog\/cantabria-labs-lv\/heliocare-360o-body-glow-spf50\/","title":{"rendered":"Heliocare 360\u00ba Body Glow SPF50"},"content":{"rendered":"<p data-start=\"43\" data-end=\"368\">Greznas saules aizsarg\u0101jo\u0161as \u0137erme\u0146a e\u013c\u013cas\u2013g\u0113ls ar \u013coti augstu aizsardz\u012bbu, kas paredz\u0113ts, lai nov\u0113rstu fotoboj\u0101jumus un noveco\u0161an\u0101s paz\u012bmes, tostarp tum\u0161us plankumus un \u0101das bl\u0101vumu.<br data-start=\"226\" data-end=\"229\" \/>Inovat\u012bv\u0101 <strong data-start=\"239\" data-end=\"250\">oil-gel<\/strong> tekst\u016bra apvieno kop\u0161anu, aizsardz\u012bbu un vieglu mirdzumu, pie\u0161\u0137irot \u0101dai vesel\u012bgu, vienm\u0113r\u012bgu un starojo\u0161u izskatu.<\/p>\n<p data-start=\"370\" data-end=\"850\">Formula satur ekskluz\u012bvu se\u0161u p\u0113r\u013cu mikroda\u013ci\u0146u kombin\u0101ciju, kas maigi atstaro gaismu un rada smalku dabisku mirdzumu.<br data-start=\"488\" data-end=\"491\" \/>Patent\u0113tais <strong data-start=\"503\" data-end=\"517\">Fernblock\u00ae<\/strong> komplekss (Polypodium leucotomos ekstrakts) nodro\u0161ina antioksidantu aizsardz\u012bbu, neitraliz\u0113 br\u012bvos radik\u0101\u013cus un pal\u012bdz nov\u0113rst saules izrais\u012btus boj\u0101jumus.<br data-start=\"673\" data-end=\"676\" \/>Produkts aizsarg\u0101 \u0101du pret \u010detriem starojuma veidiem &#8211; <strong data-start=\"731\" data-end=\"775\">UVA, UVB, redzamo un infrasarkano (IR-A)<\/strong> &#8211; pal\u012bdzot nov\u0113rst fotonoveco\u0161anos un saglab\u0101t \u0101das elast\u012bbu un gludumu.<\/p>\n<p data-start=\"852\" data-end=\"1087\">Viegl\u0101 tekst\u016bra \u0101tri uzs\u016bcas, neatst\u0101j lip\u012bgumu vai taukainu sp\u012bdumu, pie\u0161\u0137ir \u0101dai smalku arom\u0101tu un dabisku mirdzumu.<br data-start=\"970\" data-end=\"973\" \/>Ide\u0101li piem\u0113rots jebkuram \u0101das tonim un sezonai \u2013 gan pirmaj\u0101m saules dien\u0101m, gan skaista iedeguma saglab\u0101\u0161anai.<\/p>\n<p data-start=\"1089\" data-end=\"1110\"><strong data-start=\"1089\" data-end=\"1101\">Tilpums:<\/strong> 100 ml<\/p>\n","protected":false},"excerpt":{"rendered":"<p data-start=\"1412\" data-end=\"1477\">Maigs saules aizsarg\u0101jo\u0161s \u0137erme\u0146a e\u013c\u013cas\u2013g\u0113ls ar mirdzuma efektu<\/p>\n<h2 data-start=\"1479\" data-end=\"1824\"><strong data-start=\"1479\" data-end=\"1539\">\u012apa\u0161\u012bbas Cantabria Labs &#8211; Heliocare 360\u00ba Body Glow SPF50<\/strong><\/h2>\n<p data-start=\"1479\" data-end=\"1824\">\u2714\ufe0f Nodro\u0161ina \u013coti augstu aizsardz\u012bbu pret UVA, UVB, IR un redzamo gaismu<br data-start=\"1614\" data-end=\"1617\" \/>\u2714\ufe0f Nov\u0113r\u0161 fotonoveco\u0161anos un pigmenta plankumu veido\u0161anos<br data-start=\"1674\" data-end=\"1677\" \/>\u2714\ufe0f Pie\u0161\u0137ir \u0101dai maigu mirdzumu un vieglu iedeguma efektu<br data-start=\"1733\" data-end=\"1736\" \/>\u2714\ufe0f Padara \u0101du glud\u0101ku un elast\u012bg\u0101ku<br data-start=\"1771\" data-end=\"1774\" \/>\u2714\ufe0f Saglab\u0101 \u0101du mitrin\u0101tu un starojo\u0161u visu dienu<\/p>\n","protected":false},"featured_media":65370,"template":"","meta":[],"pwb-brand":[1201],"product_brand":[],"product_cat":[757,731],"product_tag":[],"giftcard-category":[],"class_list":{"0":"post-56857","1":"product","2":"type-product","3":"status-publish","4":"has-post-thumbnail","6":"pwb-brand-cantabria-labs-lv","7":"product_cat-kermena-kopsana","8":"product_cat-spf-aizsardziba","10":"first","11":"instock","12":"taxable","13":"shipping-taxable","14":"purchasable","15":"product-type-simple"},"acf":[],"brands":[{"id":1201,"name":"Cantabria Labs","slug":"cantabria-labs-lv"}],"_links":{"self":[{"href":"https:\/\/skinstudio.ee\/lv\/wp-json\/wp\/v2\/product\/56857","targetHints":{"allow":["GET"]}}],"collection":[{"href":"https:\/\/skinstudio.ee\/lv\/wp-json\/wp\/v2\/product"}],"about":[{"href":"https:\/\/skinstudio.ee\/lv\/wp-json\/wp\/v2\/types\/product"}],"version-history":[{"count":0,"href":"https:\/\/skinstudio.ee\/lv\/wp-json\/wp\/v2\/product\/56857\/revisions"}],"wp:featuredmedia":[{"embeddable":true,"href":"https:\/\/skinstudio.ee\/lv\/wp-json\/wp\/v2\/media\/65370"}],"wp:attachment":[{"href":"https:\/\/skinstudio.ee\/lv\/wp-json\/wp\/v2\/media?parent=56857"}],"wp:term":[{"taxonomy":"pwb-brand","embeddable":true,"href":"https:\/\/skinstudio.ee\/lv\/wp-json\/wp\/v2\/pwb-brand?post=56857"},{"taxonomy":"product_brand","embeddable":true,"href":"https:\/\/skinstudio.ee\/lv\/wp-json\/wp\/v2\/product_brand?post=56857"},{"taxonomy":"product_cat","embeddable":true,"href":"https:\/\/skinstudio.ee\/lv\/wp-json\/wp\/v2\/product_cat?post=56857"},{"taxonomy":"product_tag","embeddable":true,"href":"https:\/\/skinstudio.ee\/lv\/wp-json\/wp\/v2\/product_tag?post=56857"},{"taxonomy":"giftcard-category","embeddable":true,"href":"https:\/\/skinstudio.ee\/lv\/wp-json\/wp\/v2\/giftcard-category?post=56857"}],"curies":[{"name":"wp","href":"https:\/\/api.w.org\/{rel}","templated":true}]}}