{"id":56892,"date":"2025-11-03T10:58:04","date_gmt":"2025-11-03T10:58:04","guid":{"rendered":"https:\/\/skinstudio.ee\/?post_type=product&#038;p=56892"},"modified":"2025-12-18T13:27:18","modified_gmt":"2025-12-18T13:27:18","slug":"heliocare-360o-invisible-spray-spf50","status":"publish","type":"product","link":"https:\/\/skinstudio.ee\/lv\/catalog\/cantabria-labs-lv\/heliocare-360o-invisible-spray-spf50\/","title":{"rendered":"Heliocare 360\u00ba Invisible Spray SPF50+"},"content":{"rendered":"<p data-start=\"50\" data-end=\"427\"><strong data-start=\"50\" data-end=\"91\">Heliocare 360\u00ba Invisible Spray SPF50+<\/strong> ir inovat\u012bvs caursp\u012bd\u012bgs saules aizsargl\u012bdzeklis \u0137ermenim, kas paredz\u0113ts tiem, kuri mekl\u0113 uzticamu, \u0113rtu un neman\u0101mu aizsardz\u012bbu pret sauli. T\u0101s uzlabot\u0101 formula nodro\u0161ina pla\u0161a spektra <strong data-start=\"278\" data-end=\"300\">SPF50+ aizsardz\u012bbu<\/strong> pret UVA, UVB, redzamo un infrasarkano starojumu, pal\u012bdzot nov\u0113rst fotonoveco\u0161anos, pigment\u0101cijas plankumus un \u0101das sausumu.<\/p>\n<p data-start=\"429\" data-end=\"719\">Pateicoties <strong data-start=\"441\" data-end=\"466\">WET SKIN tehnolo\u0123ijai<\/strong>, spreju var uzkl\u0101t pat uz mitras \u0101das \u2013 ide\u0101li p\u0113c peld\u0113\u0161an\u0101s vai treni\u0146a. <strong data-start=\"542\" data-end=\"583\">Heliocare 360\u00ba Invisible Spray SPF50+<\/strong> veido vieglu, neman\u0101mu pl\u012bvuru, kas acumirkl\u012b ies\u016bcas, neatst\u0101j lip\u012bgumu vai baltas p\u0113das, pie\u0161\u0137irot \u0101dai svaiguma un t\u012br\u012bbas saj\u016btu.<\/p>\n<p data-start=\"721\" data-end=\"1008\">Patentin\u0101tais antioksidantu komplekss <strong data-start=\"759\" data-end=\"774\">Fernblock\u00ae+<\/strong> aizsarg\u0101 \u0161\u016bnas no UV boj\u0101jumiem, neitraliz\u0113 br\u012bvos radik\u0101\u013cus un pal\u012bdz \u0101dai atjaunoties p\u0113c saules iedarb\u012bbas. Sprejs ir iztur\u012bgs pret \u016bdeni, smilt\u012bm un sviedriem, padarot to par ide\u0101lu izv\u0113li akt\u012bvai atp\u016btai un sportam br\u012bv\u0101 dab\u0101.<\/p>\n<p data-start=\"1010\" data-end=\"1031\"><strong data-start=\"1010\" data-end=\"1022\">Tilpums:<\/strong> 200 ml<\/p>\n","protected":false},"excerpt":{"rendered":"<p data-start=\"1359\" data-end=\"1409\">Viegls caursp\u012bd\u012bgs saules aizsargsprejs \u0137ermenim<\/p>\n<h2 data-start=\"1411\" data-end=\"1766\"><strong data-start=\"1411\" data-end=\"1478\">\u012apa\u0161\u012bbas Cantabria Labs &#8211; Heliocare 360\u00ba Invisible Spray SPF50+<\/strong><\/h2>\n<p data-start=\"1411\" data-end=\"1766\">\u2714\ufe0f Nodro\u0161ina piln\u012bgu aizsardz\u012bbu pret UVA, UVB, IR un redzamo gaismu<br data-start=\"1549\" data-end=\"1552\" \/>\u2714\ufe0f Var lietot ar\u012b uz mitras \u0101das \u2013 WET SKIN tehnolo\u0123ija<br data-start=\"1607\" data-end=\"1610\" \/>\u2714\ufe0f \u0100tri ies\u016bcas, neatst\u0101j taukainu vai lip\u012bgu saj\u016btu<br data-start=\"1662\" data-end=\"1665\" \/>\u2714\ufe0f Iztur\u012bgs pret \u016bdeni, smilt\u012bm un sviedriem<br data-start=\"1709\" data-end=\"1712\" \/>\u2714\ufe0f Ide\u0101li piem\u0113rots akt\u012bvai atp\u016btai un sportam saul\u0113<\/p>\n","protected":false},"featured_media":84383,"template":"","meta":[],"pwb-brand":[1201],"product_brand":[],"product_cat":[757,731],"product_tag":[],"giftcard-category":[],"class_list":{"0":"post-56892","1":"product","2":"type-product","3":"status-publish","4":"has-post-thumbnail","6":"pwb-brand-cantabria-labs-lv","7":"product_cat-kermena-kopsana","8":"product_cat-spf-aizsardziba","10":"first","11":"instock","12":"taxable","13":"shipping-taxable","14":"purchasable","15":"product-type-simple"},"acf":[],"brands":[{"id":1201,"name":"Cantabria Labs","slug":"cantabria-labs-lv"}],"_links":{"self":[{"href":"https:\/\/skinstudio.ee\/lv\/wp-json\/wp\/v2\/product\/56892","targetHints":{"allow":["GET"]}}],"collection":[{"href":"https:\/\/skinstudio.ee\/lv\/wp-json\/wp\/v2\/product"}],"about":[{"href":"https:\/\/skinstudio.ee\/lv\/wp-json\/wp\/v2\/types\/product"}],"version-history":[{"count":0,"href":"https:\/\/skinstudio.ee\/lv\/wp-json\/wp\/v2\/product\/56892\/revisions"}],"wp:featuredmedia":[{"embeddable":true,"href":"https:\/\/skinstudio.ee\/lv\/wp-json\/wp\/v2\/media\/84383"}],"wp:attachment":[{"href":"https:\/\/skinstudio.ee\/lv\/wp-json\/wp\/v2\/media?parent=56892"}],"wp:term":[{"taxonomy":"pwb-brand","embeddable":true,"href":"https:\/\/skinstudio.ee\/lv\/wp-json\/wp\/v2\/pwb-brand?post=56892"},{"taxonomy":"product_brand","embeddable":true,"href":"https:\/\/skinstudio.ee\/lv\/wp-json\/wp\/v2\/product_brand?post=56892"},{"taxonomy":"product_cat","embeddable":true,"href":"https:\/\/skinstudio.ee\/lv\/wp-json\/wp\/v2\/product_cat?post=56892"},{"taxonomy":"product_tag","embeddable":true,"href":"https:\/\/skinstudio.ee\/lv\/wp-json\/wp\/v2\/product_tag?post=56892"},{"taxonomy":"giftcard-category","embeddable":true,"href":"https:\/\/skinstudio.ee\/lv\/wp-json\/wp\/v2\/giftcard-category?post=56892"}],"curies":[{"name":"wp","href":"https:\/\/api.w.org\/{rel}","templated":true}]}}