{"id":56908,"date":"2025-11-03T11:10:11","date_gmt":"2025-11-03T11:10:11","guid":{"rendered":"https:\/\/skinstudio.ee\/?post_type=product&#038;p=56908"},"modified":"2026-04-09T09:25:03","modified_gmt":"2026-04-09T09:25:03","slug":"heliocare-advanced-gel","status":"publish","type":"product","link":"https:\/\/skinstudio.ee\/lv\/catalog\/cantabria-labs-lv\/heliocare-advanced-gel\/","title":{"rendered":"Heliocare Advanced Gel"},"content":{"rendered":"<p data-start=\"35\" data-end=\"379\"><strong data-start=\"35\" data-end=\"61\">Heliocare Advanced Gel<\/strong> ir inovat\u012bvs jaun\u0101s paaudzes saules aizsargg\u0113ls, kas nodro\u0161ina piln\u012bgu aizsardz\u012bbu pret UVA, UVB, redzamo un infrasarkano starojumu. T\u0101s atsvaidzino\u0161\u0101 g\u0113la tekst\u016bra acumirkl\u012b ies\u016bcas, neatst\u0101jot lip\u012bgu vai taukainu saj\u016btu, savuk\u0101rt \u016bdens un sviedru notur\u012bg\u0101 formula padara to ide\u0101li piem\u0113rotu akt\u012bvai atp\u016btai saul\u0113.<\/p>\n<p data-start=\"381\" data-end=\"774\">Pateicoties patent\u0113tajai <strong data-start=\"406\" data-end=\"425\">ASPA-Fernblock\u00ae<\/strong> tehnolo\u0123ijai, kas ieg\u016bta no <em data-start=\"454\" data-end=\"477\">Polypodium leucotomos<\/em> papardes ekstrakta, l\u012bdzeklis efekt\u012bvi nov\u0113r\u0161 un atjauno saules boj\u0101jumus, neitraliz\u0113 br\u012bvos radik\u0101\u013cus un pal\u012bdz uztur\u0113t vesel\u012bgu D vitam\u012bna funkciju. <strong data-start=\"629\" data-end=\"655\">Heliocare Advanced Gel<\/strong> pastiprina SPF aizsardz\u012bbu un pagarina \u0101das dabisko aizsardz\u012bbu, saglab\u0101jot to mitrin\u0101tu un svaigu pat karst\u0101 laik\u0101.<\/p>\n<p data-start=\"776\" data-end=\"797\"><strong data-start=\"776\" data-end=\"788\">Tilpums: <\/strong>100 ml \/ 250 ml<\/p>\n","protected":false},"excerpt":{"rendered":"<p data-start=\"1072\" data-end=\"1116\">Viegls un atsvaidzino\u0161s saules aizsargg\u0113ls<\/p>\n<h2 data-start=\"1118\" data-end=\"1458\"><strong data-start=\"1118\" data-end=\"1170\">\u012apa\u0161\u012bbas Cantabria Labs &#8211; Heliocare Advanced Gel<\/strong><\/h2>\n<p data-start=\"1118\" data-end=\"1458\">\u2714\ufe0f Nodro\u0161ina aizsardz\u012bbu pret UVA, UVB, IR un redzamo gaismu<br data-start=\"1233\" data-end=\"1236\" \/>\u2714\ufe0f Nov\u0113r\u0161 fotobo\u0101jumus un oksidat\u012bvo stresu<br data-start=\"1279\" data-end=\"1282\" \/>\u2714\ufe0f Neitraliz\u0113 br\u012bvos radik\u0101\u013cus un veicina \u0161\u016bnu atjauno\u0161anos<br data-start=\"1341\" data-end=\"1344\" \/>\u2714\ufe0f Atbalsta D vitam\u012bna funkciju un pastiprina SPF aizsardz\u012bbu<br data-start=\"1405\" data-end=\"1408\" \/>\u2714\ufe0f \u0100tri ies\u016bcas, padarot \u0101du svaigu un mitrin\u0101tu<\/p>\n","protected":false},"featured_media":65355,"template":"","meta":[],"pwb-brand":[1201],"product_brand":[],"product_cat":[757,731],"product_tag":[],"giftcard-category":[],"class_list":{"0":"post-56908","1":"product","2":"type-product","3":"status-publish","4":"has-post-thumbnail","6":"pwb-brand-cantabria-labs-lv","7":"product_cat-kermena-kopsana","8":"product_cat-spf-aizsardziba","9":"pa_suurus-100ml-lv","10":"pa_suurus-250ml-lv","12":"first","13":"instock","14":"taxable","15":"shipping-taxable","16":"purchasable","17":"product-type-variable"},"acf":[],"brands":[{"id":1201,"name":"Cantabria Labs","slug":"cantabria-labs-lv"}],"_links":{"self":[{"href":"https:\/\/skinstudio.ee\/lv\/wp-json\/wp\/v2\/product\/56908","targetHints":{"allow":["GET"]}}],"collection":[{"href":"https:\/\/skinstudio.ee\/lv\/wp-json\/wp\/v2\/product"}],"about":[{"href":"https:\/\/skinstudio.ee\/lv\/wp-json\/wp\/v2\/types\/product"}],"version-history":[{"count":1,"href":"https:\/\/skinstudio.ee\/lv\/wp-json\/wp\/v2\/product\/56908\/revisions"}],"predecessor-version":[{"id":90096,"href":"https:\/\/skinstudio.ee\/lv\/wp-json\/wp\/v2\/product\/56908\/revisions\/90096"}],"wp:featuredmedia":[{"embeddable":true,"href":"https:\/\/skinstudio.ee\/lv\/wp-json\/wp\/v2\/media\/65355"}],"wp:attachment":[{"href":"https:\/\/skinstudio.ee\/lv\/wp-json\/wp\/v2\/media?parent=56908"}],"wp:term":[{"taxonomy":"pwb-brand","embeddable":true,"href":"https:\/\/skinstudio.ee\/lv\/wp-json\/wp\/v2\/pwb-brand?post=56908"},{"taxonomy":"product_brand","embeddable":true,"href":"https:\/\/skinstudio.ee\/lv\/wp-json\/wp\/v2\/product_brand?post=56908"},{"taxonomy":"product_cat","embeddable":true,"href":"https:\/\/skinstudio.ee\/lv\/wp-json\/wp\/v2\/product_cat?post=56908"},{"taxonomy":"product_tag","embeddable":true,"href":"https:\/\/skinstudio.ee\/lv\/wp-json\/wp\/v2\/product_tag?post=56908"},{"taxonomy":"giftcard-category","embeddable":true,"href":"https:\/\/skinstudio.ee\/lv\/wp-json\/wp\/v2\/giftcard-category?post=56908"}],"curies":[{"name":"wp","href":"https:\/\/api.w.org\/{rel}","templated":true}]}}