{"id":56971,"date":"2025-11-03T13:41:57","date_gmt":"2025-11-03T13:41:57","guid":{"rendered":"https:\/\/skinstudio.ee\/?post_type=product&#038;p=56971"},"modified":"2025-12-18T13:27:18","modified_gmt":"2025-12-18T13:27:18","slug":"heliocare-color-gelcream-spf50","status":"publish","type":"product","link":"https:\/\/skinstudio.ee\/lv\/catalog\/cantabria-labs-lv\/heliocare-color-gelcream-spf50\/","title":{"rendered":"Heliocare Color Gelcream SPF50"},"content":{"rendered":"<p data-start=\"43\" data-end=\"381\"><strong data-start=\"43\" data-end=\"77\">Heliocare Color Gelcream SPF50<\/strong> ir inovat\u012bvs ton\u0113ts saules aizsargkr\u0113ms, kas apvieno augsta l\u012bme\u0146a aizsardz\u012bbu un vieglu meikapu vien\u0101 sol\u012b. Formula ar patent\u0113to <strong data-start=\"208\" data-end=\"222\">Fernblock\u00ae<\/strong> tehnolo\u0123iju, sp\u0113c\u012bgiem antioksidantiem un moderniem UV filtriem pal\u012bdz nov\u0113rst fotonoveco\u0161anos, pigment\u0101ciju un \u0161\u016bnu boj\u0101jumus, ko izraisa saules iedarb\u012bba.<\/p>\n<p data-start=\"383\" data-end=\"591\">T\u0101 viegl\u0101, mitrino\u0161\u0101 un nekomedog\u0113n\u0101 tekst\u016bra nodro\u0161ina vienm\u0113r\u012bgu p\u0101rkl\u0101jumu, izl\u012bdzina \u0101das toni un pie\u0161\u0137ir sejai dabisku mirdzumu. Ide\u0101li piem\u0113rots ikdienas lieto\u0161anai k\u0101 meikapa b\u0101ze.<\/p>\n<p data-start=\"593\" data-end=\"613\"><strong data-start=\"593\" data-end=\"605\">Tilpums:<\/strong> 50 ml<\/p>\n","protected":false},"excerpt":{"rendered":"<p data-start=\"976\" data-end=\"1034\">Ton\u0113ts saules aizsargkr\u0113ms ar augstu aizsardz\u012bbas l\u012bmeni<\/p>\n<h2 data-start=\"1036\" data-end=\"1345\"><strong data-start=\"1036\" data-end=\"1096\">\u012apa\u0161\u012bbas Cantabria Labs &#8211; Heliocare Color Gelcream SPF50<\/strong><\/h2>\n<p data-start=\"1036\" data-end=\"1345\">\u2714\ufe0f Nodro\u0161ina uzticamu UVA un UVB aizsardz\u012bbu<br data-start=\"1143\" data-end=\"1146\" \/>\u2714\ufe0f Izl\u012bdzina \u0101das toni un pie\u0161\u0137ir dabisku mirdzumu<br data-start=\"1196\" data-end=\"1199\" \/>\u2714\ufe0f Mitrina un neaizsprosto poras<br data-start=\"1231\" data-end=\"1234\" \/>\u2714\ufe0f Apvieno \u0101das kop\u0161anu, SPF un meikapu vien\u0101 sol\u012b<br data-start=\"1284\" data-end=\"1287\" \/>\u2714\ufe0f Ide\u0101li piem\u0113rots ikdienas lieto\u0161anai k\u0101 ton\u0113ts flu\u012bds<\/p>\n","protected":false},"featured_media":65340,"template":"","meta":[],"pwb-brand":[1201],"product_brand":[],"product_cat":[770,731],"product_tag":[],"giftcard-category":[],"class_list":{"0":"post-56971","1":"product","2":"type-product","3":"status-publish","4":"has-post-thumbnail","6":"pwb-brand-cantabria-labs-lv","7":"product_cat-grims","8":"product_cat-spf-aizsardziba","10":"first","11":"instock","12":"taxable","13":"shipping-taxable","14":"purchasable","15":"product-type-variable"},"acf":[],"brands":[{"id":1201,"name":"Cantabria Labs","slug":"cantabria-labs-lv"}],"_links":{"self":[{"href":"https:\/\/skinstudio.ee\/lv\/wp-json\/wp\/v2\/product\/56971","targetHints":{"allow":["GET"]}}],"collection":[{"href":"https:\/\/skinstudio.ee\/lv\/wp-json\/wp\/v2\/product"}],"about":[{"href":"https:\/\/skinstudio.ee\/lv\/wp-json\/wp\/v2\/types\/product"}],"version-history":[{"count":0,"href":"https:\/\/skinstudio.ee\/lv\/wp-json\/wp\/v2\/product\/56971\/revisions"}],"wp:featuredmedia":[{"embeddable":true,"href":"https:\/\/skinstudio.ee\/lv\/wp-json\/wp\/v2\/media\/65340"}],"wp:attachment":[{"href":"https:\/\/skinstudio.ee\/lv\/wp-json\/wp\/v2\/media?parent=56971"}],"wp:term":[{"taxonomy":"pwb-brand","embeddable":true,"href":"https:\/\/skinstudio.ee\/lv\/wp-json\/wp\/v2\/pwb-brand?post=56971"},{"taxonomy":"product_brand","embeddable":true,"href":"https:\/\/skinstudio.ee\/lv\/wp-json\/wp\/v2\/product_brand?post=56971"},{"taxonomy":"product_cat","embeddable":true,"href":"https:\/\/skinstudio.ee\/lv\/wp-json\/wp\/v2\/product_cat?post=56971"},{"taxonomy":"product_tag","embeddable":true,"href":"https:\/\/skinstudio.ee\/lv\/wp-json\/wp\/v2\/product_tag?post=56971"},{"taxonomy":"giftcard-category","embeddable":true,"href":"https:\/\/skinstudio.ee\/lv\/wp-json\/wp\/v2\/giftcard-category?post=56971"}],"curies":[{"name":"wp","href":"https:\/\/api.w.org\/{rel}","templated":true}]}}