{"id":57030,"date":"2025-11-03T14:12:12","date_gmt":"2025-11-03T14:12:12","guid":{"rendered":"https:\/\/skinstudio.ee\/?post_type=product&#038;p=57030"},"modified":"2026-04-15T09:04:52","modified_gmt":"2026-04-15T09:04:52","slug":"heliocare-360o-d-plus","status":"publish","type":"product","link":"https:\/\/skinstudio.ee\/lv\/catalog\/cantabria-labs-lv\/heliocare-360o-d-plus\/","title":{"rendered":"Heliocare 360\u00ba D Plus"},"content":{"rendered":"<p data-start=\"86\" data-end=\"203\"><strong data-start=\"86\" data-end=\"203\">Heliocare 360\u00ba D Plus no Cantabria Labs &#8211; uztura bag\u0101tin\u0101t\u0101js ar vitam\u012bnu un augu izcelsmes komponentu kompleksu.<\/strong><\/p>\n<p data-start=\"205\" data-end=\"383\">Formula paredz\u0113ta ikdienas lieto\u0161anai un satur sast\u0101vda\u013cas, kuras pla\u0161i izmanto uztura bag\u0101tin\u0101t\u0101jos. Kapsulu forma nodro\u0161ina \u0113rtu lieto\u0161anu un ir piem\u0113rota regul\u0101rai lieto\u0161anai.<\/p>\n<p data-start=\"385\" data-end=\"548\">Sast\u0101v\u0101 ir augu ekstrakts Polypodium leucotomos (Fernblock\u00ae+), D vitam\u012bns, E vitam\u012bns un niac\u012bnam\u012bds (vitam\u012bns B3). Produkts piem\u0113rots iek\u013cau\u0161anai ikdienas uztur\u0101.<\/p>\n<p data-start=\"550\" data-end=\"745\"><strong data-start=\"550\" data-end=\"568\">Ra\u017eots Eirop\u0101.<\/strong><br data-start=\"568\" data-end=\"571\" \/><strong data-start=\"571\" data-end=\"592\">Der\u012bguma termi\u0146\u0161:<\/strong> skat\u012bt uz iepakojuma<br data-start=\"613\" data-end=\"616\" \/><strong data-start=\"616\" data-end=\"642\">Uzglab\u0101\u0161anas apst\u0101k\u013ci:<\/strong> uzglab\u0101t cie\u0161i nosl\u0113gtu saus\u0101, v\u0113s\u0101 viet\u0101, prom no tie\u0161iem saules stariem<br data-start=\"716\" data-end=\"719\" \/><strong data-start=\"719\" data-end=\"731\">Tilpums:<\/strong> 30 kapsulas<\/p>\n","protected":false},"excerpt":{"rendered":"<p data-start=\"1244\" data-end=\"1273\">Kapsulu uztura bag\u0101tin\u0101t\u0101js<\/p>\n<h2 data-start=\"1275\" data-end=\"1326\"><strong data-start=\"1275\" data-end=\"1326\">\u012apa\u0161\u012bbas Cantabria Labs &#8211; Heliocare 360\u00ba D Plus<\/strong><\/h2>\n<p data-start=\"1328\" data-end=\"1528\">\u2714\ufe0f D un E vitam\u012bnu, k\u0101 ar\u012b niac\u012bnam\u012bda komplekss<br data-start=\"1376\" data-end=\"1379\" \/>\u2714\ufe0f Polypodium leucotomos augu ekstrakts sast\u0101v\u0101<br data-start=\"1426\" data-end=\"1429\" \/>\u2714\ufe0f Kapsulu forma \u0113rtai lieto\u0161anai<br data-start=\"1462\" data-end=\"1465\" \/>\u2714\ufe0f Piem\u0113rots ikdienas lieto\u0161anai<br data-start=\"1497\" data-end=\"1500\" \/>\u2714\ufe0f Daudzkomponentu sast\u0101vs<\/p>\n","protected":false},"featured_media":65330,"template":"","meta":[],"pwb-brand":[1201],"product_brand":[],"product_cat":[731,768],"product_tag":[],"giftcard-category":[],"class_list":{"0":"post-57030","1":"product","2":"type-product","3":"status-publish","4":"has-post-thumbnail","6":"pwb-brand-cantabria-labs-lv","7":"product_cat-spf-aizsardziba","8":"product_cat-vitamini","10":"first","11":"instock","12":"taxable","13":"shipping-taxable","14":"purchasable","15":"product-type-simple"},"acf":[],"brands":[{"id":1201,"name":"Cantabria Labs","slug":"cantabria-labs-lv"}],"_links":{"self":[{"href":"https:\/\/skinstudio.ee\/lv\/wp-json\/wp\/v2\/product\/57030","targetHints":{"allow":["GET"]}}],"collection":[{"href":"https:\/\/skinstudio.ee\/lv\/wp-json\/wp\/v2\/product"}],"about":[{"href":"https:\/\/skinstudio.ee\/lv\/wp-json\/wp\/v2\/types\/product"}],"version-history":[{"count":1,"href":"https:\/\/skinstudio.ee\/lv\/wp-json\/wp\/v2\/product\/57030\/revisions"}],"predecessor-version":[{"id":90924,"href":"https:\/\/skinstudio.ee\/lv\/wp-json\/wp\/v2\/product\/57030\/revisions\/90924"}],"wp:featuredmedia":[{"embeddable":true,"href":"https:\/\/skinstudio.ee\/lv\/wp-json\/wp\/v2\/media\/65330"}],"wp:attachment":[{"href":"https:\/\/skinstudio.ee\/lv\/wp-json\/wp\/v2\/media?parent=57030"}],"wp:term":[{"taxonomy":"pwb-brand","embeddable":true,"href":"https:\/\/skinstudio.ee\/lv\/wp-json\/wp\/v2\/pwb-brand?post=57030"},{"taxonomy":"product_brand","embeddable":true,"href":"https:\/\/skinstudio.ee\/lv\/wp-json\/wp\/v2\/product_brand?post=57030"},{"taxonomy":"product_cat","embeddable":true,"href":"https:\/\/skinstudio.ee\/lv\/wp-json\/wp\/v2\/product_cat?post=57030"},{"taxonomy":"product_tag","embeddable":true,"href":"https:\/\/skinstudio.ee\/lv\/wp-json\/wp\/v2\/product_tag?post=57030"},{"taxonomy":"giftcard-category","embeddable":true,"href":"https:\/\/skinstudio.ee\/lv\/wp-json\/wp\/v2\/giftcard-category?post=57030"}],"curies":[{"name":"wp","href":"https:\/\/api.w.org\/{rel}","templated":true}]}}