{"id":57090,"date":"2025-11-03T15:25:09","date_gmt":"2025-11-03T15:25:09","guid":{"rendered":"https:\/\/skinstudio.ee\/?post_type=product&#038;p=57090"},"modified":"2025-12-18T13:27:19","modified_gmt":"2025-12-18T13:27:19","slug":"biretix-cleanser","status":"publish","type":"product","link":"https:\/\/skinstudio.ee\/lv\/catalog\/cantabria-labs-lv\/biretix-cleanser\/","title":{"rendered":"Biretix Cleanser"},"content":{"rendered":"<p data-start=\"248\" data-end=\"487\"><strong data-start=\"248\" data-end=\"268\">Biretix Cleanser<\/strong> ir profesion\u0101ls att\u012bro\u0161s gels, kas \u012bpa\u0161i izstr\u0101d\u0101ts taukainai, kombin\u0113tai un aknei pak\u013cautai \u0101dai. Tas dzi\u013ci att\u012bra poras, kontrol\u0113 sebuma izdal\u012b\u0161anos un pal\u012bdz nov\u0113rst iekaisumus, nesaboj\u0101jot \u0101das dabisko l\u012bdzsvaru.<\/p>\n<p data-start=\"489\" data-end=\"807\">Patent\u0113tais <strong data-start=\"501\" data-end=\"524\">BIOPEP-15 komplekss<\/strong> regul\u0113 \u0101das mikrobiomu, samazinot bakt\u0113riju vairo\u0161anos, kas izraisa izsitumus, un veicina poru att\u012br\u012b\u0161anu. Antioksidanti un nomierino\u0161as sast\u0101vda\u013cas, tostarp augu ekstrakti, maigi no\u0146em net\u012brumus, kosm\u0113tikas atlikumus un lieko tauku sl\u0101ni, neizraisot sausuma vai savilkuma saj\u016btu.<\/p>\n<p data-start=\"809\" data-end=\"1103\">Regul\u0101ra <strong data-start=\"818\" data-end=\"838\">Biretix Cleanser<\/strong> lieto\u0161ana pal\u012bdz \u0101dai palikt t\u012brai, mat\u0113tai un svaigai, vienlaikus saglab\u0101jot t\u0101s mitruma l\u012bmeni. Lieliski piem\u0113rots gan pusaud\u017eiem, gan pieaugu\u0161ajiem ar problem\u0101tisku \u0101du, k\u0101 ar\u012b k\u0101 pirmais solis <strong data-start=\"1036\" data-end=\"1054\">Cantabria Labs<\/strong>profesion\u0101laj\u0101 <strong data-start=\"1070\" data-end=\"1081\">Biretix<\/strong> kop\u0161anas programm\u0101.<\/p>\n<p data-start=\"1105\" data-end=\"1126\"><strong data-start=\"1105\" data-end=\"1117\">Tilpums:<\/strong> 200 ml \/ 400 ml<\/p>\n","protected":false},"excerpt":{"rendered":"<p data-start=\"1344\" data-end=\"1397\">Att\u012bro\u0161s l\u012bdzeklis taukainai un problem\u0101tiskai \u0101dai<\/p>\n<h2 data-start=\"1399\" data-end=\"1708\"><strong data-start=\"1399\" data-end=\"1445\">\u012apa\u0161\u012bbas Cantabria Labs &#8211; Biretix Cleanser<\/strong><\/h2>\n<p data-start=\"1399\" data-end=\"1708\">\u2714\ufe0f Dzi\u013ci att\u012bra poras un likvid\u0113 lieko sebumu<br data-start=\"1493\" data-end=\"1496\" \/>\u2714\ufe0f Samazina bakt\u0113rijas, kas izraisa iekaisumus<br data-start=\"1542\" data-end=\"1545\" \/>\u2714\ufe0f Normaliz\u0113 sebuma izdal\u012b\u0161anos un pal\u012bdz nov\u0113rst akni<br data-start=\"1599\" data-end=\"1602\" \/>\u2714\ufe0f Nomierina \u0101du un saglab\u0101 mitruma l\u012bdzsvaru<br data-start=\"1647\" data-end=\"1650\" \/>\u2714\ufe0f Nodro\u0161ina svaiguma un komforta saj\u016btu p\u0113c att\u012br\u012b\u0161anas<\/p>\n","protected":false},"featured_media":65318,"template":"","meta":[],"pwb-brand":[1201],"product_brand":[],"product_cat":[715,747],"product_tag":[],"giftcard-category":[],"class_list":{"0":"post-57090","1":"product","2":"type-product","3":"status-publish","4":"has-post-thumbnail","6":"pwb-brand-cantabria-labs-lv","7":"product_cat-attirisana","8":"product_cat-taukainai-adai","9":"pa_suurus-200ml-lv","10":"pa_suurus-400ml-lv","12":"first","13":"instock","14":"sale","15":"taxable","16":"shipping-taxable","17":"purchasable","18":"product-type-variable"},"acf":[],"brands":[{"id":1201,"name":"Cantabria Labs","slug":"cantabria-labs-lv"}],"_links":{"self":[{"href":"https:\/\/skinstudio.ee\/lv\/wp-json\/wp\/v2\/product\/57090","targetHints":{"allow":["GET"]}}],"collection":[{"href":"https:\/\/skinstudio.ee\/lv\/wp-json\/wp\/v2\/product"}],"about":[{"href":"https:\/\/skinstudio.ee\/lv\/wp-json\/wp\/v2\/types\/product"}],"version-history":[{"count":0,"href":"https:\/\/skinstudio.ee\/lv\/wp-json\/wp\/v2\/product\/57090\/revisions"}],"wp:featuredmedia":[{"embeddable":true,"href":"https:\/\/skinstudio.ee\/lv\/wp-json\/wp\/v2\/media\/65318"}],"wp:attachment":[{"href":"https:\/\/skinstudio.ee\/lv\/wp-json\/wp\/v2\/media?parent=57090"}],"wp:term":[{"taxonomy":"pwb-brand","embeddable":true,"href":"https:\/\/skinstudio.ee\/lv\/wp-json\/wp\/v2\/pwb-brand?post=57090"},{"taxonomy":"product_brand","embeddable":true,"href":"https:\/\/skinstudio.ee\/lv\/wp-json\/wp\/v2\/product_brand?post=57090"},{"taxonomy":"product_cat","embeddable":true,"href":"https:\/\/skinstudio.ee\/lv\/wp-json\/wp\/v2\/product_cat?post=57090"},{"taxonomy":"product_tag","embeddable":true,"href":"https:\/\/skinstudio.ee\/lv\/wp-json\/wp\/v2\/product_tag?post=57090"},{"taxonomy":"giftcard-category","embeddable":true,"href":"https:\/\/skinstudio.ee\/lv\/wp-json\/wp\/v2\/giftcard-category?post=57090"}],"curies":[{"name":"wp","href":"https:\/\/api.w.org\/{rel}","templated":true}]}}