{"id":57111,"date":"2025-11-03T15:35:34","date_gmt":"2025-11-03T15:35:34","guid":{"rendered":"https:\/\/skinstudio.ee\/?post_type=product&#038;p=57111"},"modified":"2025-12-18T13:27:19","modified_gmt":"2025-12-18T13:27:19","slug":"biretix-micropeel","status":"publish","type":"product","link":"https:\/\/skinstudio.ee\/lv\/catalog\/cantabria-labs-lv\/biretix-micropeel\/","title":{"rendered":"Biretix Micropeel"},"content":{"rendered":"<p data-start=\"196\" data-end=\"494\"><strong data-start=\"196\" data-end=\"217\">Biretix Micropeel<\/strong> ir maigs p\u012blinga gels, kas paredz\u0113ts dzi\u013cai taukainas un aknei pak\u013cautas \u0101das att\u012br\u012b\u0161anai. T\u0101 formula apvieno dabiskos p\u012blinga l\u012bdzek\u013cus un augu ekstraktus, kas efekt\u012bvi no\u0146em atmiru\u0161\u0101s \u0101das \u0161\u016bnas, nov\u0113r\u0161 poru aizs\u0113r\u0113\u0161anu un uzlabo \u0101das tekst\u016bru, padarot to svaigu un gludu.<\/p>\n<p data-start=\"496\" data-end=\"897\">V\u012btolu mizas ekstrakts, kas bag\u0101ts ar salic\u012bnu, maigi stimul\u0113 \u0161\u016bnu atjauno\u0161anos un pal\u012bdz att\u012br\u012bt \u0101du bez kairin\u0101juma. Dabiskie bambusa p\u012blinga graudi\u0146i maigi nopul\u0113 \u0101das virsmu, savuk\u0101rt kumel\u012b\u0161u ekstrakts nomierina \u0101du un mazina iekaisumu. Pateicoties \u0161\u012bm akt\u012bvaj\u0101m sast\u0101vda\u013c\u0101m, <strong data-start=\"777\" data-end=\"798\">Biretix Micropeel<\/strong> pal\u012bdz mazin\u0101t aps\u0101rtumu, regul\u0113 sebuma izdal\u012b\u0161anos un padara \u0101du redzami t\u012br\u0101ku un starojo\u0161\u0101ku.<\/p>\n<p data-start=\"899\" data-end=\"1037\">Regul\u0101ra lieto\u0161ana uzlabo \u0101das st\u0101vokli, pastiprina turpm\u0101k\u0101s kop\u0161anas l\u012bdzek\u013cu efektivit\u0101ti un pal\u012bdz saglab\u0101t vesel\u012bgu, koptu izskatu.<\/p>\n<p data-start=\"1039\" data-end=\"1059\"><strong data-start=\"1039\" data-end=\"1051\">Tilpums:<\/strong> 50 ml<\/p>\n","protected":false},"excerpt":{"rendered":"<p data-start=\"1242\" data-end=\"1289\">P\u012blinga gels \u0101das atjauno\u0161anai un att\u012br\u012b\u0161anai<\/p>\n<h2 data-start=\"1291\" data-end=\"1557\"><strong data-start=\"1291\" data-end=\"1338\">\u012apa\u0161\u012bbas Cantabria Labs &#8211; Biretix Micropeel<\/strong><\/h2>\n<p data-start=\"1291\" data-end=\"1557\">\u2714\ufe0f Maigi no\u0146em atmiru\u0161\u0101s \u0161\u016bnas un net\u012brumus<br data-start=\"1384\" data-end=\"1387\" \/>\u2714\ufe0f Nov\u0113r\u0161 poru aizs\u0113r\u0113\u0161anu un iekaisumu<br data-start=\"1426\" data-end=\"1429\" \/>\u2714\ufe0f Samazina aps\u0101rtumu un regul\u0113 sebuma izdal\u012b\u0161anos<br data-start=\"1479\" data-end=\"1482\" \/>\u2714\ufe0f Uzlabo \u0101das tekst\u016bru un toni<br data-start=\"1513\" data-end=\"1516\" \/>\u2714\ufe0f Padara \u0101du maigu, gludu un starojo\u0161u<\/p>\n","protected":false},"featured_media":65313,"template":"","meta":[],"pwb-brand":[1201],"product_brand":[],"product_cat":[745,719],"product_tag":[],"giftcard-category":[],"class_list":{"0":"post-57111","1":"product","2":"type-product","3":"status-publish","4":"has-post-thumbnail","6":"pwb-brand-cantabria-labs-lv","7":"product_cat-jutigai-adai","8":"product_cat-skrubji-un-pilingi","10":"first","11":"instock","12":"taxable","13":"shipping-taxable","14":"purchasable","15":"product-type-simple"},"acf":[],"brands":[{"id":1201,"name":"Cantabria Labs","slug":"cantabria-labs-lv"}],"_links":{"self":[{"href":"https:\/\/skinstudio.ee\/lv\/wp-json\/wp\/v2\/product\/57111","targetHints":{"allow":["GET"]}}],"collection":[{"href":"https:\/\/skinstudio.ee\/lv\/wp-json\/wp\/v2\/product"}],"about":[{"href":"https:\/\/skinstudio.ee\/lv\/wp-json\/wp\/v2\/types\/product"}],"version-history":[{"count":0,"href":"https:\/\/skinstudio.ee\/lv\/wp-json\/wp\/v2\/product\/57111\/revisions"}],"wp:featuredmedia":[{"embeddable":true,"href":"https:\/\/skinstudio.ee\/lv\/wp-json\/wp\/v2\/media\/65313"}],"wp:attachment":[{"href":"https:\/\/skinstudio.ee\/lv\/wp-json\/wp\/v2\/media?parent=57111"}],"wp:term":[{"taxonomy":"pwb-brand","embeddable":true,"href":"https:\/\/skinstudio.ee\/lv\/wp-json\/wp\/v2\/pwb-brand?post=57111"},{"taxonomy":"product_brand","embeddable":true,"href":"https:\/\/skinstudio.ee\/lv\/wp-json\/wp\/v2\/product_brand?post=57111"},{"taxonomy":"product_cat","embeddable":true,"href":"https:\/\/skinstudio.ee\/lv\/wp-json\/wp\/v2\/product_cat?post=57111"},{"taxonomy":"product_tag","embeddable":true,"href":"https:\/\/skinstudio.ee\/lv\/wp-json\/wp\/v2\/product_tag?post=57111"},{"taxonomy":"giftcard-category","embeddable":true,"href":"https:\/\/skinstudio.ee\/lv\/wp-json\/wp\/v2\/giftcard-category?post=57111"}],"curies":[{"name":"wp","href":"https:\/\/api.w.org\/{rel}","templated":true}]}}