{"id":57177,"date":"2025-11-03T16:00:44","date_gmt":"2025-11-03T16:00:44","guid":{"rendered":"https:\/\/skinstudio.ee\/?post_type=product&#038;p=57177"},"modified":"2025-12-18T13:27:19","modified_gmt":"2025-12-18T13:27:19","slug":"biretix-mask","status":"publish","type":"product","link":"https:\/\/skinstudio.ee\/lv\/catalog\/cantabria-labs-lv\/biretix-mask\/","title":{"rendered":"Biretix Mask"},"content":{"rendered":"<p data-start=\"288\" data-end=\"469\"><strong data-start=\"288\" data-end=\"304\">Biretix Mask<\/strong> ir sebuma regul\u0113jo\u0161a att\u012bro\u0161a maska, kas dzi\u013ci att\u012bra poras, normaliz\u0113 tauku dziedzeru darb\u012bbu un pal\u012bdz mazin\u0101t iekaisumus, saglab\u0101jot \u0101du svaigu un l\u012bdzsvarotu.<\/p>\n<p data-start=\"471\" data-end=\"730\">Formula ar patent\u0113to <strong data-start=\"492\" data-end=\"519\">RetinSphere\u00ae Technology<\/strong> apvieno maigu \u0161\u016bnu atjauno\u0161anu un sebuma regul\u0113jo\u0161u iedarb\u012bbu, att\u012brot \u0101du bez kairin\u0101juma. Baltie m\u0101li absorb\u0113 lieko \u0101das tauku daudzumu, att\u012bra poras un samazina to redzam\u012bbu, padarot \u0101du glud\u0101ku un mat\u0113tu.<\/p>\n<p data-start=\"732\" data-end=\"884\"><strong data-start=\"732\" data-end=\"748\">Biretix Mask<\/strong> pal\u012bdz nov\u0113rst poru aizs\u0113r\u0113\u0161anu un veicina \u0101das t\u012br\u012bbu un vienm\u0113r\u012bgumu. Regul\u0101ra lieto\u0161ana padara \u0101du t\u012br\u0101ku, maig\u0101ku un starojo\u0161\u0101ku.<\/p>\n<p data-start=\"886\" data-end=\"906\"><strong data-start=\"886\" data-end=\"898\">Tilpums:<\/strong> 25 ml<\/p>\n","protected":false},"excerpt":{"rendered":"<p data-start=\"1108\" data-end=\"1133\">Sebuma regul\u0113jo\u0161a maska<\/p>\n<h2 data-start=\"1135\" data-end=\"1419\"><strong data-start=\"1135\" data-end=\"1177\">\u012apa\u0161\u012bbas Cantabria Labs &#8211; Biretix Mask<\/strong><\/h2>\n<p data-start=\"1135\" data-end=\"1419\">\u2714\ufe0f Dzi\u013ci att\u012bra poras un samazina to redzam\u012bbu<br data-start=\"1226\" data-end=\"1229\" \/>\u2714\ufe0f Regul\u0113 sebuma izdal\u012b\u0161anos un padara \u0101du mat\u0113tu<br data-start=\"1278\" data-end=\"1281\" \/>\u2714\ufe0f Nov\u0113r\u0161 iekaisumus un \u0101das nepiln\u012bbas<br data-start=\"1320\" data-end=\"1323\" \/>\u2714\ufe0f Atsvaidzina un izl\u012bdzina \u0101das virsmu<br data-start=\"1362\" data-end=\"1365\" \/>\u2714\ufe0f Uzlabo \u0101das tekst\u016bru un pie\u0161\u0137ir vesel\u012bgu mirdzumu<\/p>\n","protected":false},"featured_media":65303,"template":"","meta":[],"pwb-brand":[1201],"product_brand":[],"product_cat":[741,725,747],"product_tag":[],"giftcard-category":[],"class_list":{"0":"post-57177","1":"product","2":"type-product","3":"status-publish","4":"has-post-thumbnail","6":"pwb-brand-cantabria-labs-lv","7":"product_cat-izsitumi","8":"product_cat-maskas","9":"product_cat-taukainai-adai","11":"first","12":"instock","13":"taxable","14":"shipping-taxable","15":"purchasable","16":"product-type-simple"},"acf":[],"brands":[{"id":1201,"name":"Cantabria Labs","slug":"cantabria-labs-lv"}],"_links":{"self":[{"href":"https:\/\/skinstudio.ee\/lv\/wp-json\/wp\/v2\/product\/57177","targetHints":{"allow":["GET"]}}],"collection":[{"href":"https:\/\/skinstudio.ee\/lv\/wp-json\/wp\/v2\/product"}],"about":[{"href":"https:\/\/skinstudio.ee\/lv\/wp-json\/wp\/v2\/types\/product"}],"version-history":[{"count":0,"href":"https:\/\/skinstudio.ee\/lv\/wp-json\/wp\/v2\/product\/57177\/revisions"}],"wp:featuredmedia":[{"embeddable":true,"href":"https:\/\/skinstudio.ee\/lv\/wp-json\/wp\/v2\/media\/65303"}],"wp:attachment":[{"href":"https:\/\/skinstudio.ee\/lv\/wp-json\/wp\/v2\/media?parent=57177"}],"wp:term":[{"taxonomy":"pwb-brand","embeddable":true,"href":"https:\/\/skinstudio.ee\/lv\/wp-json\/wp\/v2\/pwb-brand?post=57177"},{"taxonomy":"product_brand","embeddable":true,"href":"https:\/\/skinstudio.ee\/lv\/wp-json\/wp\/v2\/product_brand?post=57177"},{"taxonomy":"product_cat","embeddable":true,"href":"https:\/\/skinstudio.ee\/lv\/wp-json\/wp\/v2\/product_cat?post=57177"},{"taxonomy":"product_tag","embeddable":true,"href":"https:\/\/skinstudio.ee\/lv\/wp-json\/wp\/v2\/product_tag?post=57177"},{"taxonomy":"giftcard-category","embeddable":true,"href":"https:\/\/skinstudio.ee\/lv\/wp-json\/wp\/v2\/giftcard-category?post=57177"}],"curies":[{"name":"wp","href":"https:\/\/api.w.org\/{rel}","templated":true}]}}