{"id":57193,"date":"2025-11-03T16:10:21","date_gmt":"2025-11-03T16:10:21","guid":{"rendered":"https:\/\/skinstudio.ee\/?post_type=product&#038;p=57193"},"modified":"2025-12-18T13:27:19","modified_gmt":"2025-12-18T13:27:19","slug":"biretix-dermatological-bar","status":"publish","type":"product","link":"https:\/\/skinstudio.ee\/lv\/catalog\/cantabria-labs-lv\/biretix-dermatological-bar\/","title":{"rendered":"BIRETIX Dermatological Bar"},"content":{"rendered":"<p data-start=\"21\" data-end=\"289\"><strong data-start=\"21\" data-end=\"51\">Biretix Dermatological Bar<\/strong> ir profesion\u0101la dermatolo\u0123iska t\u012br\u012b\u0161anas ziepju formula, kas nodro\u0161ina dzi\u013cu, bet saudz\u012bgu att\u012br\u012b\u0161anu. T\u0101s inovat\u012bvais sast\u0101vs efekt\u012bvi no\u0146em net\u012brumus, regul\u0113 sebuma izdal\u012b\u0161anos un pal\u012bdz uztur\u0113t dabisko \u0101das l\u012bdzsvaru, nesausinot to.<\/p>\n<p data-start=\"291\" data-end=\"514\"><strong data-start=\"291\" data-end=\"313\">Syndet tehnolo\u0123ija<\/strong> nodro\u0161ina maigu, bet efekt\u012bvu t\u012br\u012b\u0161anu ar viegl\u0101m put\u0101m, kas nesaboj\u0101 \u0101das dabisko pH l\u012bmeni. Antibakteri\u0101las un sebuma regul\u0113jo\u0161as sast\u0101vda\u013cas samazina sp\u012bdumu, att\u012bra poras un uzlabo \u0101das izskatu.<\/p>\n<p data-start=\"516\" data-end=\"675\">Regul\u0101ra <strong data-start=\"525\" data-end=\"555\">Biretix Dermatological Bar<\/strong> lieto\u0161ana padara \u0101du t\u012bru, svaigu un l\u012bdzsvarotu, nodro\u0161inot komforta un gluduma saj\u016btu p\u0113c katras mazg\u0101\u0161anas reizes.<\/p>\n<p data-start=\"677\" data-end=\"696\"><strong data-start=\"677\" data-end=\"689\">Tilpums:<\/strong> 80 g<\/p>\n","protected":false},"excerpt":{"rendered":"<p data-start=\"937\" data-end=\"968\">Att\u012bro\u0161a dermatolo\u0123iska ziepe<\/p>\n<h2 data-start=\"970\" data-end=\"1273\"><strong data-start=\"970\" data-end=\"1026\">\u012apa\u0161\u012bbas Cantabria Labs &#8211; Biretix Dermatological Bar<\/strong><\/h2>\n<p data-start=\"970\" data-end=\"1273\">\u2714\ufe0f Dzi\u013ci att\u012bra \u0101du, saglab\u0101jot pH l\u012bdzsvaru<br data-start=\"1073\" data-end=\"1076\" \/>\u2714\ufe0f Samazina sp\u012bdumu un regul\u0113 sebuma izdal\u012b\u0161anos<br data-start=\"1124\" data-end=\"1127\" \/>\u2714\ufe0f Nodro\u0161ina antibakteri\u0101lu iedarb\u012bbu un att\u012bra poras<br data-start=\"1180\" data-end=\"1183\" \/>\u2714\ufe0f Saglab\u0101 \u0101du gludu, maigu un svaigu<br data-start=\"1220\" data-end=\"1223\" \/>\u2714\ufe0f Atjauno \u0101das l\u012bdzsvaru un uzlabo t\u0101s tekst\u016bru<\/p>\n","protected":false},"featured_media":65298,"template":"","meta":[],"pwb-brand":[1201],"product_brand":[],"product_cat":[715,747],"product_tag":[],"giftcard-category":[],"class_list":{"0":"post-57193","1":"product","2":"type-product","3":"status-publish","4":"has-post-thumbnail","6":"pwb-brand-cantabria-labs-lv","7":"product_cat-attirisana","8":"product_cat-taukaina-ada","10":"first","11":"instock","12":"sale","13":"taxable","14":"shipping-taxable","15":"purchasable","16":"product-type-simple"},"acf":[],"brands":[{"id":1201,"name":"Cantabria Labs","slug":"cantabria-labs-lv"}],"_links":{"self":[{"href":"https:\/\/skinstudio.ee\/lv\/wp-json\/wp\/v2\/product\/57193","targetHints":{"allow":["GET"]}}],"collection":[{"href":"https:\/\/skinstudio.ee\/lv\/wp-json\/wp\/v2\/product"}],"about":[{"href":"https:\/\/skinstudio.ee\/lv\/wp-json\/wp\/v2\/types\/product"}],"version-history":[{"count":0,"href":"https:\/\/skinstudio.ee\/lv\/wp-json\/wp\/v2\/product\/57193\/revisions"}],"wp:featuredmedia":[{"embeddable":true,"href":"https:\/\/skinstudio.ee\/lv\/wp-json\/wp\/v2\/media\/65298"}],"wp:attachment":[{"href":"https:\/\/skinstudio.ee\/lv\/wp-json\/wp\/v2\/media?parent=57193"}],"wp:term":[{"taxonomy":"pwb-brand","embeddable":true,"href":"https:\/\/skinstudio.ee\/lv\/wp-json\/wp\/v2\/pwb-brand?post=57193"},{"taxonomy":"product_brand","embeddable":true,"href":"https:\/\/skinstudio.ee\/lv\/wp-json\/wp\/v2\/product_brand?post=57193"},{"taxonomy":"product_cat","embeddable":true,"href":"https:\/\/skinstudio.ee\/lv\/wp-json\/wp\/v2\/product_cat?post=57193"},{"taxonomy":"product_tag","embeddable":true,"href":"https:\/\/skinstudio.ee\/lv\/wp-json\/wp\/v2\/product_tag?post=57193"},{"taxonomy":"giftcard-category","embeddable":true,"href":"https:\/\/skinstudio.ee\/lv\/wp-json\/wp\/v2\/giftcard-category?post=57193"}],"curies":[{"name":"wp","href":"https:\/\/api.w.org\/{rel}","templated":true}]}}